{"id":28,"date":"2024-07-14T01:36:12","date_gmt":"2024-07-14T01:36:12","guid":{"rendered":"http:\/\/weightlossandfatloss.com\/contact\/"},"modified":"2025-08-29T11:47:12","modified_gmt":"2025-08-29T11:47:12","slug":"how-do-weight-loss-drugs-work","status":"publish","type":"page","link":"https:\/\/onlinepharm.eu\/ro\/how-do-weight-loss-drugs-work\/","title":{"rendered":"a lua legatura"},"content":{"rendered":"<div class=\"wp-block-uagb-container uagb-block-dde5c922 alignfull uagb-is-root-container\">\n<div class=\"wp-block-uagb-container uagb-block-b618de5d\">\n<div class=\"wp-block-uagb-advanced-heading uagb-block-1d772575\"><h2 class=\"uagb-heading-text\">Cum func\u021bioneaz\u0103 medicamentele pentru pierderea \u00een greutate? Lua\u021bi leg\u0103tura cu exper\u021bii no\u0219tri \u00een pierderea \u00een greutate<\/h2><\/div>\n<\/div>\n<\/div>\n\n\n\n<div class=\"wp-block-uagb-container uagb-block-4b0b8f05 alignfull uagb-is-root-container\"><div class=\"uagb-container-inner-blocks-wrap\">\n<div class=\"wp-block-uagb-advanced-heading uagb-block-ab53c455\"><h2 class=\"uagb-heading-text\">Contacta\u0163i-ne<\/h2><p class=\"uagb-desc-text\">Ne-am bucura sa primim vesti de la tine. Contacta\u021bi-ne pentru orice \u00eentreb\u0103ri.<\/p><\/div>\n\n\n\n<div class=\"wp-block-uagb-container uagb-block-69e826b6 alignfull uagb-is-root-container\"><div class=\"uagb-container-inner-blocks-wrap\">\n<div class=\"wp-block-uagb-container uagb-block-766bbd82\">\n<div class=\"wp-block-uagb-forms uagb-forms__outer-wrap uagb-block-dc66265a uagb-forms__medium-btn\"><form class=\"uagb-forms-main-form\" method=\"post\" autocomplete=\"on\" name=\"uagb-form-dc66265a\" action=\"\">\n<div class=\"wp-block-uagb-forms-name uagb-forms-name-wrap uagb-forms-field-set uagb-block-7af00aa6 uag-col-2\"><div class=\"uagb-forms-name-label required uagb-forms-input-label\" id=\"7af00aa6\">Nume<\/div><input type=\"text\" placeholder=\"Nume\" required class=\"uagb-forms-name-input uagb-forms-input\" name=\"7af00aa6\" autocomplete=\"given-name\"\/><\/div>\n\n\n\n<div class=\"wp-block-uagb-forms-name uagb-forms-name-wrap uagb-forms-field-set uagb-block-5c857b06 uag-col-2\"><div class=\"uagb-forms-name-label required uagb-forms-input-label\" id=\"5c857b06\">Nume<\/div><input type=\"text\" placeholder=\"Nume\" required class=\"uagb-forms-name-input uagb-forms-input\" name=\"5c857b06\" autocomplete=\"family-name\"\/><\/div>\n\n\n\n<div class=\"wp-block-uagb-forms-email uagb-forms-email-wrap uagb-forms-field-set uagb-block-994c997d\"><div class=\"uagb-forms-email-label  uagb-forms-input-label\" id=\"994c997d\">E-mail<\/div><input type=\"email\" class=\"uagb-forms-email-input uagb-forms-input\" placeholder=\"Adresa de e-mail\" name=\"994c997d\" autocomplete=\"email\"\/><\/div>\n\n\n\n<div class=\"wp-block-uagb-forms-textarea uagb-forms-textarea-wrap uagb-forms-field-set uagb-block-0a048b09\"><div class=\"uagb-forms-textarea-label required uagb-forms-input-label\" id=\"0a048b09\">Mesaj<\/div><textarea required class=\"uagb-forms-textarea-input uagb-forms-input\" rows=\"4\" placeholder=\"Scrie-ti mesajul...\" name=\"0a048b09\" autocomplete=\"off\"><\/textarea><\/div>\n<div class=\"uagb-forms-form-hidden-data\"><input type=\"hidden\" class=\"uagb_forms_form_label\" value=\"Spectra Form\"\/><input type=\"hidden\" class=\"uagb_forms_form_id\" value=\"uagb-form-dc66265a\"\/><\/div><div class=\"uagb-form-reacaptcha-error-dc66265a\"><\/div><div class=\"uagb-forms-main-submit-button-wrap wp-block-button\"><button class=\"uagb-forms-main-submit-button wp-block-button__link\"><div class=\"uagb-forms-main-submit-button-text\">Trimite<\/div><\/button><\/div><input type=\"hidden\" name=\"trp-form-language\" value=\"ro\"\/><\/form><div class=\"uagb-forms-success-message-dc66265a uagb-forms-submit-message-hide\"><span>Formularul a fost trimis cu succes!<\/span><\/div><div class=\"uagb-forms-failed-message-dc66265a uagb-forms-submit-message-hide\"><span>A ap\u0103rut o eroare la trimiterea formularului. V\u0103 rug\u0103m s\u0103 verifica\u021bi din nou toate c\u00e2mpurile formularului.<\/span><\/div><\/div>\n<\/div>\n\n\n\n<div class=\"wp-block-uagb-container uagb-block-71a265c9\">\n<div class=\"wp-block-uagb-advanced-heading uagb-block-f98dc221\"><h2 class=\"uagb-heading-text\">Formular de contact<\/h2><p class=\"uagb-desc-text\">Completa\u021bi formularul de mai jos pentru a intra \u00een contact cu echipa noastr\u0103. Vom r\u0103spunde c\u00e2t mai cur\u00e2nd posibil<a href=\"https:\/\/foxpharma.co.uk\/\" target=\"_blank\" rel=\"noopener\">.<\/a><\/p><\/div>\n\n\n\n<div class=\"wp-block-uagb-advanced-heading uagb-block-ede53926\"><h3 class=\"uagb-heading-text\">R\u0103m\u00e2i conectat<\/h3><\/div>\n\n\n\n<div class=\"wp-block-uagb-icon-list uagb-block-398dfdc8\"><div class=\"uagb-icon-list__wrap\">\n<div class=\"wp-block-uagb-icon-list-child uagb-block-3f5927f3\"><span class=\"uagb-icon-list__source-wrap\"><svg xmlns=\"https:\/\/www.w3.org\/2000\/svg\" viewbox=\"0 0 512 512\"><path d=\"M464 64C490.5 64 512 85.49 512 112C512 127.1 504.9 141.3 492.8 150.4L275.2 313.6C263.8 322.1 248.2 322.1 236.8 313.6L19.2 150.4C7.113 141.3 0 127.1 0 112C0 85.49 21.49 64 48 64H464zM217.6 339.2C240.4 356.3 271.6 356.3 294.4 339.2L512 176V384C512 419.3 483.3 448 448 448H64C28.65 448 0 419.3 0 384V176L217.6 339.2z\"><\/path><\/svg><\/span><span class=\"uagb-icon-list__label\">info@onlinepharm.eu<\/span><\/div>\n\n\n\n<div class=\"wp-block-uagb-icon-list-child uagb-block-bd9accdf\"><\/div>\n\n\n\n<div class=\"wp-block-uagb-icon-list-child uagb-block-c355edaa\"><span class=\"uagb-icon-list__source-wrap\"><svg xmlns=\"https:\/\/www.w3.org\/2000\/svg\" viewbox=\"0 0 384 512\"><path d=\"M168.3 499.2C116.1 435 0 279.4 0 192C0 85.96 85.96 0 192 0C298 0 384 85.96 384 192C384 279.4 267 435 215.7 499.2C203.4 514.5 180.6 514.5 168.3 499.2H168.3zM192 256C227.3 256 256 227.3 256 192C256 156.7 227.3 128 192 128C156.7 128 128 156.7 128 192C128 227.3 156.7 256 192 256z\"><\/path><\/svg><\/span><span class=\"uagb-icon-list__label\">1072 AD Amsterdam, Netherlands<\/span><\/div>\n<\/div><\/div>\n\n\n\n<div class=\"wp-block-uagb-advanced-heading uagb-block-344dae70\"><\/div>\n\n\n\n<div class=\"wp-block-uagb-icon-list uagb-block-27cb2f14\"><div class=\"uagb-icon-list__wrap\">\n<div class=\"wp-block-uagb-icon-list-child uagb-block-fd15eccd\"><a target=\"_self\" aria-label=\"List item\" rel=\"noopener noreferrer\" href=\"#\"> <\/a><\/div>\n\n\n\n<div class=\"wp-block-uagb-icon-list-child uagb-block-9fb35515\"><a target=\"_self\" aria-label=\"List item\" rel=\"noopener noreferrer\" href=\"#\"> <\/a><\/div>\n\n\n\n<div class=\"wp-block-uagb-icon-list-child uagb-block-d1934bf2\"><a target=\"_self\" aria-label=\"List item\" rel=\"noopener noreferrer\" href=\"#\"> <\/a><\/div>\n\n\n\n<div class=\"wp-block-uagb-icon-list-child uagb-block-c601cc54\"><a target=\"_self\" aria-label=\"List item\" rel=\"noopener noreferrer\" href=\"#\"> <\/a><\/div>\n\n\n\n<div class=\"wp-block-uagb-icon-list-child uagb-block-ddbda12f\"><\/div>\n<\/div><\/div>\n<\/div>\n<\/div><\/div>\n\n\n\n<div class=\"wp-block-uagb-container uagb-block-017c7aa9\">\n<div class=\"wp-block-uagb-container uagb-block-29396489\">\n<div class=\"wp-block-uagb-advanced-heading uagb-block-8298781b\"><h3 class=\"uagb-heading-text\">Biroul din London <\/h3><\/div>\n\n\n\n<div class=\"wp-block-uagb-icon-list uagb-block-c099329c\"><div class=\"uagb-icon-list__wrap\">\n<div class=\"wp-block-uagb-icon-list-child uagb-block-52b59bb4\"><span class=\"uagb-icon-list__source-wrap\"><svg xmlns=\"https:\/\/www.w3.org\/2000\/svg\" viewbox=\"0 0 512 512\"><path d=\"M464 64C490.5 64 512 85.49 512 112C512 127.1 504.9 141.3 492.8 150.4L275.2 313.6C263.8 322.1 248.2 322.1 236.8 313.6L19.2 150.4C7.113 141.3 0 127.1 0 112C0 85.49 21.49 64 48 64H464zM217.6 339.2C240.4 356.3 271.6 356.3 294.4 339.2L512 176V384C512 419.3 483.3 448 448 448H64C28.65 448 0 419.3 0 384V176L217.6 339.2z\"><\/path><\/svg><\/span><span class=\"uagb-icon-list__label\">london@onlinepharm.eu<\/span><\/div>\n\n\n\n<div class=\"wp-block-uagb-icon-list-child uagb-block-29411609\"><span class=\"uagb-icon-list__label\">Coming 2026<\/span><\/div>\n<\/div><\/div>\n<\/div>\n\n\n\n<div class=\"wp-block-uagb-container uagb-block-908e2e26\">\n<div class=\"wp-block-uagb-advanced-heading uagb-block-ac5434f7\"><h3 class=\"uagb-heading-text\">Biroul din Dublin<\/h3><\/div>\n\n\n\n<div class=\"wp-block-uagb-icon-list uagb-block-f8cf19c8\"><div class=\"uagb-icon-list__wrap\">\n<div class=\"wp-block-uagb-icon-list-child uagb-block-5f0d2b19\"><span class=\"uagb-icon-list__source-wrap\"><svg xmlns=\"https:\/\/www.w3.org\/2000\/svg\" viewbox=\"0 0 512 512\"><path d=\"M464 64C490.5 64 512 85.49 512 112C512 127.1 504.9 141.3 492.8 150.4L275.2 313.6C263.8 322.1 248.2 322.1 236.8 313.6L19.2 150.4C7.113 141.3 0 127.1 0 112C0 85.49 21.49 64 48 64H464zM217.6 339.2C240.4 356.3 271.6 356.3 294.4 339.2L512 176V384C512 419.3 483.3 448 448 448H64C28.65 448 0 419.3 0 384V176L217.6 339.2z\"><\/path><\/svg><\/span><span class=\"uagb-icon-list__label\">Dublin@onlinepharm.eu<\/span><\/div>\n\n\n\n<div class=\"wp-block-uagb-icon-list-child uagb-block-3fe6f032\"><span class=\"uagb-icon-list__label\">Coming 2026<\/span><\/div>\n<\/div><\/div>\n<\/div>\n\n\n\n<div class=\"wp-block-uagb-container uagb-block-b22fff7f\">\n<div class=\"wp-block-uagb-advanced-heading uagb-block-ff860470\"><h3 class=\"uagb-heading-text\">Biroul din Paris<\/h3><\/div>\n\n\n\n<div class=\"wp-block-uagb-icon-list uagb-block-e1066460\"><div class=\"uagb-icon-list__wrap\">\n<div class=\"wp-block-uagb-icon-list-child uagb-block-46853fdd\"><span class=\"uagb-icon-list__source-wrap\"><svg xmlns=\"https:\/\/www.w3.org\/2000\/svg\" viewbox=\"0 0 512 512\"><path d=\"M464 64C490.5 64 512 85.49 512 112C512 127.1 504.9 141.3 492.8 150.4L275.2 313.6C263.8 322.1 248.2 322.1 236.8 313.6L19.2 150.4C7.113 141.3 0 127.1 0 112C0 85.49 21.49 64 48 64H464zM217.6 339.2C240.4 356.3 271.6 356.3 294.4 339.2L512 176V384C512 419.3 483.3 448 448 448H64C28.65 448 0 419.3 0 384V176L217.6 339.2z\"><\/path><\/svg><\/span><span class=\"uagb-icon-list__label\">Paris@onlinepharm.eu<\/span><\/div>\n\n\n\n<div class=\"wp-block-uagb-icon-list-child uagb-block-1a42ccb0\"><span class=\"uagb-icon-list__label\">Coming 2026<\/span><\/div>\n<\/div><\/div>\n<\/div>\n<\/div>\n<\/div><\/div>\n\n\n\n<div class=\"wp-block-uagb-container uagb-block-4e224ada alignfull uagb-is-root-container\"><div class=\"uagb-container-inner-blocks-wrap\">\n<div class=\"wp-block-uagb-advanced-heading uagb-block-82728486\"><h2 class=\"uagb-heading-text\">\u00eentreb\u0103ri frecvente<\/h2><p class=\"uagb-desc-text\">G\u0103si\u021bi r\u0103spunsuri la \u00eentreb\u0103rile frecvente despre injec\u021biile noastre de sl\u0103bit.<\/p><\/div>\n\n\n\n<figure class=\"wp-block-image size-large is-resized\"><img loading=\"lazy\" decoding=\"async\" width=\"1024\" height=\"683\" src=\"http:\/\/weightlossandfatloss.com\/wp-content\/uploads\/2024\/07\/ozempic-od-1-1024x683.webp\" alt=\"Cum func\u021bioneaz\u0103 medicamentele pentru pierderea \u00een greutate?\" class=\"wp-image-1683\" style=\"width:528px;height:auto\" srcset=\"https:\/\/onlinepharm.eu\/wp-content\/uploads\/2024\/07\/ozempic-od-1-1024x683.webp 1024w, https:\/\/onlinepharm.eu\/wp-content\/uploads\/2024\/07\/ozempic-od-1-300x200.webp 300w, https:\/\/onlinepharm.eu\/wp-content\/uploads\/2024\/07\/ozempic-od-1-768x512.webp 768w, https:\/\/onlinepharm.eu\/wp-content\/uploads\/2024\/07\/ozempic-od-1-18x12.webp 18w, https:\/\/onlinepharm.eu\/wp-content\/uploads\/2024\/07\/ozempic-od-1-600x400.webp 600w, https:\/\/onlinepharm.eu\/wp-content\/uploads\/2024\/07\/ozempic-od-1.webp 1200w\" sizes=\"auto, (max-width: 1024px) 100vw, 1024px\" \/><\/figure>\n\n\n\n<div class=\"wp-block-uagb-container uagb-block-cf0ac3c7\">\n<div class=\"wp-block-uagb-container uagb-block-1ea6688f\">\n<div class=\"wp-block-uagb-advanced-heading uagb-block-c25f8664\"><h3 class=\"uagb-heading-text\">Care sunt efectele secundare ale injec\u021biilor de sl\u0103bit?<\/h3><p class=\"uagb-desc-text\">Reac\u021biile adverse frecvente includ grea\u021b\u0103, dureri de cap \u0219i diaree. Consulta\u021bi-v\u0103 medicul pentru mai multe informa\u021bii.<\/p><\/div>\n<\/div>\n\n\n\n<div class=\"wp-block-uagb-container uagb-block-2d271026\">\n<div class=\"wp-block-uagb-advanced-heading uagb-block-f6e5a025\"><h3 class=\"uagb-heading-text\">C\u00e2t dureaz\u0103 injec\u021biile de sl\u0103bit?<\/h3><p class=\"uagb-desc-text\">Durata variaz\u0103 \u00een func\u021bie de injec\u021bie. Ozempic dureaz\u0103 p\u00e2n\u0103 la o s\u0103pt\u0103m\u00e2n\u0103, \u00een timp ce Wegovy dureaz\u0103 dou\u0103 s\u0103pt\u0103m\u00e2ni.<\/p><\/div>\n<\/div>\n\n\n\n<div class=\"wp-block-uagb-container uagb-block-348e541a\">\n<div class=\"wp-block-uagb-advanced-heading uagb-block-3e65cc82\"><h3 class=\"uagb-heading-text\">Sunt sigure injec\u021biile de sl\u0103bit?<\/h3><p class=\"uagb-desc-text\">Injec\u021biile de sl\u0103bit sunt aprobate de FDA \u0219i, \u00een general, sunt sigure. Cu toate acestea, este important s\u0103 consulta\u021bi un profesionist din domeniul s\u0103n\u0103t\u0103\u021bii.<\/p><\/div>\n<\/div>\n\n\n\n<div class=\"wp-block-uagb-container uagb-block-5b4a8790\">\n<div class=\"wp-block-uagb-advanced-heading uagb-block-67b57a26\"><h3 class=\"uagb-heading-text\">C\u00e2t de mult m\u0103 pot a\u0219tepta s\u0103 sl\u0103besc cu injec\u021biile?<\/h3><p class=\"uagb-desc-text\">Results vary, but you can generally expect to lose around 5-10% of your body weight over a few months<a href=\"https:\/\/app.seositecheckup.com\/\" target=\"_blank\" rel=\"noopener\">.<\/a><\/p><\/div>\n<\/div>\n<\/div>\n<\/div><\/div>\n\n\n\n<h2 class=\"wp-block-heading\" style=\"padding-top:var(--wp--preset--spacing--50);padding-bottom:var(--wp--preset--spacing--50)\">Medicamente pentru pierderea \u00een greutate: un ghid cuprinz\u0103tor<\/h2>\n\n\n\n<h3 class=\"wp-block-heading\">Ce sunt medicamentele pentru pierderea \u00een greutate?<\/h3>\n\n\n\n<p>Medicamentele pentru pierderea \u00een greutate sunt medicamente prescrise pentru a ajuta persoanele s\u0103 piard\u0103 \u00een greutate. Ele sunt utilizate de obicei \u00eempreun\u0103 cu o diet\u0103 cu con\u021binut sc\u0103zut de calorii \u0219i o activitate fizic\u0103 crescut\u0103. Aceste medicamente pot ajuta la pierderea \u00een greutate prin sc\u0103derea apetitului, cre\u0219terea senza\u021biei de sa\u021bietate sau reducerea absorb\u021biei de gr\u0103sime. Medicamentele pentru pierderea \u00een greutate sunt de obicei prescrise persoanelor care sunt obeze sau supraponderale cu afec\u021biuni de s\u0103n\u0103tate legate de greutate, cum ar fi diabetul de tip 2, hipertensiunea arterial\u0103 sau colesterolul ridicat.<\/p>\n\n\n\n<h3 class=\"wp-block-heading\">Cum func\u021bioneaz\u0103 medicamentele pentru pierderea \u00een greutate?<\/h3>\n\n\n\n<p>Medicamentele pentru pierderea \u00een greutate func\u021bioneaz\u0103 prin diferite mecanisme, \u00een func\u021bie de ingredientul activ:<\/p>\n\n\n\n<ul class=\"wp-block-list\">\n<li><strong>Suprimarea poftei de m\u00e2ncare<\/strong>: Aceste medicamente ac\u021bioneaz\u0103 asupra creierului pentru a sc\u0103dea pofta de m\u00e2ncare sau a cre\u0219te senza\u021bia de sa\u021bietate. Exemplele includ fentermina \u0219i liraglutida.<\/li>\n\n\n\n<li><strong>Inhibitori de absorb\u021bie a gr\u0103similor<\/strong>: Aceste medicamente reduc absorb\u021bia gr\u0103similor alimentare \u00een intestine. Orlistatul este un inhibitor comun al absorb\u021biei gr\u0103similor.<\/li>\n\n\n\n<li><strong>Medicamente combinate<\/strong>: Unele medicamente combin\u0103 mecanisme diferite pentru a spori pierderea \u00een greutate. De exemplu, Contrave combin\u0103 un antidepresiv cu un medicament care reduce apetitul.<\/li>\n<\/ul>\n\n\n\n<h3 class=\"wp-block-heading\">De unde pute\u021bi cump\u0103ra medicamente pentru sl\u0103bit?<\/h3>\n\n\n\n<p>Medicamentele pentru pierderea \u00een greutate sunt de obicei disponibile pe baz\u0103 de re\u021bet\u0103 \u0219i pot fi achizi\u021bionate de la farmaciile certificate. Este esen\u021bial s\u0103 consulta\u021bi un furnizor de asisten\u021b\u0103 medical\u0103 \u00eenainte de a \u00eencepe orice medicament de sl\u0103bit pentru a v\u0103 asigura c\u0103 este adecvat pentru starea dumneavoastr\u0103 de s\u0103n\u0103tate. \u00cen plus, aceste medicamente pot fi cump\u0103rate online de la farmaciile autorizate, dar este necesar\u0103 o re\u021bet\u0103 valabil\u0103.<\/p>\n\n\n\n<h3 class=\"wp-block-heading\">Efectele \u0219i beneficiile medicamentelor pentru pierderea \u00een greutate<\/h3>\n\n\n\n<ul class=\"wp-block-list\">\n<li><strong>Pierdere \u00een greutate semnificativ\u0103<\/strong>: Studiile clinice au ar\u0103tat c\u0103 medicamentele pentru sl\u0103bire pot ajuta persoanele s\u0103 piard\u0103 un procent semnificativ din greutatea corporal\u0103 atunci c\u00e2nd sunt combinate cu o diet\u0103 s\u0103n\u0103toas\u0103 \u0219i exerci\u021bii fizice.<\/li>\n\n\n\n<li><strong>Valori de s\u0103n\u0103tate \u00eembun\u0103t\u0103\u021bite<\/strong>: Aceste medicamente pot ajuta la \u00eembun\u0103t\u0103\u021birea diver\u0219ilor indicatori de s\u0103n\u0103tate, cum ar fi nivelul zah\u0103rului din s\u00e2nge, tensiunea arterial\u0103 \u0219i nivelul colesterolului.<\/li>\n\n\n\n<li><strong>Calitatea vie\u021bii \u00eembun\u0103t\u0103\u021bit\u0103<\/strong>: Ajut\u00e2nd la pierderea \u00een greutate, aceste medicamente pot ajuta la reducerea riscului de apari\u021bie a unor afec\u021biuni de s\u0103n\u0103tate legate de greutate \u0219i la \u00eembun\u0103t\u0103\u021birea bun\u0103st\u0103rii generale.<\/li>\n<\/ul>\n\n\n\n<h3 class=\"wp-block-heading\">Efecte secundare posibile ale medicamentelor pentru pierderea \u00een greutate<\/h3>\n\n\n\n<p>Efectele secundare frecvente ale medicamentelor pentru pierderea \u00een greutate variaz\u0103 \u00een func\u021bie de medicament, dar pot include grea\u021b\u0103, constipa\u021bie, diaree, gur\u0103 uscat\u0103 \u0219i ame\u021beli. Aceste efecte secundare sunt de obicei u\u0219oare \u0219i scad \u00een timp. Cu toate acestea, este esen\u021bial s\u0103 discuta\u021bi orice reac\u021bii adverse persistente sau severe cu furnizorul dumneavoastr\u0103 de asisten\u021b\u0103 medical\u0103.<\/p>\n\n\n\n<h3 class=\"wp-block-heading\">Utilizarea \u0219i administrarea medicamentelor de sl\u0103bit<\/h3>\n\n\n\n<p>Medicamentele pentru pierderea \u00een greutate sunt de obicei luate pe cale oral\u0103, fie o dat\u0103 sau de mai multe ori pe zi, \u00een func\u021bie de medicament. Este esen\u021bial s\u0103 urma\u021bi instruc\u021biunile de dozare \u0219i administrare furnizate de furnizorul dumneavoastr\u0103 de asisten\u021b\u0103 medical\u0103 pentru a ob\u021bine cele mai bune rezultate. Nu ajusta\u021bi niciodat\u0103 doza f\u0103r\u0103 a consulta medicul dumneavoastr\u0103.<\/p>\n\n\n\n<h3 class=\"wp-block-heading\">\u00eentreb\u0103ri frecvente<\/h3>\n\n\n\n<p><strong>C\u00e2t de mult po\u021bi sl\u0103bi cu medicamente pentru sl\u0103bire?<\/strong> Studiile clinice au ar\u0103tat c\u0103 persoanele care utilizeaz\u0103 medicamente pentru sl\u0103bire pot pierde un procent semnificativ din greutatea corporal\u0103, \u00een func\u021bie de medica\u021bie \u0219i de respectarea unui stil de via\u021b\u0103 s\u0103n\u0103tos.<\/p>\n\n\n\n<p><strong>Care sunt efectele secundare ale medicamentelor pentru pierderea \u00een greutate?<\/strong> Reac\u021biile adverse frecvente includ grea\u021b\u0103, constipa\u021bie, diaree, gur\u0103 uscat\u0103 \u0219i ame\u021beli. Majoritatea efectelor secundare sunt u\u0219oare \u0219i scad \u00een timp. Discuta\u021bi orice problem\u0103 persistent\u0103 cu furnizorul dvs. de asisten\u021b\u0103 medical\u0103.<\/p>\n\n\n\n<p><strong>Sunt medicamentele pentru pierderea \u00een greutate disponibile f\u0103r\u0103 prescrip\u021bie medical\u0103?<\/strong> Nu, medicamentele pentru pierderea \u00een greutate necesit\u0103 o re\u021bet\u0103 de la un furnizor de asisten\u021b\u0103 medical\u0103. Este important s\u0103 fii supus unei evalu\u0103ri medicale pentru a te asigura c\u0103 sunt sigure \u0219i adecvate pentru tine.<\/p>\n\n\n\n<p><strong>De unde pute\u021bi cump\u0103ra medicamente de sl\u0103bit online?<\/strong> Medicamentele de sl\u0103bire pot fi achizi\u021bionate online din farmaciile noastre, cu sau f\u0103r\u0103 re\u021bet\u0103. Asigura\u021bi-v\u0103 \u00eentotdeauna c\u0103 cump\u0103ra\u021bi dintr-o surs\u0103 de renume pentru a evita medicamentele contraf\u0103cute.<\/p>\n\n\n\n<p><strong>Cum ajut\u0103 medicamentele pentru pierderea \u00een greutate la pierderea \u00een greutate?<\/strong> Medicamentele pentru pierderea \u00een greutate ajut\u0103 prin sc\u0103derea poftei de m\u00e2ncare, cre\u0219terea senza\u021biei de sa\u021bietate sau reducerea absorb\u021biei gr\u0103similor, f\u0103c\u00e2nd mai u\u0219or s\u0103 urmezi o diet\u0103 s\u0103rac\u0103 \u00een calorii \u0219i s\u0103 ating\u0103 obiectivele de sl\u0103bire.<\/p>\n\n\n\n<h3 class=\"wp-block-heading\">Apel la ac\u021biune<\/h3>\n\n\n\n<p>E\u0219ti gata s\u0103 \u00eencepi c\u0103l\u0103toria ta de sl\u0103bire cu ajutorul medicamentelor de sl\u0103bire? Consulta\u021bi-v\u0103 cu un furnizor de asisten\u021b\u0103 medical\u0103 pentru a vedea care medicament este potrivit pentru dvs. Urma\u021bi instruc\u021biunile prescrise \u0219i men\u021bine\u021bi o diet\u0103 s\u0103n\u0103toas\u0103 \u0219i o rutin\u0103 de exerci\u021bii fizice pentru cele mai bune rezultate.<\/p>\n\n\n\n<h3 class=\"wp-block-heading\">Hashtag-uri<\/h3>\n\n\n\n<p>#WeightLossDrugs #BuyWeightLossMedications #WeightLossJourney #WeightLossEffects #WeightLossSideEffects #WeightLossPrescription #LoseWeightWithMedications #OrderWeightLossDrugs #HealthyLiving <a href=\"https:\/\/medyk.online\/lek\/mounjaro\/opinie\/\" target=\"_blank\" rel=\"noopener\">#<\/a>MedicalWeightLoss<\/p>\n\n\n\n<p>For more information and updates on the availability of weight loss drugs, visit our website regularly.<\/p>\n\n\n\n<div class=\"wp-block-uagb-container uagb-block-d7b60fd6 alignfull uagb-is-root-container\"><div class=\"uagb-container-inner-blocks-wrap\">\n<div class=\"wp-block-uagb-info-box uagb-block-6fdc34d4 uagb-infobox__content-wrap  uagb-infobox-icon-above-title uagb-infobox-image-valign-top\"><div class=\"uagb-ifb-content\"><div class=\"uagb-ifb-title-wrap\"><h2 class=\"uagb-ifb-title\">E\u0219ti gata s\u0103-\u021bi \u00eencepi c\u0103l\u0103toria de sl\u0103bire?<\/h2><\/div><p class=\"uagb-ifb-desc\">Online Pharm is a trusted provider of high-quality weight loss injections, helping individuals achieve their weight loss goals.<\/p><div class=\"uagb-ifb-button-wrapper wp-block-button\"><a href=\"https:\/\/onlinepharm.eu\/en\/shop\/\" class=\"uagb-infobox-cta-link wp-block-button__link\" target=\"_self\" rel=\"noopener noreferrer\" onclick=\"return true;\"><span class=\"uagb-inline-editing\">Cump\u0103r\u0103 acum<\/span><\/a><\/div><\/div><\/div>\n<\/div><\/div>","protected":false},"excerpt":{"rendered":"<p>How Do Weight Loss Drugs Work?. Get in Touch with Our Weight Loss Experts Contact Us We&#8217;d love to hear [&hellip;]<\/p>","protected":false},"author":1,"featured_media":0,"parent":0,"menu_order":0,"comment_status":"closed","ping_status":"closed","template":"","meta":{"_uag_custom_page_level_css":"","site-sidebar-layout":"default","site-content-layout":"","ast-site-content-layout":"","site-content-style":"default","site-sidebar-style":"default","ast-global-header-display":"","ast-banner-title-visibility":"","ast-main-header-display":"","ast-hfb-above-header-display":"","ast-hfb-below-header-display":"","ast-hfb-mobile-header-display":"","site-post-title":"disabled","ast-breadcrumbs-content":"","ast-featured-img":"","footer-sml-layout":"","theme-transparent-header-meta":"","adv-header-id-meta":"","stick-header-meta":"","header-above-stick-meta":"","header-main-stick-meta":"","header-below-stick-meta":"","astra-migrate-meta-layouts":"default","ast-page-background-enabled":"default","ast-page-background-meta":{"desktop":{"background-color":"var(--ast-global-color-4)","background-image":"","background-repeat":"repeat","background-position":"center center","background-size":"auto","background-attachment":"scroll","background-type":"","background-media":"","overlay-type":"","overlay-color":"","overlay-opacity":"","overlay-gradient":""},"tablet":{"background-color":"","background-image":"","background-repeat":"repeat","background-position":"center center","background-size":"auto","background-attachment":"scroll","background-type":"","background-media":"","overlay-type":"","overlay-color":"","overlay-opacity":"","overlay-gradient":""},"mobile":{"background-color":"","background-image":"","background-repeat":"repeat","background-position":"center center","background-size":"auto","background-attachment":"scroll","background-type":"","background-media":"","overlay-type":"","overlay-color":"","overlay-opacity":"","overlay-gradient":""}},"ast-content-background-meta":{"desktop":{"background-color":"var(--ast-global-color-5)","background-image":"","background-repeat":"repeat","background-position":"center center","background-size":"auto","background-attachment":"scroll","background-type":"","background-media":"","overlay-type":"","overlay-color":"","overlay-opacity":"","overlay-gradient":""},"tablet":{"background-color":"var(--ast-global-color-5)","background-image":"","background-repeat":"repeat","background-position":"center center","background-size":"auto","background-attachment":"scroll","background-type":"","background-media":"","overlay-type":"","overlay-color":"","overlay-opacity":"","overlay-gradient":""},"mobile":{"background-color":"var(--ast-global-color-5)","background-image":"","background-repeat":"repeat","background-position":"center center","background-size":"auto","background-attachment":"scroll","background-type":"","background-media":"","overlay-type":"","overlay-color":"","overlay-opacity":"","overlay-gradient":""}},"footnotes":""},"class_list":["post-28","page","type-page","status-publish","hentry"],"uagb_featured_image_src":{"full":false,"thumbnail":false,"medium":false,"medium_large":false,"large":false,"1536x1536":false,"2048x2048":false,"trp-custom-language-flag":false,"woocommerce_thumbnail":false,"woocommerce_single":false,"woocommerce_gallery_thumbnail":false},"uagb_author_info":{"display_name":"weightandfat","author_link":"https:\/\/onlinepharm.eu\/ro\/author\/weightandfat\/"},"uagb_comment_info":0,"uagb_excerpt":"How Do Weight Loss Drugs Work?. Get in Touch with Our Weight Loss Experts Contact Us We&#8217;d love to hear [&hellip;]","_links":{"self":[{"href":"https:\/\/onlinepharm.eu\/ro\/wp-json\/wp\/v2\/pages\/28","targetHints":{"allow":["GET"]}}],"collection":[{"href":"https:\/\/onlinepharm.eu\/ro\/wp-json\/wp\/v2\/pages"}],"about":[{"href":"https:\/\/onlinepharm.eu\/ro\/wp-json\/wp\/v2\/types\/page"}],"author":[{"embeddable":true,"href":"https:\/\/onlinepharm.eu\/ro\/wp-json\/wp\/v2\/users\/1"}],"replies":[{"embeddable":true,"href":"https:\/\/onlinepharm.eu\/ro\/wp-json\/wp\/v2\/comments?post=28"}],"version-history":[{"count":4,"href":"https:\/\/onlinepharm.eu\/ro\/wp-json\/wp\/v2\/pages\/28\/revisions"}],"predecessor-version":[{"id":2573,"href":"https:\/\/onlinepharm.eu\/ro\/wp-json\/wp\/v2\/pages\/28\/revisions\/2573"}],"wp:attachment":[{"href":"https:\/\/onlinepharm.eu\/ro\/wp-json\/wp\/v2\/media?parent=28"}],"curies":[{"name":"wp","href":"https:\/\/api.w.org\/{rel}","templated":true}]}}