{"id":2278,"date":"2025-03-26T00:34:53","date_gmt":"2025-03-26T00:34:53","guid":{"rendered":"https:\/\/weightlossandfatloss.com\/?page_id=2278"},"modified":"2025-03-26T02:20:10","modified_gmt":"2025-03-26T02:20:10","slug":"injectie-mounjaro","status":"publish","type":"page","link":"https:\/\/onlinepharm.eu\/ro\/injectie-mounjaro\/","title":{"rendered":"mounjaro"},"content":{"rendered":"<div class=\"wp-block-uagb-advanced-heading uagb-block-2f8257a0\"><h1 class=\"uagb-heading-text\">Injec\u021bie Mounjaro<\/h1><\/div>\n\n\n\n<div style=\"height:63px\" aria-hidden=\"true\" class=\"wp-block-spacer\"><\/div>\n\n\n\n<div class=\"wp-block-uagb-image aligncenter uagb-block-106d2fa3 wp-block-uagb-image--layout-default wp-block-uagb-image--effect-static wp-block-uagb-image--align-center\"><figure class=\"wp-block-uagb-image__figure\"><img decoding=\"async\" srcset=\"https:\/\/onlinepharm.eu\/wp-content\/uploads\/2024\/07\/1443664020-mounjaro-1024x450.png ,https:\/\/onlinepharm.eu\/wp-content\/uploads\/2024\/07\/1443664020-mounjaro.png 780w, https:\/\/onlinepharm.eu\/wp-content\/uploads\/2024\/07\/1443664020-mounjaro.png 360w\" sizes=\"auto, (max-width: 480px) 150px\" src=\"https:\/\/onlinepharm.eu\/wp-content\/uploads\/2024\/07\/1443664020-mounjaro-1024x450.png\" alt=\"Mounjaro \u021a\u0103rile de Jos\" class=\"uag-image-1719\" width=\"1024\" height=\"450\" title=\"1443664020-mounjaro\" loading=\"lazy\" role=\"img\"\/><\/figure><\/div>\n\n\n\n<div class=\"wp-block-uagb-advanced-heading uagb-block-a55b7f89\"><h2 class=\"uagb-heading-text\"><\/h2><\/div>\n\n\n\n<div class=\"wp-block-uagb-advanced-heading uagb-block-b3c6b8d9\"><h2 class=\"uagb-heading-text\">Ce este Mounjaro?<\/h2><\/div>\n\n\n\n<p>Mounjaro este un nume de marc\u0103 pentru medicamentul Tirzepatide. Acesta este utilizat pentru tratarea diabetului de tip 2 \u0219i pentru controlul greut\u0103\u021bii. Tirzepatida ac\u021bioneaz\u0103 prin sc\u0103derea nivelului de zah\u0103r din s\u00e2nge \u0219i \u00eembun\u0103t\u0103\u021birea produc\u021biei de insulin\u0103. \u00cen plus, ajut\u0103 la pierderea \u00een greutate, ceea ce \u00eel face o alegere popular\u0103 pentru cei care sunt obezi sau supraponderali. <a href=\"https:\/\/onlinepharm.eu\/en\/product-category\/mounjaro-kopen\/\">Face\u021bi clic aici<\/a> pentru a vedea produsele \u0219i pre\u021burile<\/p>\n\n\n\n<div class=\"wp-block-uagb-advanced-heading uagb-block-9d8ff36b\"><h2 class=\"uagb-heading-text\">Cum func\u021bioneaz\u0103 Mounjaro?<\/h2><\/div>\n\n\n\n<p>Mounjaro ajut\u0103 la sc\u0103derea \u00een greutate prin reducerea apetitului. Acesta afecteaz\u0103 doi hormoni:<\/p>\n\n\n\n<ul class=\"wp-block-list\">\n<li>GIP (polipeptid\u0103 insulinotropic\u0103 dependent\u0103 de glucoz\u0103): Stimuleaz\u0103 produc\u021bia de insulin\u0103 dup\u0103 mas\u0103, duc\u00e2nd la o senza\u021bie crescut\u0103 de sa\u021bietate.<\/li>\n\n\n\n<li>GLP-1 (glucagon-like peptide-1): Imit\u0103 ac\u021biunea GLP-1, duc\u00e2nd, de asemenea, la cre\u0219terea senza\u021biei de sa\u021bietate \u0219i reducerea apetitului.<\/li>\n<\/ul>\n\n\n\n<p>De unde pute\u021bi cump\u0103ra Mounjaro?<br>\u00cen prezent, Mounjaro nu este \u00eenc\u0103 disponibil pe pia\u021ba olandez\u0103. De \u00eendat\u0103 ce va fi disponibil, acesta va fi disponibil numai pe baz\u0103 de re\u021bet\u0103. Este important s\u0103 programa\u021bi o consulta\u021bie cu un medic care v\u0103 va evalua istoricul medical \u00eenainte de a putea ob\u021bine o re\u021bet\u0103. mounjaro nederland<\/p>\n\n\n\n<div class=\"wp-block-uagb-advanced-heading uagb-block-d766768a\"><h2 class=\"uagb-heading-text\">Efectele secundare ale Mounjaro<\/h2><\/div>\n\n\n\n<p>Ca majoritatea medicamentelor, Mounjaro poate provoca reac\u021bii adverse u\u0219oare sau grave. Listele de mai jos descriu unele dintre cele mai frecvente reac\u021bii adverse pe care Mounjaro le poate provoca. Aceste liste nu includ toate reac\u021biile adverse posibile.<\/p>\n\n\n\n<p>Re\u021bine\u021bi c\u0103 efectele secundare ale unui medicament pot depinde de:<\/p>\n\n\n\n<p>alte probleme de s\u0103n\u0103tate pe care le ave\u021bi<br>alte medicamente pe care le lua\u021bi<br>Medicul dumneavoastr\u0103 sau farmacistul v\u0103 pot spune mai multe despre posibilele efecte secundare ale Mounjaro. De asemenea, ei v\u0103 pot sugera modalit\u0103\u021bi de reducere a efectelor secundare.<\/p>\n\n\n\n<div class=\"wp-block-uagb-advanced-heading uagb-block-1df1da9b\"><h3 class=\"uagb-heading-text\">Efecte secundare u\u0219oare<br><\/h3><\/div>\n\n\n\n<p>Iat\u0103 o list\u0103 a unor efecte secundare u\u0219oare pe care Mounjaro le poate provoca. Pentru a afla despre alte reac\u021bii adverse u\u0219oare, discuta\u021bi cu medicul dumneavoastr\u0103 sau cu farmacistul sau citi\u021bi informa\u021biile de prescriere ale Mounjaro.<\/p>\n\n\n\n<p>Efectele secundare u\u0219oare ale Mounjaro care au fost raportate includ:<\/p>\n\n\n\n<ul class=\"wp-block-list\">\n<li>grea\u021b\u0103 \u0219i v\u0103rs\u0103turi<\/li>\n\n\n\n<li>diaree<\/li>\n\n\n\n<li>sc\u0103derea apetitului<\/li>\n\n\n\n<li>constipa\u021bie<\/li>\n\n\n\n<li>durere abdominal\u0103<\/li>\n\n\n\n<li>reac\u021bii la locul inject\u0103rii<\/li>\n\n\n\n<li>arsuri la stomac<\/li>\n\n\n\n<li>reac\u021bie alergic\u0103 u\u0219oar\u0103*<br>Efectele secundare u\u0219oare ale multor medicamente pot disp\u0103rea \u00een decurs de c\u00e2teva zile p\u00e2n\u0103 la c\u00e2teva s\u0103pt\u0103m\u00e2ni. Dar dac\u0103 acestea devin deranjante, discuta\u021bi cu medicul dumneavoastr\u0103 sau cu farmacistul.<\/li>\n<\/ul>\n\n\n\n<div class=\"wp-block-uagb-advanced-heading uagb-block-838db050\"><h3 class=\"uagb-heading-text\">Efecte secundare grave<\/h3><\/div>\n\n\n\n<p>Pot ap\u0103rea efecte secundare grave ale Mounjaro, dar acestea nu sunt frecvente. Dac\u0103 prezenta\u021bi reac\u021bii adverse grave la Mounjaro, adresa\u021bi-v\u0103 imediat medicului dumneavoastr\u0103. Dar dac\u0103 crede\u021bi c\u0103 ave\u021bi o urgen\u021b\u0103 medical\u0103, suna\u021bi imediat la 112 sau la num\u0103rul dumneavoastr\u0103 local de urgen\u021b\u0103.<\/p>\n\n\n\n<p>Efectele secundare grave ale Mounjaro care au fost raportate includ:<\/p>\n\n\n\n<ul class=\"wp-block-list\">\n<li>pancreatit\u0103 (umflarea pancreasului)<\/li>\n\n\n\n<li>probleme ale vezicii biliare<\/li>\n\n\n\n<li>hipoglicemie (nivel sc\u0103zut de zah\u0103r din s\u00e2nge)<\/li>\n\n\n\n<li>efecte secundare digestive grave, cum ar fi grea\u021b\u0103 sever\u0103, v\u0103rs\u0103turi sau diaree, care pot duce la deshidratare \u0219i probleme renale<\/li>\n\n\n\n<li>avertizare \u00eencadrat\u0103: risc de cancer tiroidian*<\/li>\n\n\n\n<li>reac\u021bie alergic\u0103 sever\u0103\u2020<\/li>\n<\/ul>\n\n\n\n<div class=\"wp-block-uagb-advanced-heading uagb-block-6c997699\"><h2 class=\"uagb-heading-text\">Cum se utilizeaz\u0103 Mounjaro Injection<\/h2><\/div>\n\n\n\n<p>Mounjaro se administreaz\u0103 de obicei prin injectare o dat\u0103 pe s\u0103pt\u0103m\u00e2n\u0103. Este esen\u021bial s\u0103 urma\u021bi cu aten\u021bie instruc\u021biunile furnizorului dumneavoastr\u0103 de servicii medicale pentru a ob\u021bine rezultate optime.<\/p>\n\n\n\n<div class=\"wp-block-uagb-advanced-heading uagb-block-38dd9802\"><h2 class=\"uagb-heading-text\">\u00eentreb\u0103ri frecvente<\/h2><\/div>\n\n\n\n<div class=\"wp-block-uagb-advanced-heading uagb-block-507fad66\"><h3 class=\"uagb-heading-text\">C\u00e2t de mult sl\u0103bi\u021bi cu Mounjaro?<\/h3><\/div>\n\n\n\n<p>Cercet\u0103rile arat\u0103 c\u0103 persoanele care utilizeaz\u0103 Mounjaro pierd o medie de 12,4% din greutatea corporal\u0103, ceea ce este mai mult dec\u00e2t alte medicamente pentru pierderea \u00een greutate, cum ar fi Saxenda.<\/p>\n\n\n\n<div class=\"wp-block-uagb-advanced-heading uagb-block-b640ccd7\"><h3 class=\"uagb-heading-text\">Care este mai bun, Mounjaro sau Wegovy?<\/h3><\/div>\n\n\n\n<p>\u00cen general, Mounjaro pare a fi mai eficient \u00een pierderea \u00een greutate dec\u00e2t Wegovy datorit\u0103 ingredientului activ Tirzepatide.<\/p>\n\n\n\n<div class=\"wp-block-uagb-advanced-heading uagb-block-4b9b8b14\"><h3 class=\"uagb-heading-text\">Mounjaro este disponibil \u00een Europa?<\/h3><\/div>\n\n\n\n<p><br>Mounjaro este disponibil \u00een prezent \u00een unele p\u0103r\u021bi ale Europei cu \u0219i f\u0103r\u0103 prescrip\u021bie medical\u0103, sub supraveghere medical\u0103. <\/p>\n\n\n\n<div class=\"wp-block-uagb-advanced-heading uagb-block-f57693f7\"><h4 class=\"uagb-heading-text\">Apel la ac\u021biune<\/h4><\/div>\n\n\n\n<p>Sunte\u021bi interesat de modul \u00een care Mounjaro v\u0103 poate ajuta s\u0103 v\u0103 atinge\u021bi obiectivele de s\u0103n\u0103tate? Dac\u0103 da, contacta\u021bi un furnizor de servicii medicale calificat pentru o consulta\u021bie. Asigura\u021bi-v\u0103 c\u0103 \u00eendeplini\u021bi criteriile medicale \u0219i c\u0103 <a href=\"https:\/\/www.diabetes.org.uk\/about-diabetes\/looking-after-diabetes\/treatments\/tablets-and-medication\/glp-1\/mounjaro\" target=\"_blank\" rel=\"noopener\">discuta\u021bi<\/a> op\u021biunile \u0219i efectele secundare cu medicul dumneavoastr\u0103.<\/p>\n\n\n\n<p>Pentru mai multe informa\u021bii \u0219i actualiz\u0103ri privind disponibilitatea Mounjaro, vizita\u021bi site-ul nostru \u00een mod regulat \u0219i r\u0103m\u00e2ne\u021bi la curent. Cump\u0103ra\u021bi <a href=\"https:\/\/onlinepharm.eu\/en\/product-category\/mounjaro-kopen\/\">mounjaro<\/a><\/p>\n\n\n\n<div class=\"wp-block-uagb-container uagb-block-7cae2c60 alignfull uagb-is-root-container\"><div class=\"uagb-container-inner-blocks-wrap\">\n<div class=\"wp-block-uagb-container uagb-block-10f7b9da\">\n<figure class=\"wp-block-image size-full\"><img loading=\"lazy\" decoding=\"async\" width=\"500\" height=\"500\" src=\"https:\/\/onlinepharm.eu\/wp-content\/uploads\/2024\/09\/Weightloss-fatloss-1.png\" alt=\"Pierderea \u00een greutate \u0219i pierderea de gr\u0103sime\" class=\"wp-image-1818\" srcset=\"https:\/\/onlinepharm.eu\/wp-content\/uploads\/2024\/09\/Weightloss-fatloss-1.png 500w, https:\/\/onlinepharm.eu\/wp-content\/uploads\/2024\/09\/Weightloss-fatloss-1-300x300.png 300w, https:\/\/onlinepharm.eu\/wp-content\/uploads\/2024\/09\/Weightloss-fatloss-1-150x150.png 150w, https:\/\/onlinepharm.eu\/wp-content\/uploads\/2024\/09\/Weightloss-fatloss-1-12x12.png 12w, https:\/\/onlinepharm.eu\/wp-content\/uploads\/2024\/09\/Weightloss-fatloss-1-100x100.png 100w, https:\/\/onlinepharm.eu\/wp-content\/uploads\/2024\/09\/Weightloss-fatloss-1-200x200.png 200w\" sizes=\"auto, (max-width: 500px) 100vw, 500px\" \/><\/figure>\n<\/div>\n\n\n\n<div class=\"wp-block-uagb-container uagb-block-c781fece\">\n<figure class=\"wp-block-image size-large\"><img loading=\"lazy\" decoding=\"async\" width=\"1024\" height=\"538\" src=\"https:\/\/onlinepharm.eu\/wp-content\/uploads\/2025\/03\/mounjaro-logo-medisch-afvallen-body-clinic_0-2048x1075-1-1024x538.jpg\" alt=\"Injec\u021bie Mounjaro\" class=\"wp-image-2280\" srcset=\"https:\/\/onlinepharm.eu\/wp-content\/uploads\/2025\/03\/mounjaro-logo-medisch-afvallen-body-clinic_0-2048x1075-1-1024x538.jpg 1024w, https:\/\/onlinepharm.eu\/wp-content\/uploads\/2025\/03\/mounjaro-logo-medisch-afvallen-body-clinic_0-2048x1075-1-300x157.jpg 300w, https:\/\/onlinepharm.eu\/wp-content\/uploads\/2025\/03\/mounjaro-logo-medisch-afvallen-body-clinic_0-2048x1075-1-768x403.jpg 768w, https:\/\/onlinepharm.eu\/wp-content\/uploads\/2025\/03\/mounjaro-logo-medisch-afvallen-body-clinic_0-2048x1075-1-1536x806.jpg 1536w, https:\/\/onlinepharm.eu\/wp-content\/uploads\/2025\/03\/mounjaro-logo-medisch-afvallen-body-clinic_0-2048x1075-1-18x9.jpg 18w, https:\/\/onlinepharm.eu\/wp-content\/uploads\/2025\/03\/mounjaro-logo-medisch-afvallen-body-clinic_0-2048x1075-1-600x315.jpg 600w, https:\/\/onlinepharm.eu\/wp-content\/uploads\/2025\/03\/mounjaro-logo-medisch-afvallen-body-clinic_0-2048x1075-1.jpg 2048w\" sizes=\"auto, (max-width: 1024px) 100vw, 1024px\" \/><\/figure>\n<\/div>\n\n\n\n<div class=\"wp-block-uagb-container uagb-block-127663c4\">\n<figure class=\"wp-block-image size-full\"><img loading=\"lazy\" decoding=\"async\" width=\"512\" height=\"512\" src=\"https:\/\/onlinepharm.eu\/wp-content\/uploads\/2024\/07\/cropped-losing-weight-for-no-reason.avif\" alt=\"Ozempic comprar\" class=\"wp-image-1800\" srcset=\"https:\/\/onlinepharm.eu\/wp-content\/uploads\/2024\/07\/cropped-losing-weight-for-no-reason.avif 512w, https:\/\/onlinepharm.eu\/wp-content\/uploads\/2024\/07\/cropped-losing-weight-for-no-reason-300x300.avif 300w, https:\/\/onlinepharm.eu\/wp-content\/uploads\/2024\/07\/cropped-losing-weight-for-no-reason-150x150.avif 150w, https:\/\/onlinepharm.eu\/wp-content\/uploads\/2024\/07\/cropped-losing-weight-for-no-reason-12x12.avif 12w, https:\/\/onlinepharm.eu\/wp-content\/uploads\/2024\/07\/cropped-losing-weight-for-no-reason-100x100.avif 100w, https:\/\/onlinepharm.eu\/wp-content\/uploads\/2024\/07\/cropped-losing-weight-for-no-reason-270x270.avif 270w, https:\/\/onlinepharm.eu\/wp-content\/uploads\/2024\/07\/cropped-losing-weight-for-no-reason-192x192.avif 192w, https:\/\/onlinepharm.eu\/wp-content\/uploads\/2024\/07\/cropped-losing-weight-for-no-reason-180x180.avif 180w, https:\/\/onlinepharm.eu\/wp-content\/uploads\/2024\/07\/cropped-losing-weight-for-no-reason-32x32.avif 32w\" sizes=\"auto, (max-width: 512px) 100vw, 512px\" \/><\/figure>\n<\/div>\n<\/div><\/div>\n\n\n\n<p><\/p>","protected":false},"excerpt":{"rendered":"<p>Mounjaro Injection What is Mounjaro? Mounjaro is a brand name for the drug Tirzepatide. It is used to treat type [&hellip;]<\/p>","protected":false},"author":1,"featured_media":0,"parent":0,"menu_order":0,"comment_status":"closed","ping_status":"closed","template":"","meta":{"_uag_custom_page_level_css":"","site-sidebar-layout":"default","site-content-layout":"","ast-site-content-layout":"","site-content-style":"default","site-sidebar-style":"default","ast-global-header-display":"","ast-banner-title-visibility":"","ast-main-header-display":"","ast-hfb-above-header-display":"","ast-hfb-below-header-display":"","ast-hfb-mobile-header-display":"","site-post-title":"disabled","ast-breadcrumbs-content":"","ast-featured-img":"","footer-sml-layout":"","theme-transparent-header-meta":"","adv-header-id-meta":"","stick-header-meta":"","header-above-stick-meta":"","header-main-stick-meta":"","header-below-stick-meta":"","astra-migrate-meta-layouts":"default","ast-page-background-enabled":"default","ast-page-background-meta":{"desktop":{"background-color":"var(--ast-global-color-4)","background-image":"","background-repeat":"repeat","background-position":"center center","background-size":"auto","background-attachment":"scroll","background-type":"","background-media":"","overlay-type":"","overlay-color":"","overlay-opacity":"","overlay-gradient":""},"tablet":{"background-color":"","background-image":"","background-repeat":"repeat","background-position":"center center","background-size":"auto","background-attachment":"scroll","background-type":"","background-media":"","overlay-type":"","overlay-color":"","overlay-opacity":"","overlay-gradient":""},"mobile":{"background-color":"","background-image":"","background-repeat":"repeat","background-position":"center center","background-size":"auto","background-attachment":"scroll","background-type":"","background-media":"","overlay-type":"","overlay-color":"","overlay-opacity":"","overlay-gradient":""}},"ast-content-background-meta":{"desktop":{"background-color":"var(--ast-global-color-5)","background-image":"","background-repeat":"repeat","background-position":"center center","background-size":"auto","background-attachment":"scroll","background-type":"","background-media":"","overlay-type":"","overlay-color":"","overlay-opacity":"","overlay-gradient":""},"tablet":{"background-color":"var(--ast-global-color-5)","background-image":"","background-repeat":"repeat","background-position":"center center","background-size":"auto","background-attachment":"scroll","background-type":"","background-media":"","overlay-type":"","overlay-color":"","overlay-opacity":"","overlay-gradient":""},"mobile":{"background-color":"var(--ast-global-color-5)","background-image":"","background-repeat":"repeat","background-position":"center center","background-size":"auto","background-attachment":"scroll","background-type":"","background-media":"","overlay-type":"","overlay-color":"","overlay-opacity":"","overlay-gradient":""}},"footnotes":""},"class_list":["post-2278","page","type-page","status-publish","hentry"],"uagb_featured_image_src":{"full":false,"thumbnail":false,"medium":false,"medium_large":false,"large":false,"1536x1536":false,"2048x2048":false,"trp-custom-language-flag":false,"woocommerce_thumbnail":false,"woocommerce_single":false,"woocommerce_gallery_thumbnail":false},"uagb_author_info":{"display_name":"weightandfat","author_link":"https:\/\/onlinepharm.eu\/ro\/author\/weightandfat\/"},"uagb_comment_info":0,"uagb_excerpt":"Mounjaro Injection What is Mounjaro? Mounjaro is a brand name for the drug Tirzepatide. It is used to treat type [&hellip;]","_links":{"self":[{"href":"https:\/\/onlinepharm.eu\/ro\/wp-json\/wp\/v2\/pages\/2278","targetHints":{"allow":["GET"]}}],"collection":[{"href":"https:\/\/onlinepharm.eu\/ro\/wp-json\/wp\/v2\/pages"}],"about":[{"href":"https:\/\/onlinepharm.eu\/ro\/wp-json\/wp\/v2\/types\/page"}],"author":[{"embeddable":true,"href":"https:\/\/onlinepharm.eu\/ro\/wp-json\/wp\/v2\/users\/1"}],"replies":[{"embeddable":true,"href":"https:\/\/onlinepharm.eu\/ro\/wp-json\/wp\/v2\/comments?post=2278"}],"version-history":[{"count":0,"href":"https:\/\/onlinepharm.eu\/ro\/wp-json\/wp\/v2\/pages\/2278\/revisions"}],"wp:attachment":[{"href":"https:\/\/onlinepharm.eu\/ro\/wp-json\/wp\/v2\/media?parent=2278"}],"curies":[{"name":"wp","href":"https:\/\/api.w.org\/{rel}","templated":true}]}}