{"id":24,"date":"2024-07-14T01:36:12","date_gmt":"2024-07-14T01:36:12","guid":{"rendered":"http:\/\/weightlossandfatloss.com\/about\/"},"modified":"2025-07-07T04:35:40","modified_gmt":"2025-07-07T04:35:40","slug":"injecao-de-mounjaro-mais-barata","status":"publish","type":"page","link":"https:\/\/onlinepharm.eu\/pt\/injecao-de-mounjaro-mais-barata\/","title":{"rendered":"Sobre"},"content":{"rendered":"<div class=\"wp-block-uagb-container uagb-block-dde5c922 alignfull uagb-is-root-container\">\n<div class=\"wp-block-uagb-container uagb-block-b618de5d\">\n<div class=\"wp-block-uagb-advanced-heading uagb-block-1d772575\"><h1 class=\"uagb-heading-text\">Inje\u00e7\u00e3o de Mounjaro mais barata.  Transforma\u00e7\u00e3o atrav\u00e9s de injec\u00e7\u00f5es para perda de peso<\/h1><\/div>\n<\/div>\n<\/div>\n\n\n\n<div class=\"wp-block-uagb-container uagb-block-09f03414 alignfull uagb-is-root-container\"><div class=\"uagb-container-inner-blocks-wrap\">\n<div class=\"wp-block-uagb-advanced-heading uagb-block-ca3de8bf\"><h2 class=\"uagb-heading-text\">Sobre a Online Pharm EU<\/h2><\/div>\n\n\n\n<div class=\"wp-block-uagb-container uagb-layout-grid uagb-block-147934f6\">\n<div class=\"wp-block-uagb-image uagb-block-95318720 wp-block-uagb-image--layout-default wp-block-uagb-image--effect-static wp-block-uagb-image--align-none\"><figure class=\"wp-block-uagb-image__figure\"><img decoding=\"async\" srcset=\"https:\/\/onlinepharm.eu\/wp-content\/uploads\/2024\/07\/Ozempic-Reviews-from-Real-Patients-Health-First-Medical-Weight-Loss-Skin-Care-Rancho-Cucamonga-Hesperia-and-Redlands-California-1024x538.webp ,https:\/\/onlinepharm.eu\/wp-content\/uploads\/2024\/07\/Ozempic-Reviews-from-Real-Patients-Health-First-Medical-Weight-Loss-Skin-Care-Rancho-Cucamonga-Hesperia-and-Redlands-California.webp 780w, https:\/\/onlinepharm.eu\/wp-content\/uploads\/2024\/07\/Ozempic-Reviews-from-Real-Patients-Health-First-Medical-Weight-Loss-Skin-Care-Rancho-Cucamonga-Hesperia-and-Redlands-California.webp 360w\" sizes=\"auto, (max-width: 480px) 150px\" src=\"https:\/\/onlinepharm.eu\/wp-content\/uploads\/2024\/07\/Ozempic-Reviews-from-Real-Patients-Health-First-Medical-Weight-Loss-Skin-Care-Rancho-Cucamonga-Hesperia-and-Redlands-California-1024x538.webp\" alt=\"inje\u00e7\u00e3o de Mounjaro mais barata\" class=\"uag-image-1636\" width=\"636\" height=\"391\" title=\"Ozempic-\" loading=\"lazy\" role=\"img\"\/><\/figure><\/div>\n\n\n\n<div class=\"wp-block-uagb-advanced-heading uagb-block-477b52f6\"><p class=\"uagb-heading-text\">Capacitar os clientes com solu\u00e7\u00f5es eficazes para perda de peso, alcan\u00e7ando resultados not\u00e1veis \u200b\u200be transformando vidas atrav\u00e9s de inje\u00e7\u00f5es inovadoras.<\/p><p class=\"uagb-desc-text\">Dedicado a apoiar os clientes em sua jornada para perder peso com inje\u00e7\u00f5es comprovadas e orienta\u00e7\u00e3o especializada. As inje\u00e7\u00f5es para perda de peso s\u00e3o medicamentos administrados por inje\u00e7\u00e3o para auxiliar no controle de peso. Essas inje\u00e7\u00f5es podem ter v\u00e1rios mecanismos de a\u00e7\u00e3o, incluindo supress\u00e3o do apetite, aumento do metabolismo ou facilita\u00e7\u00e3o da quebra de gordura. \u00c9 essencial combinar inje\u00e7\u00f5es para perda de peso com uma dieta balanceada e exerc\u00edcios regulares para obter melhores resultados. \u00c9 aconselh\u00e1vel consultar um m\u00e9dico antes de iniciar qualquer novo tratamento para perda de peso. perda de peso ozempica<\/p><\/div>\n<\/div>\n<\/div><\/div>\n\n\n\n<div class=\"wp-block-uagb-container uagb-layout-grid uagb-block-61c3fd7a alignfull uagb-is-root-container\"><div class=\"uagb-container-inner-blocks-wrap\">\n<div class=\"wp-block-uagb-info-box uagb-block-3a2b7719 uagb-infobox__content-wrap  uagb-infobox-icon-above-title uagb-infobox-image-valign-top\"><div class=\"uagb-ifb-content\"><div class=\"uagb-ifb-title-wrap\"><h2 class=\"uagb-ifb-title\">Nossa jornada em dire\u00e7\u00e3o ao bem-estar<\/h2><\/div><p class=\"uagb-ifb-desc\">Desde origens humildes, fomos pioneiros em avan\u00e7os em inje\u00e7\u00f5es para perda de peso, dedicados a melhorar a sa\u00fade e o bem-estar.<\/p><\/div><\/div>\n\n\n\n<div class=\"wp-block-uagb-container uagb-block-22f5934f\">\n<div class=\"wp-block-uagb-container uagb-layout-grid uagb-block-7d6c4fe6\">\n<div class=\"wp-block-uagb-counter uagb-block-6284027c wp-block-uagb-counter--number\"><div class=\"wp-block-uagb-counter__number\"><span class=\"uagb-counter-block-number\" data-duration=\"1.5\" data-to-value=\"6\" data-from-value=\"0\" data-delimiter=\",\"><\/span><span class=\"uagb-counter-block-suffix\">+<\/span><\/div><div class=\"wp-block-uagb-counter__title\">Experi\u00eancia<\/div><\/div>\n\n\n\n<div class=\"wp-block-uagb-advanced-heading uagb-block-29902d4e\"><p class=\"uagb-heading-text\">Mais de uma d\u00e9cada de experi\u00eancia no fornecimento de solu\u00e7\u00f5es de ponta para perda de peso.<\/p><\/div>\n<\/div>\n\n\n\n<div class=\"wp-block-uagb-container uagb-layout-grid uagb-block-a2a3a809\">\n<div class=\"wp-block-uagb-counter uagb-block-47bdbd76 wp-block-uagb-counter--number\"><div class=\"wp-block-uagb-counter__number\"><span class=\"uagb-counter-block-number\" data-duration=\"1.5\" data-to-value=\"1907\" data-from-value=\"0\" data-delimiter=\",\"><\/span><span class=\"uagb-counter-block-suffix\">+<\/span><\/div><div class=\"wp-block-uagb-counter__title\">Clientes satisfeitos<\/div><\/div>\n\n\n\n<div class=\"wp-block-uagb-advanced-heading uagb-block-e6ec6afe\"><p class=\"uagb-heading-text\">Nossa equipe \u00e9 composta por profissionais qualificados e comprometidos em ajudar os clientes a atingir seus objetivos de perda de peso.<\/p><\/div>\n<\/div>\n\n\n\n<div class=\"wp-block-uagb-container uagb-layout-grid uagb-block-488ab899\">\n<div class=\"wp-block-uagb-counter uagb-block-9cfbb71f wp-block-uagb-counter--number\"><div class=\"wp-block-uagb-counter__number\"><span class=\"uagb-counter-block-number\" data-duration=\"1.5\" data-to-value=\"27\" data-from-value=\"0\" data-delimiter=\",\"><\/span><\/div><div class=\"wp-block-uagb-counter__title\">Funcion\u00e1rias<\/div><\/div>\n\n\n\n<div class=\"wp-block-uagb-advanced-heading uagb-block-ecf4b2dd\"><p class=\"uagb-heading-text\">Contamos com uma equipe dedicada de especialistas que oferecem suporte e orienta\u00e7\u00e3o personalizados durante todo o processo de perda de peso.<\/p><\/div>\n<\/div>\n<\/div>\n\n\n\n<h2 class=\"wp-block-heading\"><\/h2>\n\n\n\n<p><br>Voc\u00ea est\u00e1 lutando para atingir seus objetivos de perda de peso apenas com dieta e exerc\u00edcios? <a href=\"https:\/\/onlinepharm.eu\/en\/shop\/\">Inje\u00e7\u00f5es para perda de peso<\/a> surgiram como uma solu\u00e7\u00e3o popular e eficaz para indiv\u00edduos que buscam perder quilos extras. Neste artigo, mergulharemos no mundo das inje\u00e7\u00f5es para perda de peso, explorando seus benef\u00edcios, tipos e poss\u00edveis efeitos colaterais. wegovy<\/p>\n<\/div><\/div>\n\n\n\n<div class=\"wp-block-uagb-container uagb-block-17365e7d alignfull uagb-is-root-container\"><div class=\"uagb-container-inner-blocks-wrap\">\n<div class=\"wp-block-uagb-advanced-heading uagb-block-ab53c455\"><h2 class=\"uagb-heading-text\">Conhe\u00e7a nosso melhor pessoal<\/h2><p class=\"uagb-desc-text\">Especialistas apaixonados conduzindo transforma\u00e7\u00f5es na perda de peso e melhorando vidas.<\/p><\/div>\n\n\n\n<div class=\"wp-block-uagb-container uagb-block-113b0341\">\n<div class=\"wp-block-uagb-container uagb-block-c85e9c9e\">\n<div class=\"wp-block-uagb-image aligncenter uagb-block-22c137fb wp-block-uagb-image--layout-default wp-block-uagb-image--effect-static wp-block-uagb-image--align-center\"><figure class=\"wp-block-uagb-image__figure\"><img decoding=\"async\" srcset=\"https:\/\/onlinepharm.eu\/wp-content\/uploads\/2024\/07\/femalemanager-1024x689.jpg ,https:\/\/onlinepharm.eu\/wp-content\/uploads\/2024\/07\/femalemanager.jpg 780w, https:\/\/onlinepharm.eu\/wp-content\/uploads\/2024\/07\/femalemanager.jpg 360w\" sizes=\"auto, (max-width: 480px) 150px\" src=\"https:\/\/onlinepharm.eu\/wp-content\/uploads\/2024\/07\/femalemanager-1024x689.jpg\" alt=\"\" class=\"uag-image-1640\" width=\"100\" height=\"100\" title=\"gestora de mulheres\" loading=\"lazy\" role=\"img\"\/><\/figure><\/div>\n\n\n\n<div class=\"wp-block-uagb-advanced-heading uagb-block-2605b57d\"><h3 class=\"uagb-heading-text\">Rafar Bagheri<\/h3><p class=\"uagb-desc-text\">Fundadora<\/p><\/div>\n<\/div>\n\n\n\n<div class=\"wp-block-uagb-container uagb-block-00308c33\">\n<div class=\"wp-block-uagb-image aligncenter uagb-block-eb914272 wp-block-uagb-image--layout-default wp-block-uagb-image--effect-static wp-block-uagb-image--align-center\"><figure class=\"wp-block-uagb-image__figure\"><img decoding=\"async\" srcset=\"https:\/\/onlinepharm.eu\/wp-content\/uploads\/2024\/07\/button-pic-kevin-roper-lead-medicines-management-technician-pharmacy-north.jpg ,https:\/\/onlinepharm.eu\/wp-content\/uploads\/2024\/07\/button-pic-kevin-roper-lead-medicines-management-technician-pharmacy-north.jpg 780w, https:\/\/onlinepharm.eu\/wp-content\/uploads\/2024\/07\/button-pic-kevin-roper-lead-medicines-management-technician-pharmacy-north.jpg 360w\" sizes=\"auto, (max-width: 480px) 150px\" src=\"https:\/\/onlinepharm.eu\/wp-content\/uploads\/2024\/07\/button-pic-kevin-roper-lead-medicines-management-technician-pharmacy-north.jpg\" alt=\"\" class=\"uag-image-1639\" width=\"100\" height=\"100\" title=\"fundo do SNS\" loading=\"lazy\" role=\"img\"\/><\/figure><\/div>\n\n\n\n<div class=\"wp-block-uagb-advanced-heading uagb-block-165e5b12\"><h3 class=\"uagb-heading-text\">Franklin Hussein<\/h3><p class=\"uagb-desc-text\">Gerente de vendas<\/p><\/div>\n<\/div>\n\n\n\n<div class=\"wp-block-uagb-container uagb-block-538a48d1\">\n<div class=\"wp-block-uagb-image aligncenter uagb-block-35960dc2 wp-block-uagb-image--layout-default wp-block-uagb-image--effect-static wp-block-uagb-image--align-center\"><figure class=\"wp-block-uagb-image__figure\"><img decoding=\"async\" srcset=\"https:\/\/onlinepharm.eu\/wp-content\/uploads\/2024\/07\/Broadway-Pharmacy-with-Cure-Clinics-Vivienne-Ball-April-2021.jpg ,https:\/\/onlinepharm.eu\/wp-content\/uploads\/2024\/07\/Broadway-Pharmacy-with-Cure-Clinics-Vivienne-Ball-April-2021.jpg 780w, https:\/\/onlinepharm.eu\/wp-content\/uploads\/2024\/07\/Broadway-Pharmacy-with-Cure-Clinics-Vivienne-Ball-April-2021.jpg 360w\" sizes=\"auto, (max-width: 480px) 150px\" src=\"https:\/\/onlinepharm.eu\/wp-content\/uploads\/2024\/07\/Broadway-Pharmacy-with-Cure-Clinics-Vivienne-Ball-April-2021.jpg\" alt=\"qual \u00e9 a inje\u00e7\u00e3o para perda de peso mais barata sem seguro\" class=\"uag-image-1641\" width=\"100\" height=\"100\" title=\"Broadway-Farm\u00e1cia-com-Cura-Cl\u00ednicas-Vivienne-Ball-abril-2021\" loading=\"lazy\" role=\"img\"\/><\/figure><\/div>\n\n\n\n<div class=\"wp-block-uagb-advanced-heading uagb-block-7d9b0bd1\"><h3 class=\"uagb-heading-text\">Andreja Ryder<\/h3><p class=\"uagb-desc-text\">Prescritor<\/p><\/div>\n<\/div>\n\n\n\n<div class=\"wp-block-uagb-container uagb-block-ae74e417\">\n<div class=\"wp-block-uagb-image aligncenter uagb-block-1396f339 wp-block-uagb-image--layout-default wp-block-uagb-image--effect-static wp-block-uagb-image--align-center\"><figure class=\"wp-block-uagb-image__figure\"><img decoding=\"async\" srcset=\"https:\/\/onlinepharm.eu\/wp-content\/uploads\/2024\/07\/665861ab871b7e176bc46ab6_pharmacy-manager-interview-questions-1.jpg ,https:\/\/onlinepharm.eu\/wp-content\/uploads\/2024\/07\/665861ab871b7e176bc46ab6_pharmacy-manager-interview-questions-1.jpg 780w, https:\/\/onlinepharm.eu\/wp-content\/uploads\/2024\/07\/665861ab871b7e176bc46ab6_pharmacy-manager-interview-questions-1.jpg 360w\" sizes=\"auto, (max-width: 480px) 150px\" src=\"https:\/\/onlinepharm.eu\/wp-content\/uploads\/2024\/07\/665861ab871b7e176bc46ab6_pharmacy-manager-interview-questions-1.jpg\" alt=\"inje\u00e7\u00e3o semanal para perda de peso\" class=\"uag-image-1642\" width=\"100\" height=\"100\" title=\"665861ab871b7e176bc46ab6_pharmacy-manager-interview-questions-1\" loading=\"lazy\" role=\"img\"\/><\/figure><\/div>\n\n\n\n<div class=\"wp-block-uagb-advanced-heading uagb-block-a3ee4980\"><h3 class=\"uagb-heading-text\">David Halsall<\/h3><p class=\"uagb-desc-text\">Prescritor<\/p><\/div>\n<\/div>\n<\/div>\n\n\n\n<div class=\"wp-block-uagb-container uagb-block-39413eef\">\n<h2 class=\"wp-block-heading\">O que s\u00e3o inje\u00e7\u00f5es para perda de peso?<\/h2>\n\n\n\n<p>As inje\u00e7\u00f5es para perda de peso s\u00e3o tratamentos m\u00e9dicos que envolvem a administra\u00e7\u00e3o de uma solu\u00e7\u00e3o no corpo para ajudar na perda de peso. Essas inje\u00e7\u00f5es atuam suprimindo o apetite, aumentando o metabolismo ou reduzindo a absor\u00e7\u00e3o de gordura.<\/p>\n\n\n\n<h2 class=\"wp-block-heading\">Tipos de inje\u00e7\u00f5es para perda de peso:<\/h2>\n\n\n\n<ol class=\"wp-block-list\">\n<li>Inje\u00e7\u00f5es de semaglutida: A semaglutida, vendida sob a marca Wegovy, \u00e9 um agonista do receptor do pept\u00eddeo 1 semelhante ao glucagon (GLP-1) que ajuda a reduzir a fome e aumentar a sensa\u00e7\u00e3o de saciedade.<\/li>\n\n\n\n<li>Inje\u00e7\u00f5es lipotr\u00f3picas: As inje\u00e7\u00f5es lipotr\u00f3picas cont\u00eam uma combina\u00e7\u00e3o de vitaminas e amino\u00e1cidos que melhoram o metabolismo da gordura e a produ\u00e7\u00e3o de energia.<\/li>\n\n\n\n<li>Inje\u00e7\u00f5es de HCG: As inje\u00e7\u00f5es de gonadotrofina cori\u00f4nica humana (HCG) estimulam o corpo a queimar gordura para obter energia, promovendo a perda de peso<a href=\"https:\/\/app.seositecheckup.com\/\" target=\"_blank\" rel=\"noopener\">.<\/a><\/li>\n<\/ol>\n\n\n\n<h2 class=\"wp-block-heading\">Benef\u00edcios das inje\u00e7\u00f5es para perda de peso:<\/h2>\n\n\n\n<ul class=\"wp-block-list\">\n<li>Resultados eficazes de perda de peso<\/li>\n\n\n\n<li>Redu\u00e7\u00e3o do apetite e aumento da saciedade<\/li>\n\n\n\n<li>Taxa metab\u00f3lica melhorada<\/li>\n\n\n\n<li>N\u00edveis de energia aprimorados<\/li>\n\n\n\n<li>Procedimento minimamente invasivo e indolor<\/li>\n<\/ul>\n\n\n\n<h2 class=\"wp-block-heading\">Potenciais efeitos colaterais:<\/h2>\n\n\n\n<ul class=\"wp-block-list\">\n<li>Nausea e vomito<\/li>\n\n\n\n<li>Diarr\u00e9ia e dor abdominal<\/li>\n\n\n\n<li>Dores de cabe\u00e7a e fadiga<\/li>\n\n\n\n<li>Rea\u00e7\u00f5es no local da inje\u00e7\u00e3o<\/li>\n<\/ul>\n\n\n\n<h2 class=\"wp-block-heading\">Conclus\u00e3o:<\/h2>\n\n\n\n<p>As injec\u00e7\u00f5es para perda de peso oferecem uma solu\u00e7\u00e3o promissora para as pessoas que lutam para atingir os seus objectivos de perda de peso. Ao compreender os benef\u00edcios e os tipos de injec\u00e7\u00f5es para perda de peso, pode tomar uma decis\u00e3o informada sobre se este tratamento \u00e9 adequado para si. Consulte um profissional de sa\u00fade para determinar o melhor curso de a\u00e7\u00e3o para a sua perda de peso <a href=\"https:\/\/consultaremedios.com.br\/mounjaro\/bula\" target=\"_blank\" rel=\"noopener\">viagem<\/a>.<\/p>\n<\/div>\n<\/div><\/div>\n\n\n\n<div class=\"wp-block-uagb-container uagb-block-d7b60fd6 alignfull uagb-is-root-container\"><div class=\"uagb-container-inner-blocks-wrap\">\n<div class=\"wp-block-uagb-info-box uagb-block-6fdc34d4 uagb-infobox__content-wrap  uagb-infobox-icon-above-title uagb-infobox-image-valign-top\"><div class=\"uagb-ifb-content\"><div class=\"uagb-ifb-title-wrap\"><h2 class=\"uagb-ifb-title\">Pronto para iniciar sua jornada para perder peso?<\/h2><\/div><p class=\"uagb-ifb-desc\">Online Pharm is a trusted provider of high-quality weight loss injections, helping individuals achieve their weight loss goals.<\/p><div class=\"uagb-ifb-button-wrapper wp-block-button\"><a href=\"https:\/\/onlinepharm.eu\/en\/shop\/\" class=\"uagb-infobox-cta-link wp-block-button__link\" target=\"_self\" rel=\"noopener noreferrer\" onclick=\"return true;\"><span class=\"uagb-inline-editing\">Compre agora<\/span><\/a><\/div><\/div><\/div>\n<\/div><\/div>","protected":false},"excerpt":{"rendered":"<p>cheapest Mounjaro injection. Transformation through Weight Loss Injections About Online Pharm EU Empowering clients with effective weight loss solutions, achieving [&hellip;]<\/p>","protected":false},"author":1,"featured_media":0,"parent":0,"menu_order":0,"comment_status":"closed","ping_status":"closed","template":"","meta":{"_uag_custom_page_level_css":"","site-sidebar-layout":"default","site-content-layout":"","ast-site-content-layout":"","site-content-style":"default","site-sidebar-style":"default","ast-global-header-display":"","ast-banner-title-visibility":"","ast-main-header-display":"","ast-hfb-above-header-display":"","ast-hfb-below-header-display":"","ast-hfb-mobile-header-display":"","site-post-title":"disabled","ast-breadcrumbs-content":"","ast-featured-img":"","footer-sml-layout":"","theme-transparent-header-meta":"","adv-header-id-meta":"","stick-header-meta":"","header-above-stick-meta":"","header-main-stick-meta":"","header-below-stick-meta":"","astra-migrate-meta-layouts":"default","ast-page-background-enabled":"default","ast-page-background-meta":{"desktop":{"background-color":"var(--ast-global-color-4)","background-image":"","background-repeat":"repeat","background-position":"center center","background-size":"auto","background-attachment":"scroll","background-type":"","background-media":"","overlay-type":"","overlay-color":"","overlay-opacity":"","overlay-gradient":""},"tablet":{"background-color":"","background-image":"","background-repeat":"repeat","background-position":"center center","background-size":"auto","background-attachment":"scroll","background-type":"","background-media":"","overlay-type":"","overlay-color":"","overlay-opacity":"","overlay-gradient":""},"mobile":{"background-color":"","background-image":"","background-repeat":"repeat","background-position":"center center","background-size":"auto","background-attachment":"scroll","background-type":"","background-media":"","overlay-type":"","overlay-color":"","overlay-opacity":"","overlay-gradient":""}},"ast-content-background-meta":{"desktop":{"background-color":"var(--ast-global-color-5)","background-image":"","background-repeat":"repeat","background-position":"center center","background-size":"auto","background-attachment":"scroll","background-type":"","background-media":"","overlay-type":"","overlay-color":"","overlay-opacity":"","overlay-gradient":""},"tablet":{"background-color":"var(--ast-global-color-5)","background-image":"","background-repeat":"repeat","background-position":"center center","background-size":"auto","background-attachment":"scroll","background-type":"","background-media":"","overlay-type":"","overlay-color":"","overlay-opacity":"","overlay-gradient":""},"mobile":{"background-color":"var(--ast-global-color-5)","background-image":"","background-repeat":"repeat","background-position":"center center","background-size":"auto","background-attachment":"scroll","background-type":"","background-media":"","overlay-type":"","overlay-color":"","overlay-opacity":"","overlay-gradient":""}},"footnotes":""},"class_list":["post-24","page","type-page","status-publish","hentry"],"uagb_featured_image_src":{"full":false,"thumbnail":false,"medium":false,"medium_large":false,"large":false,"1536x1536":false,"2048x2048":false,"trp-custom-language-flag":false,"woocommerce_thumbnail":false,"woocommerce_single":false,"woocommerce_gallery_thumbnail":false},"uagb_author_info":{"display_name":"weightandfat","author_link":"https:\/\/onlinepharm.eu\/pt\/author\/weightandfat\/"},"uagb_comment_info":0,"uagb_excerpt":"cheapest Mounjaro injection. Transformation through Weight Loss Injections About Online Pharm EU Empowering clients with effective weight loss solutions, achieving [&hellip;]","_links":{"self":[{"href":"https:\/\/onlinepharm.eu\/pt\/wp-json\/wp\/v2\/pages\/24","targetHints":{"allow":["GET"]}}],"collection":[{"href":"https:\/\/onlinepharm.eu\/pt\/wp-json\/wp\/v2\/pages"}],"about":[{"href":"https:\/\/onlinepharm.eu\/pt\/wp-json\/wp\/v2\/types\/page"}],"author":[{"embeddable":true,"href":"https:\/\/onlinepharm.eu\/pt\/wp-json\/wp\/v2\/users\/1"}],"replies":[{"embeddable":true,"href":"https:\/\/onlinepharm.eu\/pt\/wp-json\/wp\/v2\/comments?post=24"}],"version-history":[{"count":1,"href":"https:\/\/onlinepharm.eu\/pt\/wp-json\/wp\/v2\/pages\/24\/revisions"}],"predecessor-version":[{"id":2481,"href":"https:\/\/onlinepharm.eu\/pt\/wp-json\/wp\/v2\/pages\/24\/revisions\/2481"}],"wp:attachment":[{"href":"https:\/\/onlinepharm.eu\/pt\/wp-json\/wp\/v2\/media?parent=24"}],"curies":[{"name":"wp","href":"https:\/\/api.w.org\/{rel}","templated":true}]}}