{"id":2305,"date":"2025-03-26T03:43:18","date_gmt":"2025-03-26T03:43:18","guid":{"rendered":"https:\/\/weightlossandfatloss.com\/?page_id=2305"},"modified":"2025-03-26T03:43:20","modified_gmt":"2025-03-26T03:43:20","slug":"injecao-de-ozempic","status":"publish","type":"page","link":"https:\/\/onlinepharm.eu\/pt\/injecao-de-ozempic\/","title":{"rendered":"Ozempic"},"content":{"rendered":"<div class=\"wp-block-uagb-advanced-heading uagb-block-87f2c092\"><h1 class=\"uagb-heading-text\">Ozempic Inje\u00e7\u00e3o<\/h1><\/div>\n\n\n\n<div class=\"wp-block-uagb-image uagb-block-9fdb3455 wp-block-uagb-image--layout-default wp-block-uagb-image--effect-static wp-block-uagb-image--align-none\"><figure class=\"wp-block-uagb-image__figure\"><img decoding=\"async\" srcset=\"https:\/\/onlinepharm.eu\/wp-content\/uploads\/2024\/08\/buy-ozempic-Netherland.webp ,https:\/\/onlinepharm.eu\/wp-content\/uploads\/2024\/08\/buy-ozempic-Netherland.webp 780w, https:\/\/onlinepharm.eu\/wp-content\/uploads\/2024\/08\/buy-ozempic-Netherland.webp 360w\" sizes=\"auto, (max-width: 480px) 150px\" src=\"https:\/\/onlinepharm.eu\/wp-content\/uploads\/2024\/08\/buy-ozempic-Netherland.webp\" alt=\"Ozempic Inje\u00e7\u00e3o\" class=\"uag-image-1781\" width=\"1000\" height=\"563\" title=\"comprar ozempic europa\" loading=\"lazy\" role=\"img\"\/><\/figure><\/div>\n\n\n\n<div class=\"wp-block-uagb-advanced-heading uagb-block-dddb48d4\"><h2 class=\"uagb-heading-text\">O que \u00e9 o Ozempic?<\/h2><\/div>\n\n\n\n<p><a href=\"https:\/\/onlinepharm.eu\/en\/product-category\/ozempic-kopen-nederland\/\">Ozempic<\/a> \u00e9 o nome comercial do medicamento Semaglutide, que \u00e9 utilizado principalmente no tratamento da diabetes tipo 2 e no controlo do peso. Ajuda a regular o a\u00e7\u00facar no sangue ao imitar a a\u00e7\u00e3o da hormona GLP-1, que aumenta a produ\u00e7\u00e3o de insulina e reduz a liberta\u00e7\u00e3o de glucagon em resposta \u00e0s refei\u00e7\u00f5es. Esta dupla a\u00e7\u00e3o ajuda a baixar os n\u00edveis de a\u00e7\u00facar no sangue e promove a perda de peso.<\/p>\n\n\n\n<div class=\"wp-block-uagb-advanced-heading uagb-block-7a29d4fe\"><h2 class=\"uagb-heading-text\">Como funciona o Ozempic?<\/h2><\/div>\n\n\n\n<p>Ozempic ajuda a perder peso reduzindo o apetite e aumentando a sensa\u00e7\u00e3o de saciedade. Actua atrav\u00e9s de dois mecanismos principais:<\/p>\n\n\n\n<ul class=\"wp-block-list\">\n<li>Estimular a produ\u00e7\u00e3o de insulina: Ozempic imita a hormona GLP-1, que ajuda a aumentar a produ\u00e7\u00e3o de insulina ap\u00f3s as refei\u00e7\u00f5es, baixando os n\u00edveis de a\u00e7\u00facar no sangue.<\/li>\n\n\n\n<li>Redu\u00e7\u00e3o do apetite: Tamb\u00e9m atrasa o esvaziamento do est\u00f4mago, fazendo com que se sinta cheio durante mais tempo, o que ajuda a reduzir a ingest\u00e3o de alimentos e promove a perda de peso.<\/li>\n<\/ul>\n\n\n\n<div class=\"wp-block-uagb-advanced-heading uagb-block-9d2015e4\"><h2 class=\"uagb-heading-text\">Onde se pode comprar Ozempic?<\/h2><\/div>\n\n\n\n<p>Ozempic est\u00e1 dispon\u00edvel nos Pa\u00edses Baixos, mas requer receita m\u00e9dica. Pode marcar uma consulta com um profissional de sa\u00fade para determinar se o Ozempic \u00e9 adequado para si. \u00c9 importante obt\u00ea-lo atrav\u00e9s de canais m\u00e9dicos leg\u00edtimos para garantir a sua seguran\u00e7a e efic\u00e1cia.<\/p>\n\n\n\n<div class=\"wp-block-uagb-advanced-heading uagb-block-a7d2d592\"><h2 class=\"uagb-heading-text\">Efeitos secund\u00e1rios poss\u00edveis<\/h2><\/div>\n\n\n\n<p>Os efeitos secund\u00e1rios mais comuns do Ozempic incluem n\u00e1useas, v\u00f3mitos, diarreia e obstipa\u00e7\u00e3o. Estes efeitos secund\u00e1rios s\u00e3o geralmente ligeiros e desaparecem com o tempo. No entanto, \u00e9 importante falar sobre quaisquer efeitos secund\u00e1rios com o seu m\u00e9dico.<\/p>\n\n\n\n<div class=\"wp-block-uagb-advanced-heading uagb-block-21a1e866\"><h2 class=\"uagb-heading-text\">Ozempic Injection e perda de peso<\/h2><\/div>\n\n\n\n<p>Ozempic tem demonstrado resultados significativos na perda de peso em pessoas obesas ou com excesso de peso. Estudos cl\u00ednicos indicam que as pessoas que utilizam Ozempic podem perder at\u00e9 14,9% do seu peso corporal. Isto torna-o uma ferramenta poderosa no controlo da diabetes tipo 2 e <a href=\"https:\/\/www.healthline.com\/health\/drugs\/ozempic\" target=\"_blank\" rel=\"noopener\">obesidade<\/a>.<\/p>\n\n\n\n<div class=\"wp-block-uagb-advanced-heading uagb-block-316f08fe\"><h2 class=\"uagb-heading-text\">Como utilizar Ozempic?<\/h2><\/div>\n\n\n\n<p>Ozempic \u00e9 geralmente administrado uma vez por semana por inje\u00e7\u00e3o. \u00c9 crucial seguir cuidadosamente as instru\u00e7\u00f5es de dosagem e administra\u00e7\u00e3o do seu profissional de sa\u00fade para obter os melhores resultados. Nunca ajuste a dose sem consultar o seu m\u00e9dico.<\/p>\n\n\n\n<div class=\"wp-block-uagb-advanced-heading uagb-block-25d2f08b\"><h2 class=\"uagb-heading-text\">Perguntas frequentes (FAQ)<\/h2><\/div>\n\n\n\n<div class=\"wp-block-uagb-advanced-heading uagb-block-3291a6a9\"><h3 class=\"uagb-heading-text\">Quanto peso se pode perder com Ozempic?<\/h3><\/div>\n\n\n\n<p>O Ozempic e medicamentos semelhantes permitem atualmente uma perda de peso m\u00e9dia de\u00a0<strong>15 a 20 por cento<\/strong>, significativamente superior \u00e0s op\u00e7\u00f5es anteriores. Cerca de um ter\u00e7o registou uma perda de cerca de 10% do peso corporal.<\/p>\n\n\n\n<div class=\"wp-block-uagb-advanced-heading uagb-block-6d4a170d\"><h3 class=\"uagb-heading-text\">Quais s\u00e3o os efeitos secund\u00e1rios do Ozempic?<\/h3><\/div>\n\n\n\n<p>Os efeitos secund\u00e1rios mais comuns incluem n\u00e1useas, v\u00f3mitos, diarreia e obstipa\u00e7\u00e3o. \u00c9 importante discutir quaisquer efeitos secund\u00e1rios com o seu profissional de sa\u00fade.<\/p>\n\n\n\n<div class=\"wp-block-uagb-advanced-heading uagb-block-8adc6e52\"><h3 class=\"uagb-heading-text\">O Ozempic est\u00e1 dispon\u00edvel sem receita m\u00e9dica?<\/h3><\/div>\n\n\n\n<p>N\u00e3o, Ozempic requer uma receita m\u00e9dica e deve ser obtido atrav\u00e9s de canais m\u00e9dicos leg\u00edtimos para garantir a seguran\u00e7a e efic\u00e1cia.<\/p>\n\n\n\n<div class=\"wp-block-uagb-advanced-heading uagb-block-51e4011a\"><h3 class=\"uagb-heading-text\">Onde se pode comprar Ozempic online?<\/h3><\/div>\n\n\n\n<p>Ozempic pode ser comprado online na nossa farm\u00e1cia certificada nos Pa\u00edses Baixos, Espanha e Alemanha, desde que tenha uma receita m\u00e9dica v\u00e1lida.<\/p>\n\n\n\n<div class=\"wp-block-uagb-advanced-heading uagb-block-18c652dd\"><h3 class=\"uagb-heading-text\">Como \u00e9 que Ozempic ajuda na perda de peso?<\/h3><\/div>\n\n\n\n<p>Ozempic ajuda a perder peso, reduzindo o apetite e aumentando a sensa\u00e7\u00e3o de saciedade, o que leva a uma menor ingest\u00e3o de alimentos.<\/p>\n\n\n\n<div class=\"wp-block-uagb-advanced-heading uagb-block-a2e6280e\"><h4 class=\"uagb-heading-text\">Apelo \u00e0 a\u00e7\u00e3o<\/h4><\/div>\n\n\n\n<p>Est\u00e1 interessado em saber como Ozempic pode ajud\u00e1-lo a atingir os seus objectivos de sa\u00fade e perda de peso? Se sim, contacte um profissional de sa\u00fade qualificado para uma consulta. Certifique-se de que preenche os crit\u00e9rios m\u00e9dicos e discuta cuidadosamente as op\u00e7\u00f5es e os efeitos secund\u00e1rios com o seu m\u00e9dico.<\/p>\n\n\n\n<p>Para mais informa\u00e7\u00f5es e actualiza\u00e7\u00f5es sobre <a href=\"https:\/\/onlinepharm.eu\/en\/product-category\/ozempic-kopen-nederland\/\">Ozempic's<\/a> disponibilidade, visite regularmente o nosso s\u00edtio Web e fique a par dos \u00faltimos desenvolvimentos.<\/p>\n\n\n\n<div class=\"wp-block-uagb-container uagb-block-5a63678d alignfull uagb-is-root-container\"><div class=\"uagb-container-inner-blocks-wrap\">\n<div class=\"wp-block-uagb-container uagb-block-cc31ef61\">\n<div class=\"wp-block-uagb-image uagb-block-6a819919 wp-block-uagb-image--layout-default wp-block-uagb-image--effect-static wp-block-uagb-image--align-none\"><figure class=\"wp-block-uagb-image__figure\"><img decoding=\"async\" srcset=\"https:\/\/onlinepharm.eu\/wp-content\/uploads\/2024\/09\/Weightloss-fatloss-1.png ,https:\/\/onlinepharm.eu\/wp-content\/uploads\/2024\/09\/Weightloss-fatloss-1.png 780w, https:\/\/onlinepharm.eu\/wp-content\/uploads\/2024\/09\/Weightloss-fatloss-1.png 360w\" sizes=\"auto, (max-width: 480px) 150px\" src=\"https:\/\/onlinepharm.eu\/wp-content\/uploads\/2024\/09\/Weightloss-fatloss-1.png\" alt=\"Perda de peso e perda de gordura\" class=\"uag-image-1818\" width=\"500\" height=\"500\" title=\"Perda de peso e perda de gordura\" loading=\"lazy\" role=\"img\"\/><\/figure><\/div>\n<\/div>\n\n\n\n<div class=\"wp-block-uagb-container uagb-block-1c6e11d3\">\n<div class=\"wp-block-uagb-image uagb-block-f3529d19 wp-block-uagb-image--layout-default wp-block-uagb-image--effect-static wp-block-uagb-image--align-none\"><figure class=\"wp-block-uagb-image__figure\"><img decoding=\"async\" srcset=\"https:\/\/onlinepharm.eu\/wp-content\/uploads\/2024\/07\/Ozempic-Injection-Semaglutide-Injection-Pack-of-1-Pre-filled-Pen-3-1024x1024.jpg ,https:\/\/onlinepharm.eu\/wp-content\/uploads\/2024\/07\/Ozempic-Injection-Semaglutide-Injection-Pack-of-1-Pre-filled-Pen-3.jpg 780w, https:\/\/onlinepharm.eu\/wp-content\/uploads\/2024\/07\/Ozempic-Injection-Semaglutide-Injection-Pack-of-1-Pre-filled-Pen-3.jpg 360w\" sizes=\"auto, (max-width: 480px) 150px\" src=\"https:\/\/onlinepharm.eu\/wp-content\/uploads\/2024\/07\/Ozempic-Injection-Semaglutide-Injection-Pack-of-1-Pre-filled-Pen-3-1024x1024.jpg\" alt=\"\" class=\"uag-image-1614\" width=\"1024\" height=\"1024\" title=\"Ozempic-Injection-Semaglutide-Injection-Pack-of-1-Pre-filled-Pen-3\" loading=\"lazy\" role=\"img\"\/><\/figure><\/div>\n<\/div>\n\n\n\n<div class=\"wp-block-uagb-container uagb-block-029eda54\">\n<div class=\"wp-block-uagb-image uagb-block-c4b2b218 wp-block-uagb-image--layout-default wp-block-uagb-image--effect-static wp-block-uagb-image--align-none\"><figure class=\"wp-block-uagb-image__figure\"><img decoding=\"async\" srcset=\"https:\/\/onlinepharm.eu\/wp-content\/uploads\/2024\/07\/cropped-losing-weight-for-no-reason.avif ,https:\/\/onlinepharm.eu\/wp-content\/uploads\/2024\/07\/cropped-losing-weight-for-no-reason.avif 780w, https:\/\/onlinepharm.eu\/wp-content\/uploads\/2024\/07\/cropped-losing-weight-for-no-reason.avif 360w\" sizes=\"auto, (max-width: 480px) 150px\" src=\"https:\/\/onlinepharm.eu\/wp-content\/uploads\/2024\/07\/cropped-losing-weight-for-no-reason.avif\" alt=\"Ozempic comprar\" class=\"uag-image-1800\" width=\"512\" height=\"512\" title=\"Ozempic comprar\" loading=\"lazy\" role=\"img\"\/><\/figure><\/div>\n<\/div>\n<\/div><\/div>","protected":false},"excerpt":{"rendered":"<p>Ozempic Injection What is Ozempic? Ozempic is a brand name for the drug Semaglutide, which is mainly used to treat [&hellip;]<\/p>","protected":false},"author":1,"featured_media":0,"parent":0,"menu_order":0,"comment_status":"closed","ping_status":"closed","template":"","meta":{"_uag_custom_page_level_css":"","site-sidebar-layout":"default","site-content-layout":"","ast-site-content-layout":"","site-content-style":"default","site-sidebar-style":"default","ast-global-header-display":"","ast-banner-title-visibility":"","ast-main-header-display":"","ast-hfb-above-header-display":"","ast-hfb-below-header-display":"","ast-hfb-mobile-header-display":"","site-post-title":"disabled","ast-breadcrumbs-content":"","ast-featured-img":"","footer-sml-layout":"","theme-transparent-header-meta":"","adv-header-id-meta":"","stick-header-meta":"","header-above-stick-meta":"","header-main-stick-meta":"","header-below-stick-meta":"","astra-migrate-meta-layouts":"default","ast-page-background-enabled":"default","ast-page-background-meta":{"desktop":{"background-color":"var(--ast-global-color-4)","background-image":"","background-repeat":"repeat","background-position":"center center","background-size":"auto","background-attachment":"scroll","background-type":"","background-media":"","overlay-type":"","overlay-color":"","overlay-opacity":"","overlay-gradient":""},"tablet":{"background-color":"","background-image":"","background-repeat":"repeat","background-position":"center center","background-size":"auto","background-attachment":"scroll","background-type":"","background-media":"","overlay-type":"","overlay-color":"","overlay-opacity":"","overlay-gradient":""},"mobile":{"background-color":"","background-image":"","background-repeat":"repeat","background-position":"center center","background-size":"auto","background-attachment":"scroll","background-type":"","background-media":"","overlay-type":"","overlay-color":"","overlay-opacity":"","overlay-gradient":""}},"ast-content-background-meta":{"desktop":{"background-color":"var(--ast-global-color-5)","background-image":"","background-repeat":"repeat","background-position":"center center","background-size":"auto","background-attachment":"scroll","background-type":"","background-media":"","overlay-type":"","overlay-color":"","overlay-opacity":"","overlay-gradient":""},"tablet":{"background-color":"var(--ast-global-color-5)","background-image":"","background-repeat":"repeat","background-position":"center center","background-size":"auto","background-attachment":"scroll","background-type":"","background-media":"","overlay-type":"","overlay-color":"","overlay-opacity":"","overlay-gradient":""},"mobile":{"background-color":"var(--ast-global-color-5)","background-image":"","background-repeat":"repeat","background-position":"center center","background-size":"auto","background-attachment":"scroll","background-type":"","background-media":"","overlay-type":"","overlay-color":"","overlay-opacity":"","overlay-gradient":""}},"footnotes":""},"class_list":["post-2305","page","type-page","status-publish","hentry"],"uagb_featured_image_src":{"full":false,"thumbnail":false,"medium":false,"medium_large":false,"large":false,"1536x1536":false,"2048x2048":false,"trp-custom-language-flag":false,"woocommerce_thumbnail":false,"woocommerce_single":false,"woocommerce_gallery_thumbnail":false},"uagb_author_info":{"display_name":"weightandfat","author_link":"https:\/\/onlinepharm.eu\/pt\/author\/weightandfat\/"},"uagb_comment_info":0,"uagb_excerpt":"Ozempic Injection What is Ozempic? Ozempic is a brand name for the drug Semaglutide, which is mainly used to treat [&hellip;]","_links":{"self":[{"href":"https:\/\/onlinepharm.eu\/pt\/wp-json\/wp\/v2\/pages\/2305","targetHints":{"allow":["GET"]}}],"collection":[{"href":"https:\/\/onlinepharm.eu\/pt\/wp-json\/wp\/v2\/pages"}],"about":[{"href":"https:\/\/onlinepharm.eu\/pt\/wp-json\/wp\/v2\/types\/page"}],"author":[{"embeddable":true,"href":"https:\/\/onlinepharm.eu\/pt\/wp-json\/wp\/v2\/users\/1"}],"replies":[{"embeddable":true,"href":"https:\/\/onlinepharm.eu\/pt\/wp-json\/wp\/v2\/comments?post=2305"}],"version-history":[{"count":0,"href":"https:\/\/onlinepharm.eu\/pt\/wp-json\/wp\/v2\/pages\/2305\/revisions"}],"wp:attachment":[{"href":"https:\/\/onlinepharm.eu\/pt\/wp-json\/wp\/v2\/media?parent=2305"}],"curies":[{"name":"wp","href":"https:\/\/api.w.org\/{rel}","templated":true}]}}