{"id":2278,"date":"2025-03-26T00:34:53","date_gmt":"2025-03-26T00:34:53","guid":{"rendered":"https:\/\/weightlossandfatloss.com\/?page_id=2278"},"modified":"2025-03-26T02:20:10","modified_gmt":"2025-03-26T02:20:10","slug":"injecao-de-mounjaro","status":"publish","type":"page","link":"https:\/\/onlinepharm.eu\/pt\/injecao-de-mounjaro\/","title":{"rendered":"mounjaro"},"content":{"rendered":"<div class=\"wp-block-uagb-advanced-heading uagb-block-2f8257a0\"><h1 class=\"uagb-heading-text\">Inje\u00e7\u00e3o de Mounjaro<\/h1><\/div>\n\n\n\n<div style=\"height:63px\" aria-hidden=\"true\" class=\"wp-block-spacer\"><\/div>\n\n\n\n<div class=\"wp-block-uagb-image aligncenter uagb-block-106d2fa3 wp-block-uagb-image--layout-default wp-block-uagb-image--effect-static wp-block-uagb-image--align-center\"><figure class=\"wp-block-uagb-image__figure\"><img decoding=\"async\" srcset=\"https:\/\/onlinepharm.eu\/wp-content\/uploads\/2024\/07\/1443664020-mounjaro-1024x450.png ,https:\/\/onlinepharm.eu\/wp-content\/uploads\/2024\/07\/1443664020-mounjaro.png 780w, https:\/\/onlinepharm.eu\/wp-content\/uploads\/2024\/07\/1443664020-mounjaro.png 360w\" sizes=\"auto, (max-width: 480px) 150px\" src=\"https:\/\/onlinepharm.eu\/wp-content\/uploads\/2024\/07\/1443664020-mounjaro-1024x450.png\" alt=\"Mounjaro Pa\u00edses Baixos\" class=\"uag-image-1719\" width=\"1024\" height=\"450\" title=\"1443664020-mounjaro\" loading=\"lazy\" role=\"img\"\/><\/figure><\/div>\n\n\n\n<div class=\"wp-block-uagb-advanced-heading uagb-block-a55b7f89\"><h2 class=\"uagb-heading-text\"><\/h2><\/div>\n\n\n\n<div class=\"wp-block-uagb-advanced-heading uagb-block-b3c6b8d9\"><h2 class=\"uagb-heading-text\">O que \u00e9 o Mounjaro?<\/h2><\/div>\n\n\n\n<p>Mounjaro \u00e9 o nome comercial do medicamento Tirzepatide. \u00c9 utilizado no tratamento da diabetes tipo 2 e no controlo do peso. O Tirzepatide actua reduzindo os n\u00edveis de a\u00e7\u00facar no sangue e melhorando a produ\u00e7\u00e3o de insulina. Al\u00e9m disso, ajuda na perda de peso, tornando-o uma escolha popular para quem \u00e9 obeso ou tem excesso de peso. <a href=\"https:\/\/onlinepharm.eu\/en\/product-category\/mounjaro-kopen\/\">Clique aqui<\/a> para ver produtos e pre\u00e7os<\/p>\n\n\n\n<div class=\"wp-block-uagb-advanced-heading uagb-block-9d8ff36b\"><h2 class=\"uagb-heading-text\">Como \u00e9 que o Mounjaro funciona?<\/h2><\/div>\n\n\n\n<p>O Mounjaro ajuda a perder peso reduzindo o apetite. Afecta duas hormonas:<\/p>\n\n\n\n<ul class=\"wp-block-list\">\n<li>GIP (polip\u00e9ptido insulinotr\u00f3pico dependente da glucose): Estimula a produ\u00e7\u00e3o de insulina depois de comer, levando a uma maior sensa\u00e7\u00e3o de saciedade.<\/li>\n\n\n\n<li>GLP-1 (glucagon-like peptide-1): Imita a a\u00e7\u00e3o do GLP-1, resultando tamb\u00e9m no aumento da sensa\u00e7\u00e3o de saciedade e na redu\u00e7\u00e3o do apetite.<\/li>\n<\/ul>\n\n\n\n<p>Onde se pode comprar Mounjaro?<br>Atualmente, o Mounjaro ainda n\u00e3o est\u00e1 dispon\u00edvel no mercado neerland\u00eas. Quando estiver dispon\u00edvel, ser\u00e1 apenas sujeito a receita m\u00e9dica. \u00c9 importante marcar uma consulta com um m\u00e9dico que avaliar\u00e1 o seu historial m\u00e9dico antes de poder obter uma receita m\u00e9dica. mounjaro nederland<\/p>\n\n\n\n<div class=\"wp-block-uagb-advanced-heading uagb-block-d766768a\"><h2 class=\"uagb-heading-text\">Efeitos secund\u00e1rios de Mounjaro<\/h2><\/div>\n\n\n\n<p>Como a maioria dos medicamentos, Mounjaro pode causar efeitos secund\u00e1rios ligeiros ou graves. As listas abaixo descrevem alguns dos efeitos secund\u00e1rios mais comuns que Mounjaro pode causar. Estas listas n\u00e3o incluem todos os efeitos secund\u00e1rios poss\u00edveis.<\/p>\n\n\n\n<p>Tenha em aten\u00e7\u00e3o que os efeitos secund\u00e1rios de um medicamento podem depender:<\/p>\n\n\n\n<p>outros problemas de sa\u00fade que tenha<br>outros medicamentos que est\u00e1 a tomar<br>O seu m\u00e9dico ou farmac\u00eautico pode inform\u00e1-lo sobre os poss\u00edveis efeitos secund\u00e1rios de Mounjaro. Podem tamb\u00e9m sugerir formas de reduzir os efeitos secund\u00e1rios.<\/p>\n\n\n\n<div class=\"wp-block-uagb-advanced-heading uagb-block-1df1da9b\"><h3 class=\"uagb-heading-text\">Efeitos colaterais leves<br><\/h3><\/div>\n\n\n\n<p>Esta \u00e9 uma lista de alguns efeitos secund\u00e1rios ligeiros que o Mounjaro pode causar. Para saber mais sobre outros efeitos secund\u00e1rios ligeiros, fale com o seu m\u00e9dico ou farmac\u00eautico, ou leia a informa\u00e7\u00e3o de prescri\u00e7\u00e3o de Mounjaro.<\/p>\n\n\n\n<p>Os efeitos colaterais leves do Mounjaro que foram relatados incluem:<\/p>\n\n\n\n<ul class=\"wp-block-list\">\n<li>nausea e vomito<\/li>\n\n\n\n<li>diarreia<\/li>\n\n\n\n<li>diminui\u00e7\u00e3o do apetite<\/li>\n\n\n\n<li>constipa\u00e7\u00e3o<\/li>\n\n\n\n<li>dor abdominal<\/li>\n\n\n\n<li>reac\u00e7\u00f5es no local da inje\u00e7\u00e3o<\/li>\n\n\n\n<li>azia<\/li>\n\n\n\n<li>rea\u00e7\u00e3o al\u00e9rgica ligeira*<br>Os efeitos secund\u00e1rios ligeiros de muitos medicamentos podem desaparecer no espa\u00e7o de alguns dias a algumas semanas. Mas se se tornarem inc\u00f3modos, fale com o seu m\u00e9dico ou farmac\u00eautico.<\/li>\n<\/ul>\n\n\n\n<div class=\"wp-block-uagb-advanced-heading uagb-block-838db050\"><h3 class=\"uagb-heading-text\">Efeitos colaterais graves<\/h3><\/div>\n\n\n\n<p>Podem ocorrer efeitos secund\u00e1rios graves com Mounjaro, mas n\u00e3o s\u00e3o frequentes. Se sentir efeitos secund\u00e1rios graves com Mounjaro, contacte imediatamente o seu m\u00e9dico. Mas se pensa que tem uma emerg\u00eancia m\u00e9dica, ligue imediatamente para o 112 ou para o n\u00famero de emerg\u00eancia local.<\/p>\n\n\n\n<p>Os efeitos secund\u00e1rios graves de Mounjaro que foram comunicados incluem:<\/p>\n\n\n\n<ul class=\"wp-block-list\">\n<li>pancreatite (incha\u00e7o do p\u00e2ncreas)<\/li>\n\n\n\n<li>problemas de ves\u00edcula biliar<\/li>\n\n\n\n<li>hipoglicemia (baixo n\u00edvel de a\u00e7\u00facar no sangue)<\/li>\n\n\n\n<li>efeitos secund\u00e1rios digestivos graves, como n\u00e1useas graves, v\u00f3mitos ou diarreia, que podem levar \u00e0 desidrata\u00e7\u00e3o e a problemas renais<\/li>\n\n\n\n<li>advert\u00eancia: risco de cancro da tiroide*<\/li>\n\n\n\n<li>rea\u00e7\u00e3o al\u00e9rgica grave\u2020<\/li>\n<\/ul>\n\n\n\n<div class=\"wp-block-uagb-advanced-heading uagb-block-6c997699\"><h2 class=\"uagb-heading-text\">Como utilizar a inje\u00e7\u00e3o de Mounjaro<\/h2><\/div>\n\n\n\n<p>Mounjaro \u00e9 normalmente administrado por inje\u00e7\u00e3o uma vez por semana. \u00c9 crucial seguir cuidadosamente as instru\u00e7\u00f5es do seu profissional de sa\u00fade para obter os melhores resultados.<\/p>\n\n\n\n<div class=\"wp-block-uagb-advanced-heading uagb-block-38dd9802\"><h2 class=\"uagb-heading-text\">perguntas frequentes<\/h2><\/div>\n\n\n\n<div class=\"wp-block-uagb-advanced-heading uagb-block-507fad66\"><h3 class=\"uagb-heading-text\">Quanto peso se perde com Mounjaro?<\/h3><\/div>\n\n\n\n<p>Os estudos mostram que as pessoas que utilizam Mounjaro perdem uma m\u00e9dia de 12,4% do seu peso corporal, o que \u00e9 mais do que outros medicamentos para perder peso, como o Saxenda.<\/p>\n\n\n\n<div class=\"wp-block-uagb-advanced-heading uagb-block-b640ccd7\"><h3 class=\"uagb-heading-text\">O que \u00e9 melhor, Mounjaro ou Wegovy?<\/h3><\/div>\n\n\n\n<p>Em geral, o Mounjaro parece ser mais eficaz na perda de peso do que o Wegovy devido \u00e0 subst\u00e2ncia ativa Tirzepatide.<\/p>\n\n\n\n<div class=\"wp-block-uagb-advanced-heading uagb-block-4b9b8b14\"><h3 class=\"uagb-heading-text\">O Mounjaro est\u00e1 dispon\u00edvel na Europa?<\/h3><\/div>\n\n\n\n<p><br>O Mounjaro est\u00e1 atualmente dispon\u00edvel em algumas partes da Europa, com e sem receita m\u00e9dica, sob supervis\u00e3o m\u00e9dica. <\/p>\n\n\n\n<div class=\"wp-block-uagb-advanced-heading uagb-block-f57693f7\"><h4 class=\"uagb-heading-text\">Chamada para a\u00e7\u00e3o<\/h4><\/div>\n\n\n\n<p>Est\u00e1 interessado em saber como Mounjaro o pode ajudar a atingir os seus objectivos de sa\u00fade? Em caso afirmativo, contacte um profissional de sa\u00fade qualificado para uma consulta. Certifique-se de que cumpre os crit\u00e9rios m\u00e9dicos e de que <a href=\"https:\/\/www.diabetes.org.uk\/about-diabetes\/looking-after-diabetes\/treatments\/tablets-and-medication\/glp-1\/mounjaro\" target=\"_blank\" rel=\"noopener\">discutir<\/a> op\u00e7\u00f5es e efeitos secund\u00e1rios com o seu m\u00e9dico.<\/p>\n\n\n\n<p>Para mais informa\u00e7\u00f5es e actualiza\u00e7\u00f5es sobre a disponibilidade do Mounjaro, visite regularmente o nosso s\u00edtio Web e mantenha-se atualizado. Comprar <a href=\"https:\/\/onlinepharm.eu\/en\/product-category\/mounjaro-kopen\/\">mounjaro<\/a><\/p>\n\n\n\n<div class=\"wp-block-uagb-container uagb-block-7cae2c60 alignfull uagb-is-root-container\"><div class=\"uagb-container-inner-blocks-wrap\">\n<div class=\"wp-block-uagb-container uagb-block-10f7b9da\">\n<figure class=\"wp-block-image size-full\"><img loading=\"lazy\" decoding=\"async\" width=\"500\" height=\"500\" src=\"https:\/\/onlinepharm.eu\/wp-content\/uploads\/2024\/09\/Weightloss-fatloss-1.png\" alt=\"Perda de peso e perda de gordura\" class=\"wp-image-1818\" srcset=\"https:\/\/onlinepharm.eu\/wp-content\/uploads\/2024\/09\/Weightloss-fatloss-1.png 500w, https:\/\/onlinepharm.eu\/wp-content\/uploads\/2024\/09\/Weightloss-fatloss-1-300x300.png 300w, https:\/\/onlinepharm.eu\/wp-content\/uploads\/2024\/09\/Weightloss-fatloss-1-150x150.png 150w, https:\/\/onlinepharm.eu\/wp-content\/uploads\/2024\/09\/Weightloss-fatloss-1-12x12.png 12w, https:\/\/onlinepharm.eu\/wp-content\/uploads\/2024\/09\/Weightloss-fatloss-1-100x100.png 100w, https:\/\/onlinepharm.eu\/wp-content\/uploads\/2024\/09\/Weightloss-fatloss-1-200x200.png 200w\" sizes=\"auto, (max-width: 500px) 100vw, 500px\" \/><\/figure>\n<\/div>\n\n\n\n<div class=\"wp-block-uagb-container uagb-block-c781fece\">\n<figure class=\"wp-block-image size-large\"><img loading=\"lazy\" decoding=\"async\" width=\"1024\" height=\"538\" src=\"https:\/\/onlinepharm.eu\/wp-content\/uploads\/2025\/03\/mounjaro-logo-medisch-afvallen-body-clinic_0-2048x1075-1-1024x538.jpg\" alt=\"Inje\u00e7\u00e3o de Mounjaro\" class=\"wp-image-2280\" srcset=\"https:\/\/onlinepharm.eu\/wp-content\/uploads\/2025\/03\/mounjaro-logo-medisch-afvallen-body-clinic_0-2048x1075-1-1024x538.jpg 1024w, https:\/\/onlinepharm.eu\/wp-content\/uploads\/2025\/03\/mounjaro-logo-medisch-afvallen-body-clinic_0-2048x1075-1-300x157.jpg 300w, https:\/\/onlinepharm.eu\/wp-content\/uploads\/2025\/03\/mounjaro-logo-medisch-afvallen-body-clinic_0-2048x1075-1-768x403.jpg 768w, https:\/\/onlinepharm.eu\/wp-content\/uploads\/2025\/03\/mounjaro-logo-medisch-afvallen-body-clinic_0-2048x1075-1-1536x806.jpg 1536w, https:\/\/onlinepharm.eu\/wp-content\/uploads\/2025\/03\/mounjaro-logo-medisch-afvallen-body-clinic_0-2048x1075-1-18x9.jpg 18w, https:\/\/onlinepharm.eu\/wp-content\/uploads\/2025\/03\/mounjaro-logo-medisch-afvallen-body-clinic_0-2048x1075-1-600x315.jpg 600w, https:\/\/onlinepharm.eu\/wp-content\/uploads\/2025\/03\/mounjaro-logo-medisch-afvallen-body-clinic_0-2048x1075-1.jpg 2048w\" sizes=\"auto, (max-width: 1024px) 100vw, 1024px\" \/><\/figure>\n<\/div>\n\n\n\n<div class=\"wp-block-uagb-container uagb-block-127663c4\">\n<figure class=\"wp-block-image size-full\"><img loading=\"lazy\" decoding=\"async\" width=\"512\" height=\"512\" src=\"https:\/\/onlinepharm.eu\/wp-content\/uploads\/2024\/07\/cropped-losing-weight-for-no-reason.avif\" alt=\"Ozempic comprar\" class=\"wp-image-1800\" srcset=\"https:\/\/onlinepharm.eu\/wp-content\/uploads\/2024\/07\/cropped-losing-weight-for-no-reason.avif 512w, https:\/\/onlinepharm.eu\/wp-content\/uploads\/2024\/07\/cropped-losing-weight-for-no-reason-300x300.avif 300w, https:\/\/onlinepharm.eu\/wp-content\/uploads\/2024\/07\/cropped-losing-weight-for-no-reason-150x150.avif 150w, https:\/\/onlinepharm.eu\/wp-content\/uploads\/2024\/07\/cropped-losing-weight-for-no-reason-12x12.avif 12w, https:\/\/onlinepharm.eu\/wp-content\/uploads\/2024\/07\/cropped-losing-weight-for-no-reason-100x100.avif 100w, https:\/\/onlinepharm.eu\/wp-content\/uploads\/2024\/07\/cropped-losing-weight-for-no-reason-270x270.avif 270w, https:\/\/onlinepharm.eu\/wp-content\/uploads\/2024\/07\/cropped-losing-weight-for-no-reason-192x192.avif 192w, https:\/\/onlinepharm.eu\/wp-content\/uploads\/2024\/07\/cropped-losing-weight-for-no-reason-180x180.avif 180w, https:\/\/onlinepharm.eu\/wp-content\/uploads\/2024\/07\/cropped-losing-weight-for-no-reason-32x32.avif 32w\" sizes=\"auto, (max-width: 512px) 100vw, 512px\" \/><\/figure>\n<\/div>\n<\/div><\/div>\n\n\n\n<p><\/p>","protected":false},"excerpt":{"rendered":"<p>Mounjaro Injection What is Mounjaro? Mounjaro is a brand name for the drug Tirzepatide. It is used to treat type [&hellip;]<\/p>","protected":false},"author":1,"featured_media":0,"parent":0,"menu_order":0,"comment_status":"closed","ping_status":"closed","template":"","meta":{"_uag_custom_page_level_css":"","site-sidebar-layout":"default","site-content-layout":"","ast-site-content-layout":"","site-content-style":"default","site-sidebar-style":"default","ast-global-header-display":"","ast-banner-title-visibility":"","ast-main-header-display":"","ast-hfb-above-header-display":"","ast-hfb-below-header-display":"","ast-hfb-mobile-header-display":"","site-post-title":"disabled","ast-breadcrumbs-content":"","ast-featured-img":"","footer-sml-layout":"","theme-transparent-header-meta":"","adv-header-id-meta":"","stick-header-meta":"","header-above-stick-meta":"","header-main-stick-meta":"","header-below-stick-meta":"","astra-migrate-meta-layouts":"default","ast-page-background-enabled":"default","ast-page-background-meta":{"desktop":{"background-color":"var(--ast-global-color-4)","background-image":"","background-repeat":"repeat","background-position":"center center","background-size":"auto","background-attachment":"scroll","background-type":"","background-media":"","overlay-type":"","overlay-color":"","overlay-opacity":"","overlay-gradient":""},"tablet":{"background-color":"","background-image":"","background-repeat":"repeat","background-position":"center center","background-size":"auto","background-attachment":"scroll","background-type":"","background-media":"","overlay-type":"","overlay-color":"","overlay-opacity":"","overlay-gradient":""},"mobile":{"background-color":"","background-image":"","background-repeat":"repeat","background-position":"center center","background-size":"auto","background-attachment":"scroll","background-type":"","background-media":"","overlay-type":"","overlay-color":"","overlay-opacity":"","overlay-gradient":""}},"ast-content-background-meta":{"desktop":{"background-color":"var(--ast-global-color-5)","background-image":"","background-repeat":"repeat","background-position":"center center","background-size":"auto","background-attachment":"scroll","background-type":"","background-media":"","overlay-type":"","overlay-color":"","overlay-opacity":"","overlay-gradient":""},"tablet":{"background-color":"var(--ast-global-color-5)","background-image":"","background-repeat":"repeat","background-position":"center center","background-size":"auto","background-attachment":"scroll","background-type":"","background-media":"","overlay-type":"","overlay-color":"","overlay-opacity":"","overlay-gradient":""},"mobile":{"background-color":"var(--ast-global-color-5)","background-image":"","background-repeat":"repeat","background-position":"center center","background-size":"auto","background-attachment":"scroll","background-type":"","background-media":"","overlay-type":"","overlay-color":"","overlay-opacity":"","overlay-gradient":""}},"footnotes":""},"class_list":["post-2278","page","type-page","status-publish","hentry"],"uagb_featured_image_src":{"full":false,"thumbnail":false,"medium":false,"medium_large":false,"large":false,"1536x1536":false,"2048x2048":false,"trp-custom-language-flag":false,"woocommerce_thumbnail":false,"woocommerce_single":false,"woocommerce_gallery_thumbnail":false},"uagb_author_info":{"display_name":"weightandfat","author_link":"https:\/\/onlinepharm.eu\/pt\/author\/weightandfat\/"},"uagb_comment_info":0,"uagb_excerpt":"Mounjaro Injection What is Mounjaro? Mounjaro is a brand name for the drug Tirzepatide. It is used to treat type [&hellip;]","_links":{"self":[{"href":"https:\/\/onlinepharm.eu\/pt\/wp-json\/wp\/v2\/pages\/2278","targetHints":{"allow":["GET"]}}],"collection":[{"href":"https:\/\/onlinepharm.eu\/pt\/wp-json\/wp\/v2\/pages"}],"about":[{"href":"https:\/\/onlinepharm.eu\/pt\/wp-json\/wp\/v2\/types\/page"}],"author":[{"embeddable":true,"href":"https:\/\/onlinepharm.eu\/pt\/wp-json\/wp\/v2\/users\/1"}],"replies":[{"embeddable":true,"href":"https:\/\/onlinepharm.eu\/pt\/wp-json\/wp\/v2\/comments?post=2278"}],"version-history":[{"count":0,"href":"https:\/\/onlinepharm.eu\/pt\/wp-json\/wp\/v2\/pages\/2278\/revisions"}],"wp:attachment":[{"href":"https:\/\/onlinepharm.eu\/pt\/wp-json\/wp\/v2\/media?parent=2278"}],"curies":[{"name":"wp","href":"https:\/\/api.w.org\/{rel}","templated":true}]}}