{"id":28,"date":"2024-07-14T01:36:12","date_gmt":"2024-07-14T01:36:12","guid":{"rendered":"http:\/\/weightlossandfatloss.com\/contact\/"},"modified":"2025-08-29T11:47:12","modified_gmt":"2025-08-29T11:47:12","slug":"how-do-weight-loss-drugs-work","status":"publish","type":"page","link":"https:\/\/onlinepharm.eu\/pl\/how-do-weight-loss-drugs-work\/","title":{"rendered":"Kontakt"},"content":{"rendered":"<div class=\"wp-block-uagb-container uagb-block-dde5c922 alignfull uagb-is-root-container\">\n<div class=\"wp-block-uagb-container uagb-block-b618de5d\">\n<div class=\"wp-block-uagb-advanced-heading uagb-block-1d772575\"><h2 class=\"uagb-heading-text\">Jak dzia\u0142aj\u0105 leki na odchudzanie?. Skontaktuj si\u0119 z naszymi ekspertami w zakresie odchudzania<\/h2><\/div>\n<\/div>\n<\/div>\n\n\n\n<div class=\"wp-block-uagb-container uagb-block-4b0b8f05 alignfull uagb-is-root-container\"><div class=\"uagb-container-inner-blocks-wrap\">\n<div class=\"wp-block-uagb-advanced-heading uagb-block-ab53c455\"><h2 class=\"uagb-heading-text\">Skontaktuj si\u0119 z nami<\/h2><p class=\"uagb-desc-text\">Chcieliby\u015bmy us\u0142ysze\u0107 od Ciebie. Skontaktuj si\u0119 z nami w przypadku jakichkolwiek pyta\u0144.<\/p><\/div>\n\n\n\n<div class=\"wp-block-uagb-container uagb-block-69e826b6 alignfull uagb-is-root-container\"><div class=\"uagb-container-inner-blocks-wrap\">\n<div class=\"wp-block-uagb-container uagb-block-766bbd82\">\n<div class=\"wp-block-uagb-forms uagb-forms__outer-wrap uagb-block-dc66265a uagb-forms__medium-btn\"><form class=\"uagb-forms-main-form\" method=\"post\" autocomplete=\"on\" name=\"uagb-form-dc66265a\" action=\"\">\n<div class=\"wp-block-uagb-forms-name uagb-forms-name-wrap uagb-forms-field-set uagb-block-7af00aa6 uag-col-2\"><div class=\"uagb-forms-name-label required uagb-forms-input-label\" id=\"7af00aa6\">Imi\u0119<\/div><input type=\"text\" placeholder=\"Imi\u0119\" required class=\"uagb-forms-name-input uagb-forms-input\" name=\"7af00aa6\" autocomplete=\"given-name\"\/><\/div>\n\n\n\n<div class=\"wp-block-uagb-forms-name uagb-forms-name-wrap uagb-forms-field-set uagb-block-5c857b06 uag-col-2\"><div class=\"uagb-forms-name-label required uagb-forms-input-label\" id=\"5c857b06\">Nazwisko<\/div><input type=\"text\" placeholder=\"Nazwisko\" required class=\"uagb-forms-name-input uagb-forms-input\" name=\"5c857b06\" autocomplete=\"family-name\"\/><\/div>\n\n\n\n<div class=\"wp-block-uagb-forms-email uagb-forms-email-wrap uagb-forms-field-set uagb-block-994c997d\"><div class=\"uagb-forms-email-label  uagb-forms-input-label\" id=\"994c997d\">E-mail<\/div><input type=\"email\" class=\"uagb-forms-email-input uagb-forms-input\" placeholder=\"Adres e-mail\" name=\"994c997d\" autocomplete=\"email\"\/><\/div>\n\n\n\n<div class=\"wp-block-uagb-forms-textarea uagb-forms-textarea-wrap uagb-forms-field-set uagb-block-0a048b09\"><div class=\"uagb-forms-textarea-label required uagb-forms-input-label\" id=\"0a048b09\">Wiadomo\u015b\u0107<\/div><textarea required class=\"uagb-forms-textarea-input uagb-forms-input\" rows=\"4\" placeholder=\"Napisz swoj\u0105 wiadomo\u015b\u0107...\" name=\"0a048b09\" autocomplete=\"off\"><\/textarea><\/div>\n<div class=\"uagb-forms-form-hidden-data\"><input type=\"hidden\" class=\"uagb_forms_form_label\" value=\"Spectra Form\"\/><input type=\"hidden\" class=\"uagb_forms_form_id\" value=\"uagb-form-dc66265a\"\/><\/div><div class=\"uagb-form-reacaptcha-error-dc66265a\"><\/div><div class=\"uagb-forms-main-submit-button-wrap wp-block-button\"><button class=\"uagb-forms-main-submit-button wp-block-button__link\"><div class=\"uagb-forms-main-submit-button-text\">Sk\u0142ada\u0107<\/div><\/button><\/div><input type=\"hidden\" name=\"trp-form-language\" value=\"pl\"\/><\/form><div class=\"uagb-forms-success-message-dc66265a uagb-forms-submit-message-hide\"><span>Formularz zosta\u0142 pomy\u015blnie przes\u0142any!<\/span><\/div><div class=\"uagb-forms-failed-message-dc66265a uagb-forms-submit-message-hide\"><span>Wyst\u0105pi\u0142 b\u0142\u0105d podczas przesy\u0142ania formularza. Sprawd\u017a ponownie wszystkie pola formularza.<\/span><\/div><\/div>\n<\/div>\n\n\n\n<div class=\"wp-block-uagb-container uagb-block-71a265c9\">\n<div class=\"wp-block-uagb-advanced-heading uagb-block-f98dc221\"><h2 class=\"uagb-heading-text\">Formularz kontaktowy<\/h2><p class=\"uagb-desc-text\">Wype\u0142nij poni\u017cszy formularz, aby skontaktowa\u0107 si\u0119 z naszym zespo\u0142em. Odpowiemy tak szybko, jak to mo\u017cliwe<a href=\"https:\/\/foxpharma.co.uk\/\" target=\"_blank\" rel=\"noopener\">.<\/a><\/p><\/div>\n\n\n\n<div class=\"wp-block-uagb-advanced-heading uagb-block-ede53926\"><h3 class=\"uagb-heading-text\">Pozostawanie w kontakcie<\/h3><\/div>\n\n\n\n<div class=\"wp-block-uagb-icon-list uagb-block-398dfdc8\"><div class=\"uagb-icon-list__wrap\">\n<div class=\"wp-block-uagb-icon-list-child uagb-block-3f5927f3\"><span class=\"uagb-icon-list__source-wrap\"><svg xmlns=\"https:\/\/www.w3.org\/2000\/svg\" viewbox=\"0 0 512 512\"><path d=\"M464 64C490.5 64 512 85.49 512 112C512 127.1 504.9 141.3 492.8 150.4L275.2 313.6C263.8 322.1 248.2 322.1 236.8 313.6L19.2 150.4C7.113 141.3 0 127.1 0 112C0 85.49 21.49 64 48 64H464zM217.6 339.2C240.4 356.3 271.6 356.3 294.4 339.2L512 176V384C512 419.3 483.3 448 448 448H64C28.65 448 0 419.3 0 384V176L217.6 339.2z\"><\/path><\/svg><\/span><span class=\"uagb-icon-list__label\">info@onlinepharm.eu<\/span><\/div>\n\n\n\n<div class=\"wp-block-uagb-icon-list-child uagb-block-bd9accdf\"><\/div>\n\n\n\n<div class=\"wp-block-uagb-icon-list-child uagb-block-c355edaa\"><span class=\"uagb-icon-list__source-wrap\"><svg xmlns=\"https:\/\/www.w3.org\/2000\/svg\" viewbox=\"0 0 384 512\"><path d=\"M168.3 499.2C116.1 435 0 279.4 0 192C0 85.96 85.96 0 192 0C298 0 384 85.96 384 192C384 279.4 267 435 215.7 499.2C203.4 514.5 180.6 514.5 168.3 499.2H168.3zM192 256C227.3 256 256 227.3 256 192C256 156.7 227.3 128 192 128C156.7 128 128 156.7 128 192C128 227.3 156.7 256 192 256z\"><\/path><\/svg><\/span><span class=\"uagb-icon-list__label\">1072 AD Amsterdam, Netherlands<\/span><\/div>\n<\/div><\/div>\n\n\n\n<div class=\"wp-block-uagb-advanced-heading uagb-block-344dae70\"><\/div>\n\n\n\n<div class=\"wp-block-uagb-icon-list uagb-block-27cb2f14\"><div class=\"uagb-icon-list__wrap\">\n<div class=\"wp-block-uagb-icon-list-child uagb-block-fd15eccd\"><a target=\"_self\" aria-label=\"Pozycja na li\u015bcie\" rel=\"noopener noreferrer\" href=\"#\"> <\/a><\/div>\n\n\n\n<div class=\"wp-block-uagb-icon-list-child uagb-block-9fb35515\"><a target=\"_self\" aria-label=\"Pozycja na li\u015bcie\" rel=\"noopener noreferrer\" href=\"#\"> <\/a><\/div>\n\n\n\n<div class=\"wp-block-uagb-icon-list-child uagb-block-d1934bf2\"><a target=\"_self\" aria-label=\"Pozycja na li\u015bcie\" rel=\"noopener noreferrer\" href=\"#\"> <\/a><\/div>\n\n\n\n<div class=\"wp-block-uagb-icon-list-child uagb-block-c601cc54\"><a target=\"_self\" aria-label=\"Pozycja na li\u015bcie\" rel=\"noopener noreferrer\" href=\"#\"> <\/a><\/div>\n\n\n\n<div class=\"wp-block-uagb-icon-list-child uagb-block-ddbda12f\"><\/div>\n<\/div><\/div>\n<\/div>\n<\/div><\/div>\n\n\n\n<div class=\"wp-block-uagb-container uagb-block-017c7aa9\">\n<div class=\"wp-block-uagb-container uagb-block-29396489\">\n<div class=\"wp-block-uagb-advanced-heading uagb-block-8298781b\"><h3 class=\"uagb-heading-text\">Biuro w London <\/h3><\/div>\n\n\n\n<div class=\"wp-block-uagb-icon-list uagb-block-c099329c\"><div class=\"uagb-icon-list__wrap\">\n<div class=\"wp-block-uagb-icon-list-child uagb-block-52b59bb4\"><span class=\"uagb-icon-list__source-wrap\"><svg xmlns=\"https:\/\/www.w3.org\/2000\/svg\" viewbox=\"0 0 512 512\"><path d=\"M464 64C490.5 64 512 85.49 512 112C512 127.1 504.9 141.3 492.8 150.4L275.2 313.6C263.8 322.1 248.2 322.1 236.8 313.6L19.2 150.4C7.113 141.3 0 127.1 0 112C0 85.49 21.49 64 48 64H464zM217.6 339.2C240.4 356.3 271.6 356.3 294.4 339.2L512 176V384C512 419.3 483.3 448 448 448H64C28.65 448 0 419.3 0 384V176L217.6 339.2z\"><\/path><\/svg><\/span><span class=\"uagb-icon-list__label\">london@onlinepharm.eu<\/span><\/div>\n\n\n\n<div class=\"wp-block-uagb-icon-list-child uagb-block-29411609\"><span class=\"uagb-icon-list__label\">Coming 2026<\/span><\/div>\n<\/div><\/div>\n<\/div>\n\n\n\n<div class=\"wp-block-uagb-container uagb-block-908e2e26\">\n<div class=\"wp-block-uagb-advanced-heading uagb-block-ac5434f7\"><h3 class=\"uagb-heading-text\">Biuro w Dublinie<\/h3><\/div>\n\n\n\n<div class=\"wp-block-uagb-icon-list uagb-block-f8cf19c8\"><div class=\"uagb-icon-list__wrap\">\n<div class=\"wp-block-uagb-icon-list-child uagb-block-5f0d2b19\"><span class=\"uagb-icon-list__source-wrap\"><svg xmlns=\"https:\/\/www.w3.org\/2000\/svg\" viewbox=\"0 0 512 512\"><path d=\"M464 64C490.5 64 512 85.49 512 112C512 127.1 504.9 141.3 492.8 150.4L275.2 313.6C263.8 322.1 248.2 322.1 236.8 313.6L19.2 150.4C7.113 141.3 0 127.1 0 112C0 85.49 21.49 64 48 64H464zM217.6 339.2C240.4 356.3 271.6 356.3 294.4 339.2L512 176V384C512 419.3 483.3 448 448 448H64C28.65 448 0 419.3 0 384V176L217.6 339.2z\"><\/path><\/svg><\/span><span class=\"uagb-icon-list__label\">Dublin@onlinepharm.eu<\/span><\/div>\n\n\n\n<div class=\"wp-block-uagb-icon-list-child uagb-block-3fe6f032\"><span class=\"uagb-icon-list__label\">Coming 2026<\/span><\/div>\n<\/div><\/div>\n<\/div>\n\n\n\n<div class=\"wp-block-uagb-container uagb-block-b22fff7f\">\n<div class=\"wp-block-uagb-advanced-heading uagb-block-ff860470\"><h3 class=\"uagb-heading-text\">Biuro w Pary\u017cu<\/h3><\/div>\n\n\n\n<div class=\"wp-block-uagb-icon-list uagb-block-e1066460\"><div class=\"uagb-icon-list__wrap\">\n<div class=\"wp-block-uagb-icon-list-child uagb-block-46853fdd\"><span class=\"uagb-icon-list__source-wrap\"><svg xmlns=\"https:\/\/www.w3.org\/2000\/svg\" viewbox=\"0 0 512 512\"><path d=\"M464 64C490.5 64 512 85.49 512 112C512 127.1 504.9 141.3 492.8 150.4L275.2 313.6C263.8 322.1 248.2 322.1 236.8 313.6L19.2 150.4C7.113 141.3 0 127.1 0 112C0 85.49 21.49 64 48 64H464zM217.6 339.2C240.4 356.3 271.6 356.3 294.4 339.2L512 176V384C512 419.3 483.3 448 448 448H64C28.65 448 0 419.3 0 384V176L217.6 339.2z\"><\/path><\/svg><\/span><span class=\"uagb-icon-list__label\">Paris@onlinepharm.eu<\/span><\/div>\n\n\n\n<div class=\"wp-block-uagb-icon-list-child uagb-block-1a42ccb0\"><span class=\"uagb-icon-list__label\">Coming 2026<\/span><\/div>\n<\/div><\/div>\n<\/div>\n<\/div>\n<\/div><\/div>\n\n\n\n<div class=\"wp-block-uagb-container uagb-block-4e224ada alignfull uagb-is-root-container\"><div class=\"uagb-container-inner-blocks-wrap\">\n<div class=\"wp-block-uagb-advanced-heading uagb-block-82728486\"><h2 class=\"uagb-heading-text\">Cz\u0119sto Zadawane Pytania<\/h2><p class=\"uagb-desc-text\">Znajd\u017a odpowiedzi na najcz\u0119\u015bciej zadawane pytania dotycz\u0105ce naszych zastrzyk\u00f3w odchudzaj\u0105cych.<\/p><\/div>\n\n\n\n<figure class=\"wp-block-image size-large is-resized\"><img loading=\"lazy\" decoding=\"async\" width=\"1024\" height=\"683\" src=\"http:\/\/weightlossandfatloss.com\/wp-content\/uploads\/2024\/07\/ozempic-od-1-1024x683.webp\" alt=\"Jak dzia\u0142aj\u0105 leki na odchudzanie?\" class=\"wp-image-1683\" style=\"width:528px;height:auto\" srcset=\"https:\/\/onlinepharm.eu\/wp-content\/uploads\/2024\/07\/ozempic-od-1-1024x683.webp 1024w, https:\/\/onlinepharm.eu\/wp-content\/uploads\/2024\/07\/ozempic-od-1-300x200.webp 300w, https:\/\/onlinepharm.eu\/wp-content\/uploads\/2024\/07\/ozempic-od-1-768x512.webp 768w, https:\/\/onlinepharm.eu\/wp-content\/uploads\/2024\/07\/ozempic-od-1-18x12.webp 18w, https:\/\/onlinepharm.eu\/wp-content\/uploads\/2024\/07\/ozempic-od-1-600x400.webp 600w, https:\/\/onlinepharm.eu\/wp-content\/uploads\/2024\/07\/ozempic-od-1.webp 1200w\" sizes=\"auto, (max-width: 1024px) 100vw, 1024px\" \/><\/figure>\n\n\n\n<div class=\"wp-block-uagb-container uagb-block-cf0ac3c7\">\n<div class=\"wp-block-uagb-container uagb-block-1ea6688f\">\n<div class=\"wp-block-uagb-advanced-heading uagb-block-c25f8664\"><h3 class=\"uagb-heading-text\">Jakie s\u0105 skutki uboczne zastrzyk\u00f3w odchudzaj\u0105cych?<\/h3><p class=\"uagb-desc-text\">Cz\u0119ste dzia\u0142ania niepo\u017c\u0105dane obejmuj\u0105 nudno\u015bci, b\u00f3l g\u0142owy i biegunk\u0119. Aby uzyska\u0107 wi\u0119cej informacji, skonsultuj si\u0119 z lekarzem.<\/p><\/div>\n<\/div>\n\n\n\n<div class=\"wp-block-uagb-container uagb-block-2d271026\">\n<div class=\"wp-block-uagb-advanced-heading uagb-block-f6e5a025\"><h3 class=\"uagb-heading-text\">Jak d\u0142ugo dzia\u0142aj\u0105 zastrzyki odchudzaj\u0105ce?<\/h3><p class=\"uagb-desc-text\">Czas trwania r\u00f3\u017cni si\u0119 w zale\u017cno\u015bci od wstrzykni\u0119cia. Ozempic utrzymuje si\u0119 do tygodnia, natomiast Wegovy trwa do dw\u00f3ch tygodni.<\/p><\/div>\n<\/div>\n\n\n\n<div class=\"wp-block-uagb-container uagb-block-348e541a\">\n<div class=\"wp-block-uagb-advanced-heading uagb-block-3e65cc82\"><h3 class=\"uagb-heading-text\">Czy zastrzyki odchudzaj\u0105ce s\u0105 bezpieczne?<\/h3><p class=\"uagb-desc-text\">Zastrzyki odchudzaj\u0105ce s\u0105 zatwierdzone przez FDA i og\u00f3lnie bezpieczne. Wa\u017cne jest jednak, aby skonsultowa\u0107 si\u0119 z pracownikiem s\u0142u\u017cby zdrowia.<\/p><\/div>\n<\/div>\n\n\n\n<div class=\"wp-block-uagb-container uagb-block-5b4a8790\">\n<div class=\"wp-block-uagb-advanced-heading uagb-block-67b57a26\"><h3 class=\"uagb-heading-text\">Jakiej wagi mog\u0119 si\u0119 spodziewa\u0107 po zastrzykach?<\/h3><p class=\"uagb-desc-text\">Wyniki r\u00f3\u017cni\u0105 si\u0119, ale og\u00f3lnie mo\u017cna spodziewa\u0107 si\u0119 utraty oko\u0142o 5-10% masy cia\u0142a w ci\u0105gu kilku miesi\u0119cy<a href=\"https:\/\/app.seositecheckup.com\/\" target=\"_blank\" rel=\"noopener\">.<\/a><\/p><\/div>\n<\/div>\n<\/div>\n<\/div><\/div>\n\n\n\n<h2 class=\"wp-block-heading\" style=\"padding-top:var(--wp--preset--spacing--50);padding-bottom:var(--wp--preset--spacing--50)\">Leki na odchudzanie: kompleksowy przewodnik<\/h2>\n\n\n\n<h3 class=\"wp-block-heading\">Jakie s\u0105 leki na odchudzanie?<\/h3>\n\n\n\n<p>Leki odchudzaj\u0105ce to leki przepisywane, aby pom\u00f3c osobom schudn\u0105\u0107. Zwykle stosuje si\u0119 je w po\u0142\u0105czeniu z diet\u0105 o obni\u017conej kaloryczno\u015bci i zwi\u0119kszon\u0105 aktywno\u015bci\u0105 fizyczn\u0105. Leki te mog\u0105 pom\u00f3c w utracie wagi poprzez zmniejszenie apetytu, zwi\u0119kszenie uczucia syto\u015bci lub zmniejszenie wch\u0142aniania t\u0142uszczu. Leki odchudzaj\u0105ce s\u0105 zwykle przepisywane osobom oty\u0142ym lub z nadwag\u0105 i schorzeniami zwi\u0105zanymi z wag\u0105, takimi jak cukrzyca typu 2, nadci\u015bnienie lub wysoki poziom cholesterolu.<\/p>\n\n\n\n<h3 class=\"wp-block-heading\">Jak dzia\u0142aj\u0105 leki na odchudzanie?<\/h3>\n\n\n\n<p>Leki odchudzaj\u0105ce dzia\u0142aj\u0105 poprzez r\u00f3\u017cne mechanizmy, w zale\u017cno\u015bci od substancji czynnej:<\/p>\n\n\n\n<ul class=\"wp-block-list\">\n<li><strong>\u015arodki t\u0142umi\u0105ce apetyt<\/strong>: Leki te dzia\u0142aj\u0105 na m\u00f3zg, zmniejszaj\u0105c apetyt lub zwi\u0119kszaj\u0105c uczucie syto\u015bci. Przyk\u0142ady obejmuj\u0105 fentermin\u0119 i liraglutyd.<\/li>\n\n\n\n<li><strong>Inhibitory wch\u0142aniania t\u0142uszczu<\/strong>: Leki te zmniejszaj\u0105 wch\u0142anianie t\u0142uszczu z po\u017cywienia w jelitach. Orlistat jest powszechnym inhibitorem wch\u0142aniania t\u0142uszczu.<\/li>\n\n\n\n<li><strong>Leki kombinowane<\/strong>: Niekt\u00f3re leki \u0142\u0105cz\u0105 r\u00f3\u017cne mechanizmy w celu zwi\u0119kszenia utraty wagi. Na przyk\u0142ad Contrave \u0142\u0105czy lek przeciwdepresyjny z lekiem hamuj\u0105cym apetyt.<\/li>\n<\/ul>\n\n\n\n<h3 class=\"wp-block-heading\">Gdzie mo\u017cna kupi\u0107 leki na odchudzanie?<\/h3>\n\n\n\n<p>Leki odchudzaj\u0105ce s\u0105 zazwyczaj dost\u0119pne na recept\u0119 i mo\u017cna je kupi\u0107 w certyfikowanych aptekach. Przed rozpocz\u0119ciem stosowania jakichkolwiek lek\u00f3w odchudzaj\u0105cych nale\u017cy koniecznie skonsultowa\u0107 si\u0119 z lekarzem, aby upewni\u0107 si\u0119, \u017ce s\u0105 one odpowiednie dla Twojego stanu zdrowia. Ponadto leki te mo\u017cna kupi\u0107 online w licencjonowanych aptekach, ale wymagana jest wa\u017cna recepta.<\/p>\n\n\n\n<h3 class=\"wp-block-heading\">Skutki i zalety lek\u00f3w odchudzaj\u0105cych<\/h3>\n\n\n\n<ul class=\"wp-block-list\">\n<li><strong>Znacz\u0105ca utrata wagi<\/strong>: Badania kliniczne wykaza\u0142y, \u017ce leki odchudzaj\u0105ce mog\u0105 pom\u00f3c osobom straci\u0107 znaczny procent masy cia\u0142a w po\u0142\u0105czeniu ze zdrow\u0105 diet\u0105 i \u0107wiczeniami fizycznymi.<\/li>\n\n\n\n<li><strong>Ulepszone wska\u017aniki zdrowia<\/strong>: Leki te mog\u0105 pom\u00f3c poprawi\u0107 r\u00f3\u017cne wska\u017aniki zdrowotne, takie jak poziom cukru we krwi, ci\u015bnienie krwi i poziom cholesterolu.<\/li>\n\n\n\n<li><strong>Wy\u017csza jako\u015b\u0107 \u017cycia<\/strong>: Wspomagaj\u0105c utrat\u0119 wagi, leki te mog\u0105 pom\u00f3c zmniejszy\u0107 ryzyko wyst\u0105pienia schorze\u0144 zwi\u0105zanych z wag\u0105 i poprawi\u0107 og\u00f3lne samopoczucie.<\/li>\n<\/ul>\n\n\n\n<h3 class=\"wp-block-heading\">Mo\u017cliwe skutki uboczne lek\u00f3w odchudzaj\u0105cych<\/h3>\n\n\n\n<p>Cz\u0119ste dzia\u0142ania niepo\u017c\u0105dane lek\u00f3w odchudzaj\u0105cych r\u00f3\u017cni\u0105 si\u0119 w zale\u017cno\u015bci od leku, ale mog\u0105 obejmowa\u0107 nudno\u015bci, zaparcia, biegunk\u0119, sucho\u015b\u0107 w ustach i zawroty g\u0142owy. Te dzia\u0142ania niepo\u017c\u0105dane s\u0105 zazwyczaj \u0142agodne i zmniejszaj\u0105 si\u0119 z czasem. Jednak\u017ce niezwykle wa\u017cne jest, aby om\u00f3wi\u0107 z lekarzem wszelkie utrzymuj\u0105ce si\u0119 lub powa\u017cne skutki uboczne.<\/p>\n\n\n\n<h3 class=\"wp-block-heading\">Stosowanie i podawanie lek\u00f3w odchudzaj\u0105cych<\/h3>\n\n\n\n<p>Leki odchudzaj\u0105ce s\u0105 zwykle przyjmowane doustnie, raz lub kilka razy dziennie, w zale\u017cno\u015bci od leku. Aby osi\u0105gn\u0105\u0107 najlepsze wyniki, konieczne jest przestrzeganie instrukcji dawkowania i podawania dostarczonych przez lekarza. Nigdy nie nale\u017cy dostosowywa\u0107 dawki bez konsultacji z lekarzem.<\/p>\n\n\n\n<h3 class=\"wp-block-heading\">Cz\u0119sto Zadawane Pytania<\/h3>\n\n\n\n<p><strong>Ile kilogram\u00f3w mo\u017cna schudn\u0105\u0107 dzi\u0119ki lekom odchudzaj\u0105cym?<\/strong> Badania kliniczne wykaza\u0142y, \u017ce osoby stosuj\u0105ce leki odchudzaj\u0105ce mog\u0105 straci\u0107 znaczny procent masy cia\u0142a, w zale\u017cno\u015bci od przyjmowanego leku i przestrzegania zdrowego stylu \u017cycia.<\/p>\n\n\n\n<p><strong>Jakie s\u0105 skutki uboczne lek\u00f3w na odchudzanie?<\/strong> Cz\u0119ste dzia\u0142ania niepo\u017c\u0105dane obejmuj\u0105 nudno\u015bci, zaparcia, biegunk\u0119, sucho\u015b\u0107 w ustach i zawroty g\u0142owy. Wi\u0119kszo\u015b\u0107 dzia\u0142a\u0144 niepo\u017c\u0105danych ma charakter \u0142agodny i zmniejsza si\u0119 z czasem. Wszelkie utrzymuj\u0105ce si\u0119 problemy nale\u017cy om\u00f3wi\u0107 ze swoim lekarzem.<\/p>\n\n\n\n<p><strong>Czy leki na odchudzanie s\u0105 dost\u0119pne bez recepty?<\/strong> Nie, leki odchudzaj\u0105ce wymagaj\u0105 recepty od lekarza. Wa\u017cne jest, aby przej\u015b\u0107 ocen\u0119 lekarsk\u0105, aby upewni\u0107 si\u0119, \u017ce s\u0105 one bezpieczne i odpowiednie dla Ciebie.<\/p>\n\n\n\n<p><strong>Gdzie w Internecie mo\u017cna kupi\u0107 leki na odchudzanie?<\/strong> Leki odchudzaj\u0105ce mo\u017cna kupi\u0107 online w naszych aptekach, wydawane na recept\u0119 lub bez. Zawsze upewnij si\u0119, \u017ce kupujesz z renomowanego \u017ar\u00f3d\u0142a, aby unikn\u0105\u0107 podrabianych lek\u00f3w.<\/p>\n\n\n\n<p><strong>W jaki spos\u00f3b leki na odchudzanie pomagaj\u0105 w utracie wagi?<\/strong> Leki odchudzaj\u0105ce pomagaj\u0105 zmniejszy\u0107 apetyt, zwi\u0119kszy\u0107 uczucie syto\u015bci lub zmniejszy\u0107 wch\u0142anianie t\u0142uszczu, u\u0142atwiaj\u0105c przestrzeganie diety niskokalorycznej i osi\u0105gni\u0119cie cel\u00f3w zwi\u0105zanych z utrat\u0105 wagi.<\/p>\n\n\n\n<h3 class=\"wp-block-heading\">Wezwanie do dzia\u0142ania<\/h3>\n\n\n\n<p>Czy jeste\u015b gotowy, aby rozpocz\u0105\u0107 swoj\u0105 przygod\u0119 z odchudzaniem za pomoc\u0105 lek\u00f3w odchudzaj\u0105cych? Skonsultuj si\u0119 z lekarzem, aby dowiedzie\u0107 si\u0119, kt\u00f3ry lek b\u0119dzie dla Ciebie odpowiedni. Aby uzyska\u0107 najlepsze rezultaty, post\u0119puj zgodnie z zalecanymi wytycznymi i przestrzegaj zdrowej diety oraz \u0107wicze\u0144 fizycznych.<\/p>\n\n\n\n<h3 class=\"wp-block-heading\">Hashtagi<\/h3>\n\n\n\n<p>#Leki na odchudzanie #BuyLeki na odchudzanie #Leki na odchudzanie #Leki na odchudzanie #Leki na odchudzanie #Leki na odchudzanie #Leki na odchudzanie #Leki na odchudzanie #Leki na odchudzanie #Leki na odchudzanie #HealthyLiving <a href=\"https:\/\/medyk.online\/lek\/mounjaro\/opinie\/\" target=\"_blank\" rel=\"noopener\">#<\/a>MedicalWeightLoss<\/p>\n\n\n\n<p>Aby uzyska\u0107 wi\u0119cej informacji i aktualno\u015bci na temat dost\u0119pno\u015bci lek\u00f3w odchudzaj\u0105cych, regularnie odwiedzaj nasz\u0105 stron\u0119 internetow\u0105.<\/p>\n\n\n\n<div class=\"wp-block-uagb-container uagb-block-d7b60fd6 alignfull uagb-is-root-container\"><div class=\"uagb-container-inner-blocks-wrap\">\n<div class=\"wp-block-uagb-info-box uagb-block-6fdc34d4 uagb-infobox__content-wrap  uagb-infobox-icon-above-title uagb-infobox-image-valign-top\"><div class=\"uagb-ifb-content\"><div class=\"uagb-ifb-title-wrap\"><h2 class=\"uagb-ifb-title\">Gotowy, aby rozpocz\u0105\u0107 swoj\u0105 podr\u00f3\u017c odchudzania?<\/h2><\/div><p class=\"uagb-ifb-desc\">Online Pharm is a trusted provider of high-quality weight loss injections, helping individuals achieve their weight loss goals.<\/p><div class=\"uagb-ifb-button-wrapper wp-block-button\"><a href=\"https:\/\/onlinepharm.eu\/en\/shop\/\" class=\"uagb-infobox-cta-link wp-block-button__link\" target=\"_self\" rel=\"noopener noreferrer\" onclick=\"return true;\"><span class=\"uagb-inline-editing\">Kupuj teraz<\/span><\/a><\/div><\/div><\/div>\n<\/div><\/div>","protected":false},"excerpt":{"rendered":"<p>How Do Weight Loss Drugs Work?. Get in Touch with Our Weight Loss Experts Contact Us We&#8217;d love to hear [&hellip;]<\/p>","protected":false},"author":1,"featured_media":0,"parent":0,"menu_order":0,"comment_status":"closed","ping_status":"closed","template":"","meta":{"_uag_custom_page_level_css":"","site-sidebar-layout":"default","site-content-layout":"","ast-site-content-layout":"","site-content-style":"default","site-sidebar-style":"default","ast-global-header-display":"","ast-banner-title-visibility":"","ast-main-header-display":"","ast-hfb-above-header-display":"","ast-hfb-below-header-display":"","ast-hfb-mobile-header-display":"","site-post-title":"disabled","ast-breadcrumbs-content":"","ast-featured-img":"","footer-sml-layout":"","ast-disable-related-posts":"","theme-transparent-header-meta":"","adv-header-id-meta":"","stick-header-meta":"","header-above-stick-meta":"","header-main-stick-meta":"","header-below-stick-meta":"","astra-migrate-meta-layouts":"default","ast-page-background-enabled":"default","ast-page-background-meta":{"desktop":{"background-color":"var(--ast-global-color-4)","background-image":"","background-repeat":"repeat","background-position":"center center","background-size":"auto","background-attachment":"scroll","background-type":"","background-media":"","overlay-type":"","overlay-color":"","overlay-opacity":"","overlay-gradient":""},"tablet":{"background-color":"","background-image":"","background-repeat":"repeat","background-position":"center center","background-size":"auto","background-attachment":"scroll","background-type":"","background-media":"","overlay-type":"","overlay-color":"","overlay-opacity":"","overlay-gradient":""},"mobile":{"background-color":"","background-image":"","background-repeat":"repeat","background-position":"center center","background-size":"auto","background-attachment":"scroll","background-type":"","background-media":"","overlay-type":"","overlay-color":"","overlay-opacity":"","overlay-gradient":""}},"ast-content-background-meta":{"desktop":{"background-color":"var(--ast-global-color-5)","background-image":"","background-repeat":"repeat","background-position":"center center","background-size":"auto","background-attachment":"scroll","background-type":"","background-media":"","overlay-type":"","overlay-color":"","overlay-opacity":"","overlay-gradient":""},"tablet":{"background-color":"var(--ast-global-color-5)","background-image":"","background-repeat":"repeat","background-position":"center center","background-size":"auto","background-attachment":"scroll","background-type":"","background-media":"","overlay-type":"","overlay-color":"","overlay-opacity":"","overlay-gradient":""},"mobile":{"background-color":"var(--ast-global-color-5)","background-image":"","background-repeat":"repeat","background-position":"center center","background-size":"auto","background-attachment":"scroll","background-type":"","background-media":"","overlay-type":"","overlay-color":"","overlay-opacity":"","overlay-gradient":""}},"footnotes":""},"class_list":["post-28","page","type-page","status-publish","hentry"],"uagb_featured_image_src":{"full":false,"thumbnail":false,"medium":false,"medium_large":false,"large":false,"1536x1536":false,"2048x2048":false,"trp-custom-language-flag":false,"woocommerce_thumbnail":false,"woocommerce_single":false,"woocommerce_gallery_thumbnail":false},"uagb_author_info":{"display_name":"weightandfat","author_link":"https:\/\/onlinepharm.eu\/pl\/author\/weightandfat\/"},"uagb_comment_info":0,"uagb_excerpt":"How Do Weight Loss Drugs Work?. Get in Touch with Our Weight Loss Experts Contact Us We&#8217;d love to hear [&hellip;]","_links":{"self":[{"href":"https:\/\/onlinepharm.eu\/pl\/wp-json\/wp\/v2\/pages\/28","targetHints":{"allow":["GET"]}}],"collection":[{"href":"https:\/\/onlinepharm.eu\/pl\/wp-json\/wp\/v2\/pages"}],"about":[{"href":"https:\/\/onlinepharm.eu\/pl\/wp-json\/wp\/v2\/types\/page"}],"author":[{"embeddable":true,"href":"https:\/\/onlinepharm.eu\/pl\/wp-json\/wp\/v2\/users\/1"}],"replies":[{"embeddable":true,"href":"https:\/\/onlinepharm.eu\/pl\/wp-json\/wp\/v2\/comments?post=28"}],"version-history":[{"count":4,"href":"https:\/\/onlinepharm.eu\/pl\/wp-json\/wp\/v2\/pages\/28\/revisions"}],"predecessor-version":[{"id":2573,"href":"https:\/\/onlinepharm.eu\/pl\/wp-json\/wp\/v2\/pages\/28\/revisions\/2573"}],"wp:attachment":[{"href":"https:\/\/onlinepharm.eu\/pl\/wp-json\/wp\/v2\/media?parent=28"}],"curies":[{"name":"wp","href":"https:\/\/api.w.org\/{rel}","templated":true}]}}