{"id":2278,"date":"2025-03-26T00:34:53","date_gmt":"2025-03-26T00:34:53","guid":{"rendered":"https:\/\/weightlossandfatloss.com\/?page_id=2278"},"modified":"2025-03-26T02:20:10","modified_gmt":"2025-03-26T02:20:10","slug":"mounjaro-injeksjon","status":"publish","type":"page","link":"https:\/\/onlinepharm.eu\/nb\/mounjaro-injeksjon\/","title":{"rendered":"mounjaro"},"content":{"rendered":"<div class=\"wp-block-uagb-advanced-heading uagb-block-2f8257a0\"><h1 class=\"uagb-heading-text\">Mounjaro Injection<\/h1><\/div>\n\n\n\n<div style=\"height:63px\" aria-hidden=\"true\" class=\"wp-block-spacer\"><\/div>\n\n\n\n<div class=\"wp-block-uagb-image aligncenter uagb-block-106d2fa3 wp-block-uagb-image--layout-default wp-block-uagb-image--effect-static wp-block-uagb-image--align-center\"><figure class=\"wp-block-uagb-image__figure\"><img decoding=\"async\" srcset=\"https:\/\/onlinepharm.eu\/wp-content\/uploads\/2024\/07\/1443664020-mounjaro-1024x450.png ,https:\/\/onlinepharm.eu\/wp-content\/uploads\/2024\/07\/1443664020-mounjaro.png 780w, https:\/\/onlinepharm.eu\/wp-content\/uploads\/2024\/07\/1443664020-mounjaro.png 360w\" sizes=\"auto, (max-width: 480px) 150px\" src=\"https:\/\/onlinepharm.eu\/wp-content\/uploads\/2024\/07\/1443664020-mounjaro-1024x450.png\" alt=\"Mounjaro Nederland\" class=\"uag-image-1719\" width=\"1024\" height=\"450\" title=\"1443664020-mounjaro\" loading=\"lazy\" role=\"img\"\/><\/figure><\/div>\n\n\n\n<div class=\"wp-block-uagb-advanced-heading uagb-block-a55b7f89\"><h2 class=\"uagb-heading-text\"><\/h2><\/div>\n\n\n\n<div class=\"wp-block-uagb-advanced-heading uagb-block-b3c6b8d9\"><h2 class=\"uagb-heading-text\">Hva er Mounjaro?<\/h2><\/div>\n\n\n\n<p>Mounjaro er et merkenavn for legemidlet Tirzepatide. Det brukes til behandling av type 2-diabetes og til vektkontroll. Tirzepatide virker ved \u00e5 senke blodsukkerniv\u00e5et og forbedre insulinproduksjonen. I tillegg hjelper det med vekttap, noe som gj\u00f8r det til et popul\u00e6rt valg for de som er overvektige eller fete. <a href=\"https:\/\/onlinepharm.eu\/en\/product-category\/mounjaro-kopen\/\">Klikk her<\/a> for \u00e5 se produkter og priser<\/p>\n\n\n\n<div class=\"wp-block-uagb-advanced-heading uagb-block-9d8ff36b\"><h2 class=\"uagb-heading-text\">Hvordan fungerer Mounjaro?<\/h2><\/div>\n\n\n\n<p>Mounjaro hjelper deg med \u00e5 g\u00e5 ned i vekt ved \u00e5 redusere appetitten. Det p\u00e5virker to hormoner:<\/p>\n\n\n\n<ul class=\"wp-block-list\">\n<li>GIP (glukoseavhengig insulinotropisk polypeptid): Stimulerer insulinproduksjonen etter et m\u00e5ltid, noe som f\u00f8rer til \u00f8kt metthetsf\u00f8lelse.<\/li>\n\n\n\n<li>GLP-1 (glukagonlignende peptid-1): Etterligner virkningen av GLP-1, noe som ogs\u00e5 resulterer i \u00f8kt metthetsf\u00f8lelse og redusert appetitt.<\/li>\n<\/ul>\n\n\n\n<p>Hvor kan du kj\u00f8pe Mounjaro?<br>Mounjaro er forel\u00f8pig ikke tilgjengelig p\u00e5 det nederlandske markedet. N\u00e5r det blir tilgjengelig, vil det kun v\u00e6re tilgjengelig p\u00e5 resept. Det er viktig \u00e5 avtale en konsultasjon med en lege som vil vurdere din medisinske historie f\u00f8r du kan f\u00e5 resept. mounjaro nederland<\/p>\n\n\n\n<div class=\"wp-block-uagb-advanced-heading uagb-block-d766768a\"><h2 class=\"uagb-heading-text\">Mounjaro Bivirkninger<\/h2><\/div>\n\n\n\n<p>Som de fleste legemidler kan Mounjaro for\u00e5rsake milde eller alvorlige bivirkninger. Listene nedenfor beskriver noen av de vanligste bivirkningene som Mounjaro kan for\u00e5rsake. Disse listene inkluderer ikke alle mulige bivirkninger.<\/p>\n\n\n\n<p>Husk at bivirkningene av et legemiddel kan avhenge av:<\/p>\n\n\n\n<p>andre helseproblemer du har<br>andre legemidler du tar<br>Legen din eller apotekpersonalet kan fortelle deg mer om de mulige bivirkningene av Mounjaro. De kan ogs\u00e5 foresl\u00e5 m\u00e5ter \u00e5 redusere bivirkningene p\u00e5.<\/p>\n\n\n\n<div class=\"wp-block-uagb-advanced-heading uagb-block-1df1da9b\"><h3 class=\"uagb-heading-text\">Milde bivirkninger<br><\/h3><\/div>\n\n\n\n<p>Her er en liste over noen milde bivirkninger som Mounjaro kan for\u00e5rsake. For \u00e5 l\u00e6re om andre milde bivirkninger, snakk med legen din eller apoteket, eller les Mounjaros reseptbelagte informasjon.<\/p>\n\n\n\n<p>Milde bivirkninger av Mounjaro som har blitt rapportert inkluderer:<\/p>\n\n\n\n<ul class=\"wp-block-list\">\n<li>kvalme og oppkast<\/li>\n\n\n\n<li>diar\u00e9<\/li>\n\n\n\n<li>redusert appetitt<\/li>\n\n\n\n<li>forstoppelse<\/li>\n\n\n\n<li>magesmerter<\/li>\n\n\n\n<li>reaksjoner p\u00e5 injeksjonsstedet<\/li>\n\n\n\n<li>halsbrann<\/li>\n\n\n\n<li>mild allergisk reaksjon<br>Milde bivirkninger av mange legemidler kan forsvinne i l\u00f8pet av noen dager til noen uker. Men hvis de blir plagsomme, b\u00f8r du snakke med legen din eller apoteket.<\/li>\n<\/ul>\n\n\n\n<div class=\"wp-block-uagb-advanced-heading uagb-block-838db050\"><h3 class=\"uagb-heading-text\">Alvorlige bivirkninger<\/h3><\/div>\n\n\n\n<p>Alvorlige bivirkninger av Mounjaro kan forekomme, men de er ikke vanlige. Hvis du opplever alvorlige bivirkninger av Mounjaro, skal du kontakte legen din umiddelbart. Men hvis du tror du har en medisinsk n\u00f8dsituasjon, ring 112 eller ditt lokale n\u00f8dnummer umiddelbart.<\/p>\n\n\n\n<p>Alvorlige bivirkninger av Mounjaro som har blitt rapportert inkluderer:<\/p>\n\n\n\n<ul class=\"wp-block-list\">\n<li>pankreatitt (hevelse i bukspyttkjertelen)<\/li>\n\n\n\n<li>problemer med gallebl\u00e6ren<\/li>\n\n\n\n<li>hypoglykemi (lavt blodsukker)<\/li>\n\n\n\n<li>alvorlige ford\u00f8yelsesbivirkninger, som alvorlig kvalme, oppkast eller diar\u00e9, som kan f\u00f8re til dehydrering og nyreproblemer<\/li>\n\n\n\n<li>innrammet advarsel: risiko for kreft i skjoldbruskkjertelen*<\/li>\n\n\n\n<li>alvorlig allergisk reaksjon\u2020<\/li>\n<\/ul>\n\n\n\n<div class=\"wp-block-uagb-advanced-heading uagb-block-6c997699\"><h2 class=\"uagb-heading-text\">Hvordan bruke Mounjaro Injection<\/h2><\/div>\n\n\n\n<p>Mounjaro administreres vanligvis ved injeksjon \u00e9n gang i uken. Det er viktig \u00e5 f\u00f8lge instruksjonene fra helsepersonell n\u00f8ye for \u00e5 oppn\u00e5 optimale resultater.<\/p>\n\n\n\n<div class=\"wp-block-uagb-advanced-heading uagb-block-38dd9802\"><h2 class=\"uagb-heading-text\">Ofte stilte sp\u00f8rsm\u00e5l (FAQ)<\/h2><\/div>\n\n\n\n<div class=\"wp-block-uagb-advanced-heading uagb-block-507fad66\"><h3 class=\"uagb-heading-text\">Hvor mye vekt mister du med Mounjaro?<\/h3><\/div>\n\n\n\n<p>Forskning viser at personer som bruker Mounjaro i gjennomsnitt g\u00e5r ned 12,4% av kroppsvekten, noe som er mer enn andre slankemedisiner som Saxenda.<\/p>\n\n\n\n<div class=\"wp-block-uagb-advanced-heading uagb-block-b640ccd7\"><h3 class=\"uagb-heading-text\">Hva er best, Mounjaro eller Wegovy?<\/h3><\/div>\n\n\n\n<p>Generelt ser Mounjaro ut til \u00e5 v\u00e6re mer effektivt i vekttap enn Wegovy p\u00e5 grunn av den aktive ingrediensen Tirzepatide.<\/p>\n\n\n\n<div class=\"wp-block-uagb-advanced-heading uagb-block-4b9b8b14\"><h3 class=\"uagb-heading-text\">Er Mounjaro tilgjengelig i Europa?<\/h3><\/div>\n\n\n\n<p><br>Mounjaro er for tiden tilgjengelig i enkelte deler av Europa, b\u00e5de med og uten resept og under medisinsk tilsyn. <\/p>\n\n\n\n<div class=\"wp-block-uagb-advanced-heading uagb-block-f57693f7\"><h4 class=\"uagb-heading-text\">Oppfordring til handling<\/h4><\/div>\n\n\n\n<p>Er du interessert i hvordan Mounjaro kan hjelpe deg med \u00e5 n\u00e5 dine helsem\u00e5l? I s\u00e5 fall b\u00f8r du kontakte en kvalifisert helsearbeider for en konsultasjon. S\u00f8rg for at du oppfyller de medisinske kriteriene og gj\u00f8r en grundig <a href=\"https:\/\/www.diabetes.org.uk\/about-diabetes\/looking-after-diabetes\/treatments\/tablets-and-medication\/glp-1\/mounjaro\" target=\"_blank\" rel=\"noopener\">diskutere<\/a> alternativer og bivirkninger med legen din.<\/p>\n\n\n\n<p>For mer informasjon og oppdateringer om tilgjengeligheten av Mounjaro, bes\u00f8k nettstedet v\u00e5rt regelmessig og hold deg oppdatert. Kj\u00f8p <a href=\"https:\/\/onlinepharm.eu\/en\/product-category\/mounjaro-kopen\/\">mounjaro<\/a><\/p>\n\n\n\n<div class=\"wp-block-uagb-container uagb-block-7cae2c60 alignfull uagb-is-root-container\"><div class=\"uagb-container-inner-blocks-wrap\">\n<div class=\"wp-block-uagb-container uagb-block-10f7b9da\">\n<figure class=\"wp-block-image size-full\"><img loading=\"lazy\" decoding=\"async\" width=\"500\" height=\"500\" src=\"https:\/\/onlinepharm.eu\/wp-content\/uploads\/2024\/09\/Weightloss-fatloss-1.png\" alt=\"Vekttap og fettforbrenning\" class=\"wp-image-1818\" srcset=\"https:\/\/onlinepharm.eu\/wp-content\/uploads\/2024\/09\/Weightloss-fatloss-1.png 500w, https:\/\/onlinepharm.eu\/wp-content\/uploads\/2024\/09\/Weightloss-fatloss-1-300x300.png 300w, https:\/\/onlinepharm.eu\/wp-content\/uploads\/2024\/09\/Weightloss-fatloss-1-150x150.png 150w, https:\/\/onlinepharm.eu\/wp-content\/uploads\/2024\/09\/Weightloss-fatloss-1-12x12.png 12w, https:\/\/onlinepharm.eu\/wp-content\/uploads\/2024\/09\/Weightloss-fatloss-1-100x100.png 100w, https:\/\/onlinepharm.eu\/wp-content\/uploads\/2024\/09\/Weightloss-fatloss-1-200x200.png 200w\" sizes=\"auto, (max-width: 500px) 100vw, 500px\" \/><\/figure>\n<\/div>\n\n\n\n<div class=\"wp-block-uagb-container uagb-block-c781fece\">\n<figure class=\"wp-block-image size-large\"><img loading=\"lazy\" decoding=\"async\" width=\"1024\" height=\"538\" src=\"https:\/\/onlinepharm.eu\/wp-content\/uploads\/2025\/03\/mounjaro-logo-medisch-afvallen-body-clinic_0-2048x1075-1-1024x538.jpg\" alt=\"Mounjaro Injection\" class=\"wp-image-2280\" srcset=\"https:\/\/onlinepharm.eu\/wp-content\/uploads\/2025\/03\/mounjaro-logo-medisch-afvallen-body-clinic_0-2048x1075-1-1024x538.jpg 1024w, https:\/\/onlinepharm.eu\/wp-content\/uploads\/2025\/03\/mounjaro-logo-medisch-afvallen-body-clinic_0-2048x1075-1-300x157.jpg 300w, https:\/\/onlinepharm.eu\/wp-content\/uploads\/2025\/03\/mounjaro-logo-medisch-afvallen-body-clinic_0-2048x1075-1-768x403.jpg 768w, https:\/\/onlinepharm.eu\/wp-content\/uploads\/2025\/03\/mounjaro-logo-medisch-afvallen-body-clinic_0-2048x1075-1-1536x806.jpg 1536w, https:\/\/onlinepharm.eu\/wp-content\/uploads\/2025\/03\/mounjaro-logo-medisch-afvallen-body-clinic_0-2048x1075-1-18x9.jpg 18w, https:\/\/onlinepharm.eu\/wp-content\/uploads\/2025\/03\/mounjaro-logo-medisch-afvallen-body-clinic_0-2048x1075-1-600x315.jpg 600w, https:\/\/onlinepharm.eu\/wp-content\/uploads\/2025\/03\/mounjaro-logo-medisch-afvallen-body-clinic_0-2048x1075-1.jpg 2048w\" sizes=\"auto, (max-width: 1024px) 100vw, 1024px\" \/><\/figure>\n<\/div>\n\n\n\n<div class=\"wp-block-uagb-container uagb-block-127663c4\">\n<figure class=\"wp-block-image size-full\"><img loading=\"lazy\" decoding=\"async\" width=\"512\" height=\"512\" src=\"https:\/\/onlinepharm.eu\/wp-content\/uploads\/2024\/07\/cropped-losing-weight-for-no-reason.avif\" alt=\"Ozempic comprar\" class=\"wp-image-1800\" srcset=\"https:\/\/onlinepharm.eu\/wp-content\/uploads\/2024\/07\/cropped-losing-weight-for-no-reason.avif 512w, https:\/\/onlinepharm.eu\/wp-content\/uploads\/2024\/07\/cropped-losing-weight-for-no-reason-300x300.avif 300w, https:\/\/onlinepharm.eu\/wp-content\/uploads\/2024\/07\/cropped-losing-weight-for-no-reason-150x150.avif 150w, https:\/\/onlinepharm.eu\/wp-content\/uploads\/2024\/07\/cropped-losing-weight-for-no-reason-12x12.avif 12w, https:\/\/onlinepharm.eu\/wp-content\/uploads\/2024\/07\/cropped-losing-weight-for-no-reason-100x100.avif 100w, https:\/\/onlinepharm.eu\/wp-content\/uploads\/2024\/07\/cropped-losing-weight-for-no-reason-270x270.avif 270w, https:\/\/onlinepharm.eu\/wp-content\/uploads\/2024\/07\/cropped-losing-weight-for-no-reason-192x192.avif 192w, https:\/\/onlinepharm.eu\/wp-content\/uploads\/2024\/07\/cropped-losing-weight-for-no-reason-180x180.avif 180w, https:\/\/onlinepharm.eu\/wp-content\/uploads\/2024\/07\/cropped-losing-weight-for-no-reason-32x32.avif 32w\" sizes=\"auto, (max-width: 512px) 100vw, 512px\" \/><\/figure>\n<\/div>\n<\/div><\/div>\n\n\n\n<p><\/p>","protected":false},"excerpt":{"rendered":"<p>Mounjaro Injection What is Mounjaro? Mounjaro is a brand name for the drug Tirzepatide. It is used to treat type [&hellip;]<\/p>","protected":false},"author":1,"featured_media":0,"parent":0,"menu_order":0,"comment_status":"closed","ping_status":"closed","template":"","meta":{"_uag_custom_page_level_css":"","site-sidebar-layout":"default","site-content-layout":"","ast-site-content-layout":"","site-content-style":"default","site-sidebar-style":"default","ast-global-header-display":"","ast-banner-title-visibility":"","ast-main-header-display":"","ast-hfb-above-header-display":"","ast-hfb-below-header-display":"","ast-hfb-mobile-header-display":"","site-post-title":"disabled","ast-breadcrumbs-content":"","ast-featured-img":"","footer-sml-layout":"","theme-transparent-header-meta":"","adv-header-id-meta":"","stick-header-meta":"","header-above-stick-meta":"","header-main-stick-meta":"","header-below-stick-meta":"","astra-migrate-meta-layouts":"default","ast-page-background-enabled":"default","ast-page-background-meta":{"desktop":{"background-color":"var(--ast-global-color-4)","background-image":"","background-repeat":"repeat","background-position":"center center","background-size":"auto","background-attachment":"scroll","background-type":"","background-media":"","overlay-type":"","overlay-color":"","overlay-opacity":"","overlay-gradient":""},"tablet":{"background-color":"","background-image":"","background-repeat":"repeat","background-position":"center center","background-size":"auto","background-attachment":"scroll","background-type":"","background-media":"","overlay-type":"","overlay-color":"","overlay-opacity":"","overlay-gradient":""},"mobile":{"background-color":"","background-image":"","background-repeat":"repeat","background-position":"center center","background-size":"auto","background-attachment":"scroll","background-type":"","background-media":"","overlay-type":"","overlay-color":"","overlay-opacity":"","overlay-gradient":""}},"ast-content-background-meta":{"desktop":{"background-color":"var(--ast-global-color-5)","background-image":"","background-repeat":"repeat","background-position":"center center","background-size":"auto","background-attachment":"scroll","background-type":"","background-media":"","overlay-type":"","overlay-color":"","overlay-opacity":"","overlay-gradient":""},"tablet":{"background-color":"var(--ast-global-color-5)","background-image":"","background-repeat":"repeat","background-position":"center center","background-size":"auto","background-attachment":"scroll","background-type":"","background-media":"","overlay-type":"","overlay-color":"","overlay-opacity":"","overlay-gradient":""},"mobile":{"background-color":"var(--ast-global-color-5)","background-image":"","background-repeat":"repeat","background-position":"center center","background-size":"auto","background-attachment":"scroll","background-type":"","background-media":"","overlay-type":"","overlay-color":"","overlay-opacity":"","overlay-gradient":""}},"footnotes":""},"class_list":["post-2278","page","type-page","status-publish","hentry"],"uagb_featured_image_src":{"full":false,"thumbnail":false,"medium":false,"medium_large":false,"large":false,"1536x1536":false,"2048x2048":false,"trp-custom-language-flag":false,"woocommerce_thumbnail":false,"woocommerce_single":false,"woocommerce_gallery_thumbnail":false},"uagb_author_info":{"display_name":"weightandfat","author_link":"https:\/\/onlinepharm.eu\/nb\/author\/weightandfat\/"},"uagb_comment_info":0,"uagb_excerpt":"Mounjaro Injection What is Mounjaro? Mounjaro is a brand name for the drug Tirzepatide. It is used to treat type [&hellip;]","_links":{"self":[{"href":"https:\/\/onlinepharm.eu\/nb\/wp-json\/wp\/v2\/pages\/2278","targetHints":{"allow":["GET"]}}],"collection":[{"href":"https:\/\/onlinepharm.eu\/nb\/wp-json\/wp\/v2\/pages"}],"about":[{"href":"https:\/\/onlinepharm.eu\/nb\/wp-json\/wp\/v2\/types\/page"}],"author":[{"embeddable":true,"href":"https:\/\/onlinepharm.eu\/nb\/wp-json\/wp\/v2\/users\/1"}],"replies":[{"embeddable":true,"href":"https:\/\/onlinepharm.eu\/nb\/wp-json\/wp\/v2\/comments?post=2278"}],"version-history":[{"count":0,"href":"https:\/\/onlinepharm.eu\/nb\/wp-json\/wp\/v2\/pages\/2278\/revisions"}],"wp:attachment":[{"href":"https:\/\/onlinepharm.eu\/nb\/wp-json\/wp\/v2\/media?parent=2278"}],"curies":[{"name":"wp","href":"https:\/\/api.w.org\/{rel}","templated":true}]}}