{"id":2305,"date":"2025-03-26T03:43:18","date_gmt":"2025-03-26T03:43:18","guid":{"rendered":"https:\/\/weightlossandfatloss.com\/?page_id=2305"},"modified":"2025-03-26T03:43:20","modified_gmt":"2025-03-26T03:43:20","slug":"ozempic-injekcija","status":"publish","type":"page","link":"https:\/\/onlinepharm.eu\/lv\/ozempic-injekcija\/","title":{"rendered":"Ozempic"},"content":{"rendered":"<div class=\"wp-block-uagb-advanced-heading uagb-block-87f2c092\"><h1 class=\"uagb-heading-text\">Ozempic injekcija<\/h1><\/div>\n\n\n\n<div class=\"wp-block-uagb-image uagb-block-9fdb3455 wp-block-uagb-image--layout-default wp-block-uagb-image--effect-static wp-block-uagb-image--align-none\"><figure class=\"wp-block-uagb-image__figure\"><img decoding=\"async\" srcset=\"https:\/\/onlinepharm.eu\/wp-content\/uploads\/2024\/08\/buy-ozempic-Netherland.webp ,https:\/\/onlinepharm.eu\/wp-content\/uploads\/2024\/08\/buy-ozempic-Netherland.webp 780w, https:\/\/onlinepharm.eu\/wp-content\/uploads\/2024\/08\/buy-ozempic-Netherland.webp 360w\" sizes=\"auto, (max-width: 480px) 150px\" src=\"https:\/\/onlinepharm.eu\/wp-content\/uploads\/2024\/08\/buy-ozempic-Netherland.webp\" alt=\"Ozempic injekcija\" class=\"uag-image-1781\" width=\"1000\" height=\"563\" title=\"pirkt ozempic europe\" loading=\"lazy\" role=\"img\"\/><\/figure><\/div>\n\n\n\n<div class=\"wp-block-uagb-advanced-heading uagb-block-dddb48d4\"><h2 class=\"uagb-heading-text\">Kas ir Ozempic?<\/h2><\/div>\n\n\n\n<p><a href=\"https:\/\/onlinepharm.eu\/en\/product-category\/ozempic-kopen-nederland\/\">Ozempic<\/a> ir z\u0101\u013cu semaglutida, ko galvenok\u0101rt lieto 2. tipa diab\u0113ta \u0101rst\u0113\u0161anai un svara kontrolei, z\u012bmols. Tas pal\u012bdz regul\u0113t cukura l\u012bmeni asin\u012bs, imit\u0113jot hormona GLP-1 darb\u012bbu, kas palielina insul\u012bna ra\u017eo\u0161anu un samazina glikagona izdal\u012b\u0161anos, rea\u0123\u0113jot uz \u0113dienreiz\u0113m. \u0160\u012b dubult\u0101 darb\u012bba pal\u012bdz pazemin\u0101t cukura l\u012bmeni asin\u012bs un veicina svara samazin\u0101\u0161anos.<\/p>\n\n\n\n<div class=\"wp-block-uagb-advanced-heading uagb-block-7a29d4fe\"><h2 class=\"uagb-heading-text\">K\u0101 darbojas Ozempic?<\/h2><\/div>\n\n\n\n<p>Ozempic pal\u012bdz samazin\u0101t svaru, samazinot apet\u012bti un palielinot s\u0101ta saj\u016btu. Tas darbojas, izmantojot divus galvenos meh\u0101nismus:<\/p>\n\n\n\n<ul class=\"wp-block-list\">\n<li>Insul\u012bna ra\u017eo\u0161anas stimul\u0113\u0161ana: Ozempic imit\u0113 GLP-1 hormonu, kas pal\u012bdz palielin\u0101t insul\u012bna ra\u017eo\u0161anu p\u0113c \u0113\u0161anas, pazeminot cukura l\u012bmeni asin\u012bs.<\/li>\n\n\n\n<li>Apet\u012bta samazin\u0101\u0161ana: Tas ar\u012b pal\u0113nina ku\u0146\u0123a iztuk\u0161o\u0161anos, liekot ilg\u0101k justies s\u0101t\u012bgam, kas pal\u012bdz samazin\u0101t uz\u0146emto \u0113dienu un veicina svara zudumu.<\/li>\n<\/ul>\n\n\n\n<div class=\"wp-block-uagb-advanced-heading uagb-block-9d2015e4\"><h2 class=\"uagb-heading-text\">Kur var ieg\u0101d\u0101ties Ozempic?<\/h2><\/div>\n\n\n\n<p>Ozempic ir pieejams N\u012bderland\u0113, bet tam vajadz\u012bga recepte. J\u016bs varat pierakst\u012bties pie vesel\u012bbas apr\u016bpes speci\u0101lista, lai noteiktu, vai Ozempic ir piem\u0113rots tie\u0161i Jums. Lai nodro\u0161in\u0101tu dro\u0161umu un efektivit\u0101ti, ir svar\u012bgi to ieg\u0101d\u0101ties pa likum\u012bgiem medic\u012bniskiem kan\u0101liem.<\/p>\n\n\n\n<div class=\"wp-block-uagb-advanced-heading uagb-block-a7d2d592\"><h2 class=\"uagb-heading-text\">Iesp\u0113jam\u0101s blakuspar\u0101d\u012bbas<\/h2><\/div>\n\n\n\n<p>Bie\u017e\u0101k\u0101s Ozempic blakuspar\u0101d\u012bbas ir slikta d\u016b\u0161a, vem\u0161ana, caureja un aizciet\u0113jums. \u0160\u012bs blakuspar\u0101d\u012bbas parasti ir vieglas un laika gait\u0101 bie\u017ei vien izz\u016bd. Tom\u0113r ir svar\u012bgi p\u0101rrun\u0101t visas blakuspar\u0101d\u012bbas ar savu vesel\u012bbas apr\u016bpes sniedz\u0113ju.<\/p>\n\n\n\n<div class=\"wp-block-uagb-advanced-heading uagb-block-21a1e866\"><h2 class=\"uagb-heading-text\">Ozempic injekcijas un svara zudums<\/h2><\/div>\n\n\n\n<p>Ozempic ir uzr\u0101d\u012bjis iev\u0113rojamus rezult\u0101tus svara samazin\u0101\u0161an\u0101 cilv\u0113kiem ar aptauko\u0161anos vai lieko svaru. Kl\u012bniskie p\u0113t\u012bjumi liecina, ka cilv\u0113ki, kuri lieto Ozempic, var zaud\u0113t l\u012bdz 14,9% \u0137erme\u0146a svara. Tas padara to par sp\u0113c\u012bgu l\u012bdzekli gan 2. tipa cukura diab\u0113ta, gan ar\u012b citu slim\u012bbu \u0101rst\u0113\u0161an\u0101. <a href=\"https:\/\/www.healthline.com\/health\/drugs\/ozempic\" target=\"_blank\" rel=\"noopener\">aptauko\u0161an\u0101s<\/a>.<\/p>\n\n\n\n<div class=\"wp-block-uagb-advanced-heading uagb-block-316f08fe\"><h2 class=\"uagb-heading-text\">K\u0101 lietot Ozempic?<\/h2><\/div>\n\n\n\n<p>Ozempic parasti ievada reizi ned\u0113\u013c\u0101 injekcijas veid\u0101. Lai sasniegtu vislab\u0101kos rezult\u0101tus, ir \u013coti svar\u012bgi r\u016bp\u012bgi iev\u0113rot vesel\u012bbas apr\u016bpes sniedz\u0113ja nor\u0101d\u012bjumus par devu un ievad\u012b\u0161anu. Nekad nepiel\u0101gojiet devu bez konsult\u0113\u0161an\u0101s ar \u0101rstu.<\/p>\n\n\n\n<div class=\"wp-block-uagb-advanced-heading uagb-block-25d2f08b\"><h2 class=\"uagb-heading-text\">Bie\u017e\u0101k uzdotie jaut\u0101jumi (FAQ)<\/h2><\/div>\n\n\n\n<div class=\"wp-block-uagb-advanced-heading uagb-block-3291a6a9\"><h3 class=\"uagb-heading-text\">Cik daudz svara j\u016bs varat zaud\u0113t ar Ozempic?<\/h3><\/div>\n\n\n\n<p>Ozempic un taml\u012bdz\u012bgas z\u0101les tagad vid\u0113ji zaud\u0113 svaru par\u00a0<strong>15 l\u012bdz 20 procenti<\/strong>, kas ir iev\u0113rojami liel\u0101ks nek\u0101 iepriek\u0161\u0113j\u0101s iesp\u0113jas. Aptuveni tre\u0161da\u013cai rodas aptuveni 10 procentu \u0137erme\u0146a svara zudums.<\/p>\n\n\n\n<div class=\"wp-block-uagb-advanced-heading uagb-block-6d4a170d\"><h3 class=\"uagb-heading-text\">K\u0101das ir Ozempic blakuspar\u0101d\u012bbas?<\/h3><\/div>\n\n\n\n<p>Bie\u017e\u0101k\u0101s blakuspar\u0101d\u012bbas ir slikta d\u016b\u0161a, vem\u0161ana, caureja un aizciet\u0113jums. Ir svar\u012bgi p\u0101rrun\u0101t visas blakuspar\u0101d\u012bbas ar savu vesel\u012bbas apr\u016bpes sniedz\u0113ju.<\/p>\n\n\n\n<div class=\"wp-block-uagb-advanced-heading uagb-block-8adc6e52\"><h3 class=\"uagb-heading-text\">Vai Ozempic ir pieejams bez receptes?<\/h3><\/div>\n\n\n\n<p>N\u0113, Ozempic ir vajadz\u012bga recepte, un, lai nodro\u0161in\u0101tu dro\u0161umu un efektivit\u0101ti, tas ir j\u0101sa\u0146em pa likum\u012bgiem medic\u012bniskiem kan\u0101liem.<\/p>\n\n\n\n<div class=\"wp-block-uagb-advanced-heading uagb-block-51e4011a\"><h3 class=\"uagb-heading-text\">Kur var ieg\u0101d\u0101ties Ozempic tie\u0161saist\u0113?<\/h3><\/div>\n\n\n\n<p>Ozempic var ieg\u0101d\u0101ties tie\u0161saist\u0113 no m\u016bsu sertific\u0113tas aptiekas N\u012bderland\u0113, Sp\u0101nij\u0101 un V\u0101cij\u0101, ja jums ir der\u012bga recepte.<\/p>\n\n\n\n<div class=\"wp-block-uagb-advanced-heading uagb-block-18c652dd\"><h3 class=\"uagb-heading-text\">K\u0101 Ozempic pal\u012bdz samazin\u0101t svaru?<\/h3><\/div>\n\n\n\n<p>Ozempic pal\u012bdz samazin\u0101t svaru, samazinot apet\u012bti un palielinot s\u0101ta saj\u016btu, k\u0101 rezult\u0101t\u0101 samazin\u0101s p\u0101rtikas uz\u0146em\u0161ana.<\/p>\n\n\n\n<div class=\"wp-block-uagb-advanced-heading uagb-block-a2e6280e\"><h4 class=\"uagb-heading-text\">Aicin\u0101jums r\u012bkoties<\/h4><\/div>\n\n\n\n<p>Vai j\u016bs interes\u0113, k\u0101 Ozempic var pal\u012bdz\u0113t jums sasniegt j\u016bsu vesel\u012bbas un svara samazin\u0101\u0161anas m\u0113r\u0137us? Ja j\u0101, sazinieties ar kvalific\u0113tu vesel\u012bbas apr\u016bpes speci\u0101listu, lai sa\u0146emtu konsult\u0101ciju. P\u0101rliecinieties, ka atbilstat medic\u012bniskajiem krit\u0113rijiem, un r\u016bp\u012bgi p\u0101rrun\u0101jiet ar savu \u0101rstu iesp\u0113jas un blakuspar\u0101d\u012bbas.<\/p>\n\n\n\n<p>Lai ieg\u016btu vair\u0101k inform\u0101cijas un jaunumus par <a href=\"https:\/\/onlinepharm.eu\/en\/product-category\/ozempic-kopen-nederland\/\">Ozempic's<\/a> pieejam\u012bbu, regul\u0101ri apmekl\u0113jiet m\u016bsu t\u012bmek\u013ca vietni un sekojiet l\u012bdzi jaun\u0101kaj\u0101m noris\u0113m.<\/p>\n\n\n\n<div class=\"wp-block-uagb-container uagb-block-5a63678d alignfull uagb-is-root-container\"><div class=\"uagb-container-inner-blocks-wrap\">\n<div class=\"wp-block-uagb-container uagb-block-cc31ef61\">\n<div class=\"wp-block-uagb-image uagb-block-6a819919 wp-block-uagb-image--layout-default wp-block-uagb-image--effect-static wp-block-uagb-image--align-none\"><figure class=\"wp-block-uagb-image__figure\"><img decoding=\"async\" srcset=\"https:\/\/onlinepharm.eu\/wp-content\/uploads\/2024\/09\/Weightloss-fatloss-1.png ,https:\/\/onlinepharm.eu\/wp-content\/uploads\/2024\/09\/Weightloss-fatloss-1.png 780w, https:\/\/onlinepharm.eu\/wp-content\/uploads\/2024\/09\/Weightloss-fatloss-1.png 360w\" sizes=\"auto, (max-width: 480px) 150px\" src=\"https:\/\/onlinepharm.eu\/wp-content\/uploads\/2024\/09\/Weightloss-fatloss-1.png\" alt=\"Svara zudums un tauku zudums\" class=\"uag-image-1818\" width=\"500\" height=\"500\" title=\"Svara zudums un tauku zudums\" loading=\"lazy\" role=\"img\"\/><\/figure><\/div>\n<\/div>\n\n\n\n<div class=\"wp-block-uagb-container uagb-block-1c6e11d3\">\n<div class=\"wp-block-uagb-image uagb-block-f3529d19 wp-block-uagb-image--layout-default wp-block-uagb-image--effect-static wp-block-uagb-image--align-none\"><figure class=\"wp-block-uagb-image__figure\"><img decoding=\"async\" srcset=\"https:\/\/onlinepharm.eu\/wp-content\/uploads\/2024\/07\/Ozempic-Injection-Semaglutide-Injection-Pack-of-1-Pre-filled-Pen-3-1024x1024.jpg ,https:\/\/onlinepharm.eu\/wp-content\/uploads\/2024\/07\/Ozempic-Injection-Semaglutide-Injection-Pack-of-1-Pre-filled-Pen-3.jpg 780w, https:\/\/onlinepharm.eu\/wp-content\/uploads\/2024\/07\/Ozempic-Injection-Semaglutide-Injection-Pack-of-1-Pre-filled-Pen-3.jpg 360w\" sizes=\"auto, (max-width: 480px) 150px\" src=\"https:\/\/onlinepharm.eu\/wp-content\/uploads\/2024\/07\/Ozempic-Injection-Semaglutide-Injection-Pack-of-1-Pre-filled-Pen-3-1024x1024.jpg\" alt=\"\" class=\"uag-image-1614\" width=\"1024\" height=\"1024\" title=\"Ozempic-Injection-Semaglutide-Injection-Pack-of-1-Pre-filled-Pen-3\" loading=\"lazy\" role=\"img\"\/><\/figure><\/div>\n<\/div>\n\n\n\n<div class=\"wp-block-uagb-container uagb-block-029eda54\">\n<div class=\"wp-block-uagb-image uagb-block-c4b2b218 wp-block-uagb-image--layout-default wp-block-uagb-image--effect-static wp-block-uagb-image--align-none\"><figure class=\"wp-block-uagb-image__figure\"><img decoding=\"async\" srcset=\"https:\/\/onlinepharm.eu\/wp-content\/uploads\/2024\/07\/cropped-losing-weight-for-no-reason.avif ,https:\/\/onlinepharm.eu\/wp-content\/uploads\/2024\/07\/cropped-losing-weight-for-no-reason.avif 780w, https:\/\/onlinepharm.eu\/wp-content\/uploads\/2024\/07\/cropped-losing-weight-for-no-reason.avif 360w\" sizes=\"auto, (max-width: 480px) 150px\" src=\"https:\/\/onlinepharm.eu\/wp-content\/uploads\/2024\/07\/cropped-losing-weight-for-no-reason.avif\" alt=\"Ozempic comprar\" class=\"uag-image-1800\" width=\"512\" height=\"512\" title=\"Ozempic comprar\" loading=\"lazy\" role=\"img\"\/><\/figure><\/div>\n<\/div>\n<\/div><\/div>","protected":false},"excerpt":{"rendered":"<p>Ozempic Injection What is Ozempic? Ozempic is a brand name for the drug Semaglutide, which is mainly used to treat [&hellip;]<\/p>","protected":false},"author":1,"featured_media":0,"parent":0,"menu_order":0,"comment_status":"closed","ping_status":"closed","template":"","meta":{"_uag_custom_page_level_css":"","site-sidebar-layout":"default","site-content-layout":"","ast-site-content-layout":"","site-content-style":"default","site-sidebar-style":"default","ast-global-header-display":"","ast-banner-title-visibility":"","ast-main-header-display":"","ast-hfb-above-header-display":"","ast-hfb-below-header-display":"","ast-hfb-mobile-header-display":"","site-post-title":"disabled","ast-breadcrumbs-content":"","ast-featured-img":"","footer-sml-layout":"","theme-transparent-header-meta":"","adv-header-id-meta":"","stick-header-meta":"","header-above-stick-meta":"","header-main-stick-meta":"","header-below-stick-meta":"","astra-migrate-meta-layouts":"default","ast-page-background-enabled":"default","ast-page-background-meta":{"desktop":{"background-color":"var(--ast-global-color-4)","background-image":"","background-repeat":"repeat","background-position":"center center","background-size":"auto","background-attachment":"scroll","background-type":"","background-media":"","overlay-type":"","overlay-color":"","overlay-opacity":"","overlay-gradient":""},"tablet":{"background-color":"","background-image":"","background-repeat":"repeat","background-position":"center center","background-size":"auto","background-attachment":"scroll","background-type":"","background-media":"","overlay-type":"","overlay-color":"","overlay-opacity":"","overlay-gradient":""},"mobile":{"background-color":"","background-image":"","background-repeat":"repeat","background-position":"center center","background-size":"auto","background-attachment":"scroll","background-type":"","background-media":"","overlay-type":"","overlay-color":"","overlay-opacity":"","overlay-gradient":""}},"ast-content-background-meta":{"desktop":{"background-color":"var(--ast-global-color-5)","background-image":"","background-repeat":"repeat","background-position":"center center","background-size":"auto","background-attachment":"scroll","background-type":"","background-media":"","overlay-type":"","overlay-color":"","overlay-opacity":"","overlay-gradient":""},"tablet":{"background-color":"var(--ast-global-color-5)","background-image":"","background-repeat":"repeat","background-position":"center center","background-size":"auto","background-attachment":"scroll","background-type":"","background-media":"","overlay-type":"","overlay-color":"","overlay-opacity":"","overlay-gradient":""},"mobile":{"background-color":"var(--ast-global-color-5)","background-image":"","background-repeat":"repeat","background-position":"center center","background-size":"auto","background-attachment":"scroll","background-type":"","background-media":"","overlay-type":"","overlay-color":"","overlay-opacity":"","overlay-gradient":""}},"footnotes":""},"class_list":["post-2305","page","type-page","status-publish","hentry"],"uagb_featured_image_src":{"full":false,"thumbnail":false,"medium":false,"medium_large":false,"large":false,"1536x1536":false,"2048x2048":false,"trp-custom-language-flag":false,"woocommerce_thumbnail":false,"woocommerce_single":false,"woocommerce_gallery_thumbnail":false},"uagb_author_info":{"display_name":"weightandfat","author_link":"https:\/\/onlinepharm.eu\/lv\/author\/weightandfat\/"},"uagb_comment_info":0,"uagb_excerpt":"Ozempic Injection What is Ozempic? Ozempic is a brand name for the drug Semaglutide, which is mainly used to treat [&hellip;]","_links":{"self":[{"href":"https:\/\/onlinepharm.eu\/lv\/wp-json\/wp\/v2\/pages\/2305","targetHints":{"allow":["GET"]}}],"collection":[{"href":"https:\/\/onlinepharm.eu\/lv\/wp-json\/wp\/v2\/pages"}],"about":[{"href":"https:\/\/onlinepharm.eu\/lv\/wp-json\/wp\/v2\/types\/page"}],"author":[{"embeddable":true,"href":"https:\/\/onlinepharm.eu\/lv\/wp-json\/wp\/v2\/users\/1"}],"replies":[{"embeddable":true,"href":"https:\/\/onlinepharm.eu\/lv\/wp-json\/wp\/v2\/comments?post=2305"}],"version-history":[{"count":0,"href":"https:\/\/onlinepharm.eu\/lv\/wp-json\/wp\/v2\/pages\/2305\/revisions"}],"wp:attachment":[{"href":"https:\/\/onlinepharm.eu\/lv\/wp-json\/wp\/v2\/media?parent=2305"}],"curies":[{"name":"wp","href":"https:\/\/api.w.org\/{rel}","templated":true}]}}