{"id":2278,"date":"2025-03-26T00:34:53","date_gmt":"2025-03-26T00:34:53","guid":{"rendered":"https:\/\/weightlossandfatloss.com\/?page_id=2278"},"modified":"2025-03-26T02:20:10","modified_gmt":"2025-03-26T02:20:10","slug":"mounjaro-injektio","status":"publish","type":"page","link":"https:\/\/onlinepharm.eu\/fi\/mounjaro-injektio\/","title":{"rendered":"mounjaro"},"content":{"rendered":"<div class=\"wp-block-uagb-advanced-heading uagb-block-2f8257a0\"><h1 class=\"uagb-heading-text\">Mounjaro injektio<\/h1><\/div>\n\n\n\n<div style=\"height:63px\" aria-hidden=\"true\" class=\"wp-block-spacer\"><\/div>\n\n\n\n<div class=\"wp-block-uagb-image aligncenter uagb-block-106d2fa3 wp-block-uagb-image--layout-default wp-block-uagb-image--effect-static wp-block-uagb-image--align-center\"><figure class=\"wp-block-uagb-image__figure\"><img decoding=\"async\" srcset=\"https:\/\/onlinepharm.eu\/wp-content\/uploads\/2024\/07\/1443664020-mounjaro-1024x450.png ,https:\/\/onlinepharm.eu\/wp-content\/uploads\/2024\/07\/1443664020-mounjaro.png 780w, https:\/\/onlinepharm.eu\/wp-content\/uploads\/2024\/07\/1443664020-mounjaro.png 360w\" sizes=\"auto, (max-width: 480px) 150px\" src=\"https:\/\/onlinepharm.eu\/wp-content\/uploads\/2024\/07\/1443664020-mounjaro-1024x450.png\" alt=\"Mounjaro Alankomaat\" class=\"uag-image-1719\" width=\"1024\" height=\"450\" title=\"1443664020-mounjaro\" loading=\"lazy\" role=\"img\"\/><\/figure><\/div>\n\n\n\n<div class=\"wp-block-uagb-advanced-heading uagb-block-a55b7f89\"><h2 class=\"uagb-heading-text\"><\/h2><\/div>\n\n\n\n<div class=\"wp-block-uagb-advanced-heading uagb-block-b3c6b8d9\"><h2 class=\"uagb-heading-text\">Mik\u00e4 on Mounjaro?<\/h2><\/div>\n\n\n\n<p>Mounjaro on tirzepatidi-l\u00e4\u00e4kkeen tuotenimi. Sit\u00e4 k\u00e4ytet\u00e4\u00e4n tyypin 2 diabeteksen hoitoon ja painonhallintaan. Tirzepatidi vaikuttaa alentamalla verensokeria ja parantamalla insuliinin tuotantoa. Lis\u00e4ksi se auttaa painonpudotuksessa, joten se on suosittu valinta lihaville tai ylipainoisille. <a href=\"https:\/\/onlinepharm.eu\/en\/product-category\/mounjaro-kopen\/\">Klikkaa t\u00e4st\u00e4<\/a> n\u00e4hd\u00e4ksesi tuotteet ja hinnat<\/p>\n\n\n\n<div class=\"wp-block-uagb-advanced-heading uagb-block-9d8ff36b\"><h2 class=\"uagb-heading-text\">Miten Mounjaro toimii?<\/h2><\/div>\n\n\n\n<p>Mounjaro auttaa laihtumaan v\u00e4hent\u00e4m\u00e4ll\u00e4 ruokahalua. Se vaikuttaa kahteen hormoniin:<\/p>\n\n\n\n<ul class=\"wp-block-list\">\n<li>GIP (glukoosiriippuvainen insulinotrooppinen polypeptidi): Stimuloi insuliinin tuotantoa sy\u00f6misen j\u00e4lkeen, mik\u00e4 lis\u00e4\u00e4 kyll\u00e4isyyden tunnetta.<\/li>\n\n\n\n<li>GLP-1 (glukagonin kaltainen peptidi-1): J\u00e4ljittelee GLP-1:n vaikutusta, mik\u00e4 my\u00f6s lis\u00e4\u00e4 kyll\u00e4isyyden tunnetta ja v\u00e4hent\u00e4\u00e4 ruokahalua.<\/li>\n<\/ul>\n\n\n\n<p>Mist\u00e4 voit ostaa Mounjaroa?<br>Mounjaro ei ole t\u00e4ll\u00e4 hetkell\u00e4 viel\u00e4 saatavilla Alankomaiden markkinoilla. Kun se tulee saataville, se on saatavilla vain reseptill\u00e4. On t\u00e4rke\u00e4\u00e4 varata aika l\u00e4\u00e4k\u00e4rin vastaanotolle, joka arvioi sairaushistoriasi ennen kuin voit saada reseptin. mounjaro nederland<\/p>\n\n\n\n<div class=\"wp-block-uagb-advanced-heading uagb-block-d766768a\"><h2 class=\"uagb-heading-text\">Mounjaro haittavaikutukset<\/h2><\/div>\n\n\n\n<p>Kuten useimmat l\u00e4\u00e4kkeet, Mounjaro voi aiheuttaa lievi\u00e4 tai vakavia haittavaikutuksia. Alla olevissa luetteloissa kuvataan joitakin yleisimpi\u00e4 haittavaikutuksia, joita Mounjaro voi aiheuttaa. N\u00e4m\u00e4 luettelot eiv\u00e4t sis\u00e4ll\u00e4 kaikkia mahdollisia haittavaikutuksia.<\/p>\n\n\n\n<p>Muista, ett\u00e4 l\u00e4\u00e4kkeen haittavaikutukset voivat riippua:<\/p>\n\n\n\n<p>muut terveysongelmasi<br>muut k\u00e4ytt\u00e4m\u00e4si l\u00e4\u00e4kkeet<br>L\u00e4\u00e4k\u00e4ri tai apteekkihenkil\u00f6kunta voi kertoa sinulle lis\u00e4\u00e4 Mounjaron mahdollisista haittavaikutuksista. He voivat my\u00f6s ehdottaa keinoja haittavaikutusten v\u00e4hent\u00e4miseksi.<\/p>\n\n\n\n<div class=\"wp-block-uagb-advanced-heading uagb-block-1df1da9b\"><h3 class=\"uagb-heading-text\">Liev\u00e4t haittavaikutukset<br><\/h3><\/div>\n\n\n\n<p>T\u00e4ss\u00e4 on luettelo lievist\u00e4 haittavaikutuksista, joita Mounjaro voi aiheuttaa. Jos haluat tiet\u00e4\u00e4 muista lievist\u00e4 haittavaikutuksista, keskustele l\u00e4\u00e4k\u00e4rin tai apteekkihenkil\u00f6kunnan kanssa tai lue Mounjaron l\u00e4\u00e4kem\u00e4\u00e4r\u00e4ystiedot.<\/p>\n\n\n\n<p>Mounjaron lievi\u00e4 haittavaikutuksia, joita on raportoitu, ovat:<\/p>\n\n\n\n<ul class=\"wp-block-list\">\n<li>pahoinvointi ja oksentelu<\/li>\n\n\n\n<li>ripuli<\/li>\n\n\n\n<li>v\u00e4hentynyt ruokahalu<\/li>\n\n\n\n<li>ummetus<\/li>\n\n\n\n<li>vatsakipu<\/li>\n\n\n\n<li>reaktiot pistoskohdassa<\/li>\n\n\n\n<li>n\u00e4r\u00e4stys<\/li>\n\n\n\n<li>liev\u00e4 allerginen reaktio*<br>Monien l\u00e4\u00e4kkeiden liev\u00e4t haittavaikutukset voivat h\u00e4vit\u00e4 muutamassa p\u00e4iv\u00e4ss\u00e4 tai viikossa. Jos ne kuitenkin alkavat h\u00e4irit\u00e4, keskustele l\u00e4\u00e4k\u00e4rin tai apteekkihenkil\u00f6kunnan kanssa.<\/li>\n<\/ul>\n\n\n\n<div class=\"wp-block-uagb-advanced-heading uagb-block-838db050\"><h3 class=\"uagb-heading-text\">Vakavat haittavaikutukset<\/h3><\/div>\n\n\n\n<p>Mounjaron vakavia sivuvaikutuksia voi esiinty\u00e4, mutta ne eiv\u00e4t ole yleisi\u00e4. Jos sinulla on vakavia haittavaikutuksia Mounjarosta, soita v\u00e4litt\u00f6m\u00e4sti l\u00e4\u00e4k\u00e4rillesi. Jos kuitenkin luulet, ett\u00e4 kyseess\u00e4 on l\u00e4\u00e4ketieteellinen h\u00e4t\u00e4tilanne, soita v\u00e4litt\u00f6m\u00e4sti h\u00e4t\u00e4numeroon 112 tai paikalliseen h\u00e4t\u00e4numeroon.<\/p>\n\n\n\n<p>Mounjaron vakavia haittavaikutuksia, joita on raportoitu, ovat:<\/p>\n\n\n\n<ul class=\"wp-block-list\">\n<li>haimatulehdus (haiman turvotus)<\/li>\n\n\n\n<li>sappirakon ongelmat<\/li>\n\n\n\n<li>hypoglykemia (alhainen verensokeri)<\/li>\n\n\n\n<li>vakavia ruoansulatuskanavan haittavaikutuksia, kuten voimakasta pahoinvointia, oksentelua tai ripulia, jotka voivat johtaa nestehukkaan ja munuaisongelmiin.<\/li>\n\n\n\n<li>kehystetty varoitus: kilpirauhassy\u00f6v\u00e4n riski*<\/li>\n\n\n\n<li>vakava allerginen reaktio\u2020<\/li>\n<\/ul>\n\n\n\n<div class=\"wp-block-uagb-advanced-heading uagb-block-6c997699\"><h2 class=\"uagb-heading-text\">Kuinka k\u00e4ytt\u00e4\u00e4 Mounjaro-injektiota?<\/h2><\/div>\n\n\n\n<p>Mounjaro annetaan yleens\u00e4 injektiona kerran viikossa. Optimaalisten tulosten saavuttamiseksi on t\u00e4rke\u00e4\u00e4 noudattaa huolellisesti terveydenhuollon tarjoajan ohjeita.<\/p>\n\n\n\n<div class=\"wp-block-uagb-advanced-heading uagb-block-38dd9802\"><h2 class=\"uagb-heading-text\">Usein kysytyt kysymykset (FAQ)<\/h2><\/div>\n\n\n\n<div class=\"wp-block-uagb-advanced-heading uagb-block-507fad66\"><h3 class=\"uagb-heading-text\">Kuinka paljon painoa menet\u00e4t Mounjarolla?<\/h3><\/div>\n\n\n\n<p>Tutkimukset osoittavat, ett\u00e4 Mounjaroa k\u00e4ytt\u00e4v\u00e4t ihmiset menett\u00e4v\u00e4t keskim\u00e4\u00e4rin 12,4% ruumiinpainostaan, mik\u00e4 on enemm\u00e4n kuin muut laihdutusl\u00e4\u00e4kkeet, kuten Saxenda.<\/p>\n\n\n\n<div class=\"wp-block-uagb-advanced-heading uagb-block-b640ccd7\"><h3 class=\"uagb-heading-text\">Kumpi on parempi, Mounjaro vai Wegovy?<\/h3><\/div>\n\n\n\n<p>Yleisesti ottaen Mounjaro n\u00e4ytt\u00e4\u00e4 olevan tehokkaampi laihdutusvalmiste kuin Wegovy, koska siin\u00e4 on vaikuttavana aineena tirzepatidi.<\/p>\n\n\n\n<div class=\"wp-block-uagb-advanced-heading uagb-block-4b9b8b14\"><h3 class=\"uagb-heading-text\">Onko Mounjaro saatavilla Euroopassa?<\/h3><\/div>\n\n\n\n<p><br>Mounjaro on t\u00e4ll\u00e4 hetkell\u00e4 saatavilla joissakin osissa Eurooppaa l\u00e4\u00e4k\u00e4rin valvonnassa ja ilman resepti\u00e4. <\/p>\n\n\n\n<div class=\"wp-block-uagb-advanced-heading uagb-block-f57693f7\"><h4 class=\"uagb-heading-text\">Kehotus toimintaan<\/h4><\/div>\n\n\n\n<p>Oletko kiinnostunut siit\u00e4, miten Mounjaro voi auttaa sinua saavuttamaan terveystavoitteesi? Jos vastaus on kyll\u00e4, ota yhteytt\u00e4 p\u00e4tev\u00e4\u00e4n terveydenhuollon tarjoajaan konsultaatiota varten. Varmista, ett\u00e4 t\u00e4yt\u00e4t l\u00e4\u00e4ketieteelliset kriteerit ja perusteellisesti <a href=\"https:\/\/www.diabetes.org.uk\/about-diabetes\/looking-after-diabetes\/treatments\/tablets-and-medication\/glp-1\/mounjaro\" target=\"_blank\" rel=\"noopener\">keskustella<\/a> vaihtoehtoja ja haittavaikutuksia l\u00e4\u00e4k\u00e4risi kanssa.<\/p>\n\n\n\n<p>Jos haluat lis\u00e4tietoja ja p\u00e4ivityksi\u00e4 Mounjaron saatavuudesta, vieraile verkkosivuillamme s\u00e4\u00e4nn\u00f6llisesti ja pysy ajan tasalla. Osta <a href=\"https:\/\/onlinepharm.eu\/en\/product-category\/mounjaro-kopen\/\">mounjaro<\/a><\/p>\n\n\n\n<div class=\"wp-block-uagb-container uagb-block-7cae2c60 alignfull uagb-is-root-container\"><div class=\"uagb-container-inner-blocks-wrap\">\n<div class=\"wp-block-uagb-container uagb-block-10f7b9da\">\n<figure class=\"wp-block-image size-full\"><img loading=\"lazy\" decoding=\"async\" width=\"500\" height=\"500\" src=\"https:\/\/onlinepharm.eu\/wp-content\/uploads\/2024\/09\/Weightloss-fatloss-1.png\" alt=\"Painonlasku ja rasvanlasku\" class=\"wp-image-1818\" srcset=\"https:\/\/onlinepharm.eu\/wp-content\/uploads\/2024\/09\/Weightloss-fatloss-1.png 500w, https:\/\/onlinepharm.eu\/wp-content\/uploads\/2024\/09\/Weightloss-fatloss-1-300x300.png 300w, https:\/\/onlinepharm.eu\/wp-content\/uploads\/2024\/09\/Weightloss-fatloss-1-150x150.png 150w, https:\/\/onlinepharm.eu\/wp-content\/uploads\/2024\/09\/Weightloss-fatloss-1-12x12.png 12w, https:\/\/onlinepharm.eu\/wp-content\/uploads\/2024\/09\/Weightloss-fatloss-1-100x100.png 100w, https:\/\/onlinepharm.eu\/wp-content\/uploads\/2024\/09\/Weightloss-fatloss-1-200x200.png 200w\" sizes=\"auto, (max-width: 500px) 100vw, 500px\" \/><\/figure>\n<\/div>\n\n\n\n<div class=\"wp-block-uagb-container uagb-block-c781fece\">\n<figure class=\"wp-block-image size-large\"><img loading=\"lazy\" decoding=\"async\" width=\"1024\" height=\"538\" src=\"https:\/\/onlinepharm.eu\/wp-content\/uploads\/2025\/03\/mounjaro-logo-medisch-afvallen-body-clinic_0-2048x1075-1-1024x538.jpg\" alt=\"Mounjaro injektio\" class=\"wp-image-2280\" srcset=\"https:\/\/onlinepharm.eu\/wp-content\/uploads\/2025\/03\/mounjaro-logo-medisch-afvallen-body-clinic_0-2048x1075-1-1024x538.jpg 1024w, https:\/\/onlinepharm.eu\/wp-content\/uploads\/2025\/03\/mounjaro-logo-medisch-afvallen-body-clinic_0-2048x1075-1-300x157.jpg 300w, https:\/\/onlinepharm.eu\/wp-content\/uploads\/2025\/03\/mounjaro-logo-medisch-afvallen-body-clinic_0-2048x1075-1-768x403.jpg 768w, https:\/\/onlinepharm.eu\/wp-content\/uploads\/2025\/03\/mounjaro-logo-medisch-afvallen-body-clinic_0-2048x1075-1-1536x806.jpg 1536w, https:\/\/onlinepharm.eu\/wp-content\/uploads\/2025\/03\/mounjaro-logo-medisch-afvallen-body-clinic_0-2048x1075-1-18x9.jpg 18w, https:\/\/onlinepharm.eu\/wp-content\/uploads\/2025\/03\/mounjaro-logo-medisch-afvallen-body-clinic_0-2048x1075-1-600x315.jpg 600w, https:\/\/onlinepharm.eu\/wp-content\/uploads\/2025\/03\/mounjaro-logo-medisch-afvallen-body-clinic_0-2048x1075-1.jpg 2048w\" sizes=\"auto, (max-width: 1024px) 100vw, 1024px\" \/><\/figure>\n<\/div>\n\n\n\n<div class=\"wp-block-uagb-container uagb-block-127663c4\">\n<figure class=\"wp-block-image size-full\"><img loading=\"lazy\" decoding=\"async\" width=\"512\" height=\"512\" src=\"https:\/\/onlinepharm.eu\/wp-content\/uploads\/2024\/07\/cropped-losing-weight-for-no-reason.avif\" alt=\"Ozempic comprar\" class=\"wp-image-1800\" srcset=\"https:\/\/onlinepharm.eu\/wp-content\/uploads\/2024\/07\/cropped-losing-weight-for-no-reason.avif 512w, https:\/\/onlinepharm.eu\/wp-content\/uploads\/2024\/07\/cropped-losing-weight-for-no-reason-300x300.avif 300w, https:\/\/onlinepharm.eu\/wp-content\/uploads\/2024\/07\/cropped-losing-weight-for-no-reason-150x150.avif 150w, https:\/\/onlinepharm.eu\/wp-content\/uploads\/2024\/07\/cropped-losing-weight-for-no-reason-12x12.avif 12w, https:\/\/onlinepharm.eu\/wp-content\/uploads\/2024\/07\/cropped-losing-weight-for-no-reason-100x100.avif 100w, https:\/\/onlinepharm.eu\/wp-content\/uploads\/2024\/07\/cropped-losing-weight-for-no-reason-270x270.avif 270w, https:\/\/onlinepharm.eu\/wp-content\/uploads\/2024\/07\/cropped-losing-weight-for-no-reason-192x192.avif 192w, https:\/\/onlinepharm.eu\/wp-content\/uploads\/2024\/07\/cropped-losing-weight-for-no-reason-180x180.avif 180w, https:\/\/onlinepharm.eu\/wp-content\/uploads\/2024\/07\/cropped-losing-weight-for-no-reason-32x32.avif 32w\" sizes=\"auto, (max-width: 512px) 100vw, 512px\" \/><\/figure>\n<\/div>\n<\/div><\/div>\n\n\n\n<p><\/p>","protected":false},"excerpt":{"rendered":"<p>Mounjaro Injection What is Mounjaro? Mounjaro is a brand name for the drug Tirzepatide. It is used to treat type [&hellip;]<\/p>","protected":false},"author":1,"featured_media":0,"parent":0,"menu_order":0,"comment_status":"closed","ping_status":"closed","template":"","meta":{"_uag_custom_page_level_css":"","site-sidebar-layout":"default","site-content-layout":"","ast-site-content-layout":"","site-content-style":"default","site-sidebar-style":"default","ast-global-header-display":"","ast-banner-title-visibility":"","ast-main-header-display":"","ast-hfb-above-header-display":"","ast-hfb-below-header-display":"","ast-hfb-mobile-header-display":"","site-post-title":"disabled","ast-breadcrumbs-content":"","ast-featured-img":"","footer-sml-layout":"","theme-transparent-header-meta":"","adv-header-id-meta":"","stick-header-meta":"","header-above-stick-meta":"","header-main-stick-meta":"","header-below-stick-meta":"","astra-migrate-meta-layouts":"default","ast-page-background-enabled":"default","ast-page-background-meta":{"desktop":{"background-color":"var(--ast-global-color-4)","background-image":"","background-repeat":"repeat","background-position":"center center","background-size":"auto","background-attachment":"scroll","background-type":"","background-media":"","overlay-type":"","overlay-color":"","overlay-opacity":"","overlay-gradient":""},"tablet":{"background-color":"","background-image":"","background-repeat":"repeat","background-position":"center center","background-size":"auto","background-attachment":"scroll","background-type":"","background-media":"","overlay-type":"","overlay-color":"","overlay-opacity":"","overlay-gradient":""},"mobile":{"background-color":"","background-image":"","background-repeat":"repeat","background-position":"center center","background-size":"auto","background-attachment":"scroll","background-type":"","background-media":"","overlay-type":"","overlay-color":"","overlay-opacity":"","overlay-gradient":""}},"ast-content-background-meta":{"desktop":{"background-color":"var(--ast-global-color-5)","background-image":"","background-repeat":"repeat","background-position":"center center","background-size":"auto","background-attachment":"scroll","background-type":"","background-media":"","overlay-type":"","overlay-color":"","overlay-opacity":"","overlay-gradient":""},"tablet":{"background-color":"var(--ast-global-color-5)","background-image":"","background-repeat":"repeat","background-position":"center center","background-size":"auto","background-attachment":"scroll","background-type":"","background-media":"","overlay-type":"","overlay-color":"","overlay-opacity":"","overlay-gradient":""},"mobile":{"background-color":"var(--ast-global-color-5)","background-image":"","background-repeat":"repeat","background-position":"center center","background-size":"auto","background-attachment":"scroll","background-type":"","background-media":"","overlay-type":"","overlay-color":"","overlay-opacity":"","overlay-gradient":""}},"footnotes":""},"class_list":["post-2278","page","type-page","status-publish","hentry"],"uagb_featured_image_src":{"full":false,"thumbnail":false,"medium":false,"medium_large":false,"large":false,"1536x1536":false,"2048x2048":false,"trp-custom-language-flag":false,"woocommerce_thumbnail":false,"woocommerce_single":false,"woocommerce_gallery_thumbnail":false},"uagb_author_info":{"display_name":"weightandfat","author_link":"https:\/\/onlinepharm.eu\/fi\/author\/weightandfat\/"},"uagb_comment_info":0,"uagb_excerpt":"Mounjaro Injection What is Mounjaro? Mounjaro is a brand name for the drug Tirzepatide. It is used to treat type [&hellip;]","_links":{"self":[{"href":"https:\/\/onlinepharm.eu\/fi\/wp-json\/wp\/v2\/pages\/2278","targetHints":{"allow":["GET"]}}],"collection":[{"href":"https:\/\/onlinepharm.eu\/fi\/wp-json\/wp\/v2\/pages"}],"about":[{"href":"https:\/\/onlinepharm.eu\/fi\/wp-json\/wp\/v2\/types\/page"}],"author":[{"embeddable":true,"href":"https:\/\/onlinepharm.eu\/fi\/wp-json\/wp\/v2\/users\/1"}],"replies":[{"embeddable":true,"href":"https:\/\/onlinepharm.eu\/fi\/wp-json\/wp\/v2\/comments?post=2278"}],"version-history":[{"count":0,"href":"https:\/\/onlinepharm.eu\/fi\/wp-json\/wp\/v2\/pages\/2278\/revisions"}],"wp:attachment":[{"href":"https:\/\/onlinepharm.eu\/fi\/wp-json\/wp\/v2\/media?parent=2278"}],"curies":[{"name":"wp","href":"https:\/\/api.w.org\/{rel}","templated":true}]}}