{"id":2278,"date":"2025-03-26T00:34:53","date_gmt":"2025-03-26T00:34:53","guid":{"rendered":"https:\/\/weightlossandfatloss.com\/?page_id=2278"},"modified":"2025-03-26T02:20:10","modified_gmt":"2025-03-26T02:20:10","slug":"mounjaro-sustimine","status":"publish","type":"page","link":"https:\/\/onlinepharm.eu\/et\/mounjaro-sustimine\/","title":{"rendered":"mounjaro"},"content":{"rendered":"<div class=\"wp-block-uagb-advanced-heading uagb-block-2f8257a0\"><h1 class=\"uagb-heading-text\">Mounjaro s\u00fcstimine<\/h1><\/div>\n\n\n\n<div style=\"height:63px\" aria-hidden=\"true\" class=\"wp-block-spacer\"><\/div>\n\n\n\n<div class=\"wp-block-uagb-image aligncenter uagb-block-106d2fa3 wp-block-uagb-image--layout-default wp-block-uagb-image--effect-static wp-block-uagb-image--align-center\"><figure class=\"wp-block-uagb-image__figure\"><img decoding=\"async\" srcset=\"https:\/\/onlinepharm.eu\/wp-content\/uploads\/2024\/07\/1443664020-mounjaro-1024x450.png ,https:\/\/onlinepharm.eu\/wp-content\/uploads\/2024\/07\/1443664020-mounjaro.png 780w, https:\/\/onlinepharm.eu\/wp-content\/uploads\/2024\/07\/1443664020-mounjaro.png 360w\" sizes=\"auto, (max-width: 480px) 150px\" src=\"https:\/\/onlinepharm.eu\/wp-content\/uploads\/2024\/07\/1443664020-mounjaro-1024x450.png\" alt=\"Mounjaro Madalmaad\" class=\"uag-image-1719\" width=\"1024\" height=\"450\" title=\"1443664020-mounjaro\" loading=\"lazy\" role=\"img\"\/><\/figure><\/div>\n\n\n\n<div class=\"wp-block-uagb-advanced-heading uagb-block-a55b7f89\"><h2 class=\"uagb-heading-text\"><\/h2><\/div>\n\n\n\n<div class=\"wp-block-uagb-advanced-heading uagb-block-b3c6b8d9\"><h2 class=\"uagb-heading-text\">Mis on Mounjaro?<\/h2><\/div>\n\n\n\n<p>Mounjaro on ravimi Tirzepatide kaubam\u00e4rgi nimi. Seda kasutatakse 2. t\u00fc\u00fcpi diabeedi raviks ja kehakaalu reguleerimiseks. Tirzepatid toimib, v\u00e4hendades veresuhkru taset ja parandades insuliini tootmist. Lisaks aitab see kaasa kaalulangusele, mist\u00f5ttu on see populaarne valik rasvunud v\u00f5i \u00fclekaalulistele inimestele. <a href=\"https:\/\/onlinepharm.eu\/en\/product-category\/mounjaro-kopen\/\">Vajuta siia<\/a> n\u00e4ha tooteid ja hindu<\/p>\n\n\n\n<div class=\"wp-block-uagb-advanced-heading uagb-block-9d8ff36b\"><h2 class=\"uagb-heading-text\">Kuidas Mounjaro t\u00f6\u00f6tab?<\/h2><\/div>\n\n\n\n<p>Mounjaro aitab kaalust alla v\u00f5tta, v\u00e4hendades s\u00f6\u00f6giisu. See m\u00f5jutab kahte hormooni:<\/p>\n\n\n\n<ul class=\"wp-block-list\">\n<li>GIP (gl\u00fckoosist s\u00f5ltuv insulinotroopne pol\u00fcpeptiid): Stimuleerib insuliini tootmist p\u00e4rast s\u00f6\u00f6mist, mis suurendab k\u00fcllastustunnet.<\/li>\n\n\n\n<li>GLP-1 (gl\u00fckagoonilaadne peptiid-1): Imiteerib GLP-1 toimet, mille tulemuseks on samuti suurenenud k\u00fcllastustunne ja v\u00e4henenud s\u00f6\u00f6giisu.<\/li>\n<\/ul>\n\n\n\n<p>Kust saab Mounjaro osta?<br>Mounjaro ei ole praegu veel Hollandi turul saadaval. Kui see muutub k\u00e4ttesaadavaks, on see saadaval ainult retsepti alusel. Enne retsepti saamist on oluline leppida kokku konsultatsioon arstiga, kes hindab teie haiguslugu. mounjaro nederland<\/p>\n\n\n\n<div class=\"wp-block-uagb-advanced-heading uagb-block-d766768a\"><h2 class=\"uagb-heading-text\">Mounjaro k\u00f5rvaltoimed<\/h2><\/div>\n\n\n\n<p>Nagu enamik ravimeid, v\u00f5ib ka Mounjaro p\u00f5hjustada kergeid v\u00f5i t\u00f5siseid k\u00f5rvaltoimeid. Allpool toodud loetelud kirjeldavad m\u00f5ningaid k\u00f5ige sagedamini esinevaid k\u00f5rvaltoimeid, mida Mounjaro v\u00f5ib p\u00f5hjustada. Need loetelud ei sisalda k\u00f5iki v\u00f5imalikke k\u00f5rvaltoimeid.<\/p>\n\n\n\n<p>Pidage meeles, et ravimi k\u00f5rvaltoimed v\u00f5ivad s\u00f5ltuda:<\/p>\n\n\n\n<p>muud terviseprobleemid, mis teil on<br>muud ravimid, mida te v\u00f5tate<br>Teie arst v\u00f5i apteeker saab teile rohkem teavet Mounjaro v\u00f5imalike k\u00f5rvaltoimete kohta. Samuti v\u00f5ivad nad soovitada v\u00f5imalusi k\u00f5rvaltoimete v\u00e4hendamiseks.<\/p>\n\n\n\n<div class=\"wp-block-uagb-advanced-heading uagb-block-1df1da9b\"><h3 class=\"uagb-heading-text\">Kerged k\u00f5rvaltoimed<br><\/h3><\/div>\n\n\n\n<p>Siin on loetelu m\u00f5nest kergest k\u00f5rvaltoimest, mida Mounjaro v\u00f5ib p\u00f5hjustada. Muude kergete k\u00f5rvaltoimete kohta r\u00e4\u00e4kige oma arsti v\u00f5i apteekriga v\u00f5i lugege Mounjaro retseptiravimiteavet.<\/p>\n\n\n\n<p>Mounjaro kerged k\u00f5rvaltoimed, millest on teatatud, on j\u00e4rgmised:<\/p>\n\n\n\n<ul class=\"wp-block-list\">\n<li>iiveldus ja oksendamine<\/li>\n\n\n\n<li>k\u00f5hulahtisus<\/li>\n\n\n\n<li>s\u00f6\u00f6giisu v\u00e4henemine<\/li>\n\n\n\n<li>k\u00f5hukinnisus<\/li>\n\n\n\n<li>k\u00f5huvalu<\/li>\n\n\n\n<li>reaktsioonid s\u00fcstekohas<\/li>\n\n\n\n<li>k\u00f5rvetised<\/li>\n\n\n\n<li>kerge allergiline reaktsioon*<br>Paljude ravimite kerged k\u00f5rvaltoimed v\u00f5ivad kaduda m\u00f5ne p\u00e4eva v\u00f5i paari n\u00e4dala jooksul. Kuid kui need muutuvad h\u00e4irivaks, r\u00e4\u00e4kige oma arsti v\u00f5i apteekriga.<\/li>\n<\/ul>\n\n\n\n<div class=\"wp-block-uagb-advanced-heading uagb-block-838db050\"><h3 class=\"uagb-heading-text\">T\u00f5sised k\u00f5rvaltoimed<\/h3><\/div>\n\n\n\n<p>Mounjaro v\u00f5ib esineda t\u00f5siseid k\u00f5rvaltoimeid, kuid need ei ole tavalised. Kui teil tekivad Mounjaro t\u00f5sised k\u00f5rvaltoimed, p\u00f6\u00f6rduge viivitamatult oma arsti poole. Kui aga arvate, et teil on meditsiiniline h\u00e4daolukord, helistage kohe 112 v\u00f5i kohalikule h\u00e4daabinumbrile.<\/p>\n\n\n\n<p>Mounjaro t\u00f5sised k\u00f5rvaltoimed, millest on teatatud, on j\u00e4rgmised:<\/p>\n\n\n\n<ul class=\"wp-block-list\">\n<li>pankreatiit (k\u00f5hun\u00e4\u00e4rme turse)<\/li>\n\n\n\n<li>sapip\u00f5ie probleemid<\/li>\n\n\n\n<li>h\u00fcpogl\u00fckeemia (madal veresuhkur)<\/li>\n\n\n\n<li>t\u00f5sised seedetrakti k\u00f5rvaltoimed, nagu tugev iiveldus, oksendamine v\u00f5i k\u00f5hulahtisus, mis v\u00f5ivad p\u00f5hjustada deh\u00fcdratsiooni ja neeruprobleeme.<\/li>\n\n\n\n<li>raamitud hoiatus: kilpn\u00e4\u00e4rmev\u00e4hi oht*<\/li>\n\n\n\n<li>raske allergiline reaktsioon\u2020<\/li>\n<\/ul>\n\n\n\n<div class=\"wp-block-uagb-advanced-heading uagb-block-6c997699\"><h2 class=\"uagb-heading-text\">Kuidas kasutada Mounjaro s\u00fcsti<\/h2><\/div>\n\n\n\n<p>Mounjaro't manustatakse tavaliselt s\u00fcstina \u00fcks kord n\u00e4dalas. Optimaalse tulemuse saavutamiseks on oluline hoolikalt j\u00e4rgida oma tervishoiuteenuse osutaja juhiseid.<\/p>\n\n\n\n<div class=\"wp-block-uagb-advanced-heading uagb-block-38dd9802\"><h2 class=\"uagb-heading-text\">Korduma kippuvad k\u00fcsimused<\/h2><\/div>\n\n\n\n<div class=\"wp-block-uagb-advanced-heading uagb-block-507fad66\"><h3 class=\"uagb-heading-text\">Kui palju kaalu kaotate Mounjaro abil?<\/h3><\/div>\n\n\n\n<p>Uuringud n\u00e4itavad, et inimesed, kes kasutavad Mounjaro't, kaotavad keskmiselt 12,4% oma kehakaalust, mis on rohkem kui teised kaalulangusravimid, nagu Saxenda.<\/p>\n\n\n\n<div class=\"wp-block-uagb-advanced-heading uagb-block-b640ccd7\"><h3 class=\"uagb-heading-text\">Kumb on parem, Mounjaro v\u00f5i Wegovy?<\/h3><\/div>\n\n\n\n<p>\u00dcldiselt n\u00e4ib Mounjaro olevat kaalulangus t\u00f5husam kui Wegovy, sest toimeaine on tirzepatid.<\/p>\n\n\n\n<div class=\"wp-block-uagb-advanced-heading uagb-block-4b9b8b14\"><h3 class=\"uagb-heading-text\">Kas Mounjaro on Euroopas saadaval?<\/h3><\/div>\n\n\n\n<p><br>Mounjaro on praegu m\u00f5nes Euroopa piirkonnas saadaval nii retsepti alusel kui ka ilma retseptita ja meditsiinilise j\u00e4relevalve all. <\/p>\n\n\n\n<div class=\"wp-block-uagb-advanced-heading uagb-block-f57693f7\"><h4 class=\"uagb-heading-text\">\u00dcleskutse tegevusele<\/h4><\/div>\n\n\n\n<p>Kas olete huvitatud sellest, kuidas Mounjaro saab aidata teil saavutada oma tervisealaseid eesm\u00e4rke? Kui jah, siis v\u00f5tke \u00fchendust kvalifitseeritud tervishoiuteenuse osutajaga, et saada konsultatsioon. Veenduge, et te vastate meditsiinilistele kriteeriumidele ja p\u00f5hjalikult <a href=\"https:\/\/www.diabetes.org.uk\/about-diabetes\/looking-after-diabetes\/treatments\/tablets-and-medication\/glp-1\/mounjaro\" target=\"_blank\" rel=\"noopener\">arutada<\/a> v\u00f5imalusi ja k\u00f5rvaltoimeid koos oma arstiga.<\/p>\n\n\n\n<p>Lisateavet ja uuendusi Mounjaro k\u00e4ttesaadavuse kohta leiate regulaarselt meie veebisaidilt, et olla kursis. Osta <a href=\"https:\/\/onlinepharm.eu\/en\/product-category\/mounjaro-kopen\/\">mounjaro<\/a><\/p>\n\n\n\n<div class=\"wp-block-uagb-container uagb-block-7cae2c60 alignfull uagb-is-root-container\"><div class=\"uagb-container-inner-blocks-wrap\">\n<div class=\"wp-block-uagb-container uagb-block-10f7b9da\">\n<figure class=\"wp-block-image size-full\"><img loading=\"lazy\" decoding=\"async\" width=\"500\" height=\"500\" src=\"https:\/\/onlinepharm.eu\/wp-content\/uploads\/2024\/09\/Weightloss-fatloss-1.png\" alt=\"Kaalulangus ja rasvade kaotamine\" class=\"wp-image-1818\" srcset=\"https:\/\/onlinepharm.eu\/wp-content\/uploads\/2024\/09\/Weightloss-fatloss-1.png 500w, https:\/\/onlinepharm.eu\/wp-content\/uploads\/2024\/09\/Weightloss-fatloss-1-300x300.png 300w, https:\/\/onlinepharm.eu\/wp-content\/uploads\/2024\/09\/Weightloss-fatloss-1-150x150.png 150w, https:\/\/onlinepharm.eu\/wp-content\/uploads\/2024\/09\/Weightloss-fatloss-1-12x12.png 12w, https:\/\/onlinepharm.eu\/wp-content\/uploads\/2024\/09\/Weightloss-fatloss-1-100x100.png 100w, https:\/\/onlinepharm.eu\/wp-content\/uploads\/2024\/09\/Weightloss-fatloss-1-200x200.png 200w\" sizes=\"auto, (max-width: 500px) 100vw, 500px\" \/><\/figure>\n<\/div>\n\n\n\n<div class=\"wp-block-uagb-container uagb-block-c781fece\">\n<figure class=\"wp-block-image size-large\"><img loading=\"lazy\" decoding=\"async\" width=\"1024\" height=\"538\" src=\"https:\/\/onlinepharm.eu\/wp-content\/uploads\/2025\/03\/mounjaro-logo-medisch-afvallen-body-clinic_0-2048x1075-1-1024x538.jpg\" alt=\"Mounjaro s\u00fcstimine\" class=\"wp-image-2280\" srcset=\"https:\/\/onlinepharm.eu\/wp-content\/uploads\/2025\/03\/mounjaro-logo-medisch-afvallen-body-clinic_0-2048x1075-1-1024x538.jpg 1024w, https:\/\/onlinepharm.eu\/wp-content\/uploads\/2025\/03\/mounjaro-logo-medisch-afvallen-body-clinic_0-2048x1075-1-300x157.jpg 300w, https:\/\/onlinepharm.eu\/wp-content\/uploads\/2025\/03\/mounjaro-logo-medisch-afvallen-body-clinic_0-2048x1075-1-768x403.jpg 768w, https:\/\/onlinepharm.eu\/wp-content\/uploads\/2025\/03\/mounjaro-logo-medisch-afvallen-body-clinic_0-2048x1075-1-1536x806.jpg 1536w, https:\/\/onlinepharm.eu\/wp-content\/uploads\/2025\/03\/mounjaro-logo-medisch-afvallen-body-clinic_0-2048x1075-1-18x9.jpg 18w, https:\/\/onlinepharm.eu\/wp-content\/uploads\/2025\/03\/mounjaro-logo-medisch-afvallen-body-clinic_0-2048x1075-1-600x315.jpg 600w, https:\/\/onlinepharm.eu\/wp-content\/uploads\/2025\/03\/mounjaro-logo-medisch-afvallen-body-clinic_0-2048x1075-1.jpg 2048w\" sizes=\"auto, (max-width: 1024px) 100vw, 1024px\" \/><\/figure>\n<\/div>\n\n\n\n<div class=\"wp-block-uagb-container uagb-block-127663c4\">\n<figure class=\"wp-block-image size-full\"><img loading=\"lazy\" decoding=\"async\" width=\"512\" height=\"512\" src=\"https:\/\/onlinepharm.eu\/wp-content\/uploads\/2024\/07\/cropped-losing-weight-for-no-reason.avif\" alt=\"Ozempic comprar\" class=\"wp-image-1800\" srcset=\"https:\/\/onlinepharm.eu\/wp-content\/uploads\/2024\/07\/cropped-losing-weight-for-no-reason.avif 512w, https:\/\/onlinepharm.eu\/wp-content\/uploads\/2024\/07\/cropped-losing-weight-for-no-reason-300x300.avif 300w, https:\/\/onlinepharm.eu\/wp-content\/uploads\/2024\/07\/cropped-losing-weight-for-no-reason-150x150.avif 150w, https:\/\/onlinepharm.eu\/wp-content\/uploads\/2024\/07\/cropped-losing-weight-for-no-reason-12x12.avif 12w, https:\/\/onlinepharm.eu\/wp-content\/uploads\/2024\/07\/cropped-losing-weight-for-no-reason-100x100.avif 100w, https:\/\/onlinepharm.eu\/wp-content\/uploads\/2024\/07\/cropped-losing-weight-for-no-reason-270x270.avif 270w, https:\/\/onlinepharm.eu\/wp-content\/uploads\/2024\/07\/cropped-losing-weight-for-no-reason-192x192.avif 192w, https:\/\/onlinepharm.eu\/wp-content\/uploads\/2024\/07\/cropped-losing-weight-for-no-reason-180x180.avif 180w, https:\/\/onlinepharm.eu\/wp-content\/uploads\/2024\/07\/cropped-losing-weight-for-no-reason-32x32.avif 32w\" sizes=\"auto, (max-width: 512px) 100vw, 512px\" \/><\/figure>\n<\/div>\n<\/div><\/div>\n\n\n\n<p><\/p>","protected":false},"excerpt":{"rendered":"<p>Mounjaro Injection What is Mounjaro? Mounjaro is a brand name for the drug Tirzepatide. It is used to treat type [&hellip;]<\/p>","protected":false},"author":1,"featured_media":0,"parent":0,"menu_order":0,"comment_status":"closed","ping_status":"closed","template":"","meta":{"_uag_custom_page_level_css":"","site-sidebar-layout":"default","site-content-layout":"","ast-site-content-layout":"","site-content-style":"default","site-sidebar-style":"default","ast-global-header-display":"","ast-banner-title-visibility":"","ast-main-header-display":"","ast-hfb-above-header-display":"","ast-hfb-below-header-display":"","ast-hfb-mobile-header-display":"","site-post-title":"disabled","ast-breadcrumbs-content":"","ast-featured-img":"","footer-sml-layout":"","theme-transparent-header-meta":"","adv-header-id-meta":"","stick-header-meta":"","header-above-stick-meta":"","header-main-stick-meta":"","header-below-stick-meta":"","astra-migrate-meta-layouts":"default","ast-page-background-enabled":"default","ast-page-background-meta":{"desktop":{"background-color":"var(--ast-global-color-4)","background-image":"","background-repeat":"repeat","background-position":"center center","background-size":"auto","background-attachment":"scroll","background-type":"","background-media":"","overlay-type":"","overlay-color":"","overlay-opacity":"","overlay-gradient":""},"tablet":{"background-color":"","background-image":"","background-repeat":"repeat","background-position":"center center","background-size":"auto","background-attachment":"scroll","background-type":"","background-media":"","overlay-type":"","overlay-color":"","overlay-opacity":"","overlay-gradient":""},"mobile":{"background-color":"","background-image":"","background-repeat":"repeat","background-position":"center center","background-size":"auto","background-attachment":"scroll","background-type":"","background-media":"","overlay-type":"","overlay-color":"","overlay-opacity":"","overlay-gradient":""}},"ast-content-background-meta":{"desktop":{"background-color":"var(--ast-global-color-5)","background-image":"","background-repeat":"repeat","background-position":"center center","background-size":"auto","background-attachment":"scroll","background-type":"","background-media":"","overlay-type":"","overlay-color":"","overlay-opacity":"","overlay-gradient":""},"tablet":{"background-color":"var(--ast-global-color-5)","background-image":"","background-repeat":"repeat","background-position":"center center","background-size":"auto","background-attachment":"scroll","background-type":"","background-media":"","overlay-type":"","overlay-color":"","overlay-opacity":"","overlay-gradient":""},"mobile":{"background-color":"var(--ast-global-color-5)","background-image":"","background-repeat":"repeat","background-position":"center center","background-size":"auto","background-attachment":"scroll","background-type":"","background-media":"","overlay-type":"","overlay-color":"","overlay-opacity":"","overlay-gradient":""}},"footnotes":""},"class_list":["post-2278","page","type-page","status-publish","hentry"],"uagb_featured_image_src":{"full":false,"thumbnail":false,"medium":false,"medium_large":false,"large":false,"1536x1536":false,"2048x2048":false,"trp-custom-language-flag":false,"woocommerce_thumbnail":false,"woocommerce_single":false,"woocommerce_gallery_thumbnail":false},"uagb_author_info":{"display_name":"weightandfat","author_link":"https:\/\/onlinepharm.eu\/et\/author\/weightandfat\/"},"uagb_comment_info":0,"uagb_excerpt":"Mounjaro Injection What is Mounjaro? Mounjaro is a brand name for the drug Tirzepatide. It is used to treat type [&hellip;]","_links":{"self":[{"href":"https:\/\/onlinepharm.eu\/et\/wp-json\/wp\/v2\/pages\/2278","targetHints":{"allow":["GET"]}}],"collection":[{"href":"https:\/\/onlinepharm.eu\/et\/wp-json\/wp\/v2\/pages"}],"about":[{"href":"https:\/\/onlinepharm.eu\/et\/wp-json\/wp\/v2\/types\/page"}],"author":[{"embeddable":true,"href":"https:\/\/onlinepharm.eu\/et\/wp-json\/wp\/v2\/users\/1"}],"replies":[{"embeddable":true,"href":"https:\/\/onlinepharm.eu\/et\/wp-json\/wp\/v2\/comments?post=2278"}],"version-history":[{"count":0,"href":"https:\/\/onlinepharm.eu\/et\/wp-json\/wp\/v2\/pages\/2278\/revisions"}],"wp:attachment":[{"href":"https:\/\/onlinepharm.eu\/et\/wp-json\/wp\/v2\/media?parent=2278"}],"curies":[{"name":"wp","href":"https:\/\/api.w.org\/{rel}","templated":true}]}}