{"id":28,"date":"2024-07-14T01:36:12","date_gmt":"2024-07-14T01:36:12","guid":{"rendered":"http:\/\/weightlossandfatloss.com\/contact\/"},"modified":"2025-08-29T11:47:12","modified_gmt":"2025-08-29T11:47:12","slug":"how-do-weight-loss-drugs-work","status":"publish","type":"page","link":"https:\/\/onlinepharm.eu\/es\/how-do-weight-loss-drugs-work\/","title":{"rendered":"Contacto"},"content":{"rendered":"<div class=\"wp-block-uagb-container uagb-block-dde5c922 alignfull uagb-is-root-container\">\n<div class=\"wp-block-uagb-container uagb-block-b618de5d\">\n<div class=\"wp-block-uagb-advanced-heading uagb-block-1d772575\"><h2 class=\"uagb-heading-text\">\u00bfC\u00f3mo funcionan los medicamentos para bajar de peso? P\u00f3ngase en contacto con nuestros expertos en p\u00e9rdida de peso<\/h2><\/div>\n<\/div>\n<\/div>\n\n\n\n<div class=\"wp-block-uagb-container uagb-block-4b0b8f05 alignfull uagb-is-root-container\"><div class=\"uagb-container-inner-blocks-wrap\">\n<div class=\"wp-block-uagb-advanced-heading uagb-block-ab53c455\"><h2 class=\"uagb-heading-text\">Contacta con nosotras<\/h2><p class=\"uagb-desc-text\">Nos encantar\u00eda saber de usted. Cont\u00e1ctenos para cualquier consulta.<\/p><\/div>\n\n\n\n<div class=\"wp-block-uagb-container uagb-block-69e826b6 alignfull uagb-is-root-container\"><div class=\"uagb-container-inner-blocks-wrap\">\n<div class=\"wp-block-uagb-container uagb-block-766bbd82\">\n<div class=\"wp-block-uagb-forms uagb-forms__outer-wrap uagb-block-dc66265a uagb-forms__medium-btn\"><form class=\"uagb-forms-main-form\" method=\"post\" autocomplete=\"on\" name=\"uagb-form-dc66265a\" action=\"\">\n<div class=\"wp-block-uagb-forms-name uagb-forms-name-wrap uagb-forms-field-set uagb-block-7af00aa6 uag-col-2\"><div class=\"uagb-forms-name-label required uagb-forms-input-label\" id=\"7af00aa6\">Nombre de pila<\/div><input type=\"text\" placeholder=\"Nombre de pila\" required class=\"uagb-forms-name-input uagb-forms-input\" name=\"7af00aa6\" autocomplete=\"given-name\"\/><\/div>\n\n\n\n<div class=\"wp-block-uagb-forms-name uagb-forms-name-wrap uagb-forms-field-set uagb-block-5c857b06 uag-col-2\"><div class=\"uagb-forms-name-label required uagb-forms-input-label\" id=\"5c857b06\">Apellido<\/div><input type=\"text\" placeholder=\"Apellido\" required class=\"uagb-forms-name-input uagb-forms-input\" name=\"5c857b06\" autocomplete=\"family-name\"\/><\/div>\n\n\n\n<div class=\"wp-block-uagb-forms-email uagb-forms-email-wrap uagb-forms-field-set uagb-block-994c997d\"><div class=\"uagb-forms-email-label  uagb-forms-input-label\" id=\"994c997d\">Correo electr\u00f3nico<\/div><input type=\"email\" class=\"uagb-forms-email-input uagb-forms-input\" placeholder=\"Direcci\u00f3n de correo electr\u00f3nico\" name=\"994c997d\" autocomplete=\"email\"\/><\/div>\n\n\n\n<div class=\"wp-block-uagb-forms-textarea uagb-forms-textarea-wrap uagb-forms-field-set uagb-block-0a048b09\"><div class=\"uagb-forms-textarea-label required uagb-forms-input-label\" id=\"0a048b09\">Mensaje<\/div><textarea required class=\"uagb-forms-textarea-input uagb-forms-input\" rows=\"4\" placeholder=\"Escribe tu mensaje...\" name=\"0a048b09\" autocomplete=\"off\"><\/textarea><\/div>\n<div class=\"uagb-forms-form-hidden-data\"><input type=\"hidden\" class=\"uagb_forms_form_label\" value=\"Spectra Form\"\/><input type=\"hidden\" class=\"uagb_forms_form_id\" value=\"uagb-form-dc66265a\"\/><\/div><div class=\"uagb-form-reacaptcha-error-dc66265a\"><\/div><div class=\"uagb-forms-main-submit-button-wrap wp-block-button\"><button class=\"uagb-forms-main-submit-button wp-block-button__link\"><div class=\"uagb-forms-main-submit-button-text\">Entregar<\/div><\/button><\/div><input type=\"hidden\" name=\"trp-form-language\" value=\"es\"\/><\/form><div class=\"uagb-forms-success-message-dc66265a uagb-forms-submit-message-hide\"><span>\u00a1El formulario ha sido enviado exitosamente!<\/span><\/div><div class=\"uagb-forms-failed-message-dc66265a uagb-forms-submit-message-hide\"><span>Ha habido alg\u00fan error al enviar el formulario. Por favor verifique todos los campos del formulario nuevamente.<\/span><\/div><\/div>\n<\/div>\n\n\n\n<div class=\"wp-block-uagb-container uagb-block-71a265c9\">\n<div class=\"wp-block-uagb-advanced-heading uagb-block-f98dc221\"><h2 class=\"uagb-heading-text\">Formulario de contacto<\/h2><p class=\"uagb-desc-text\">Complete el siguiente formulario para ponerse en contacto con nuestro equipo. Responderemos lo antes posible.<a href=\"https:\/\/foxpharma.co.uk\/\" target=\"_blank\" rel=\"noopener\">.<\/a><\/p><\/div>\n\n\n\n<div class=\"wp-block-uagb-advanced-heading uagb-block-ede53926\"><h3 class=\"uagb-heading-text\">Mantente conectada<\/h3><\/div>\n\n\n\n<div class=\"wp-block-uagb-icon-list uagb-block-398dfdc8\"><div class=\"uagb-icon-list__wrap\">\n<div class=\"wp-block-uagb-icon-list-child uagb-block-3f5927f3\"><span class=\"uagb-icon-list__source-wrap\"><svg xmlns=\"https:\/\/www.w3.org\/2000\/svg\" viewbox=\"0 0 512 512\"><path d=\"M464 64C490.5 64 512 85.49 512 112C512 127.1 504.9 141.3 492.8 150.4L275.2 313.6C263.8 322.1 248.2 322.1 236.8 313.6L19.2 150.4C7.113 141.3 0 127.1 0 112C0 85.49 21.49 64 48 64H464zM217.6 339.2C240.4 356.3 271.6 356.3 294.4 339.2L512 176V384C512 419.3 483.3 448 448 448H64C28.65 448 0 419.3 0 384V176L217.6 339.2z\"><\/path><\/svg><\/span><span class=\"uagb-icon-list__label\">info@onlinepharm.eu<\/span><\/div>\n\n\n\n<div class=\"wp-block-uagb-icon-list-child uagb-block-bd9accdf\"><\/div>\n\n\n\n<div class=\"wp-block-uagb-icon-list-child uagb-block-c355edaa\"><span class=\"uagb-icon-list__source-wrap\"><svg xmlns=\"https:\/\/www.w3.org\/2000\/svg\" viewbox=\"0 0 384 512\"><path d=\"M168.3 499.2C116.1 435 0 279.4 0 192C0 85.96 85.96 0 192 0C298 0 384 85.96 384 192C384 279.4 267 435 215.7 499.2C203.4 514.5 180.6 514.5 168.3 499.2H168.3zM192 256C227.3 256 256 227.3 256 192C256 156.7 227.3 128 192 128C156.7 128 128 156.7 128 192C128 227.3 156.7 256 192 256z\"><\/path><\/svg><\/span><span class=\"uagb-icon-list__label\">1072 AD Amsterdam, Netherlands<\/span><\/div>\n<\/div><\/div>\n\n\n\n<div class=\"wp-block-uagb-advanced-heading uagb-block-344dae70\"><\/div>\n\n\n\n<div class=\"wp-block-uagb-icon-list uagb-block-27cb2f14\"><div class=\"uagb-icon-list__wrap\">\n<div class=\"wp-block-uagb-icon-list-child uagb-block-fd15eccd\"><a target=\"_self\" aria-label=\"List item\" rel=\"noopener noreferrer\" href=\"#\"> <\/a><\/div>\n\n\n\n<div class=\"wp-block-uagb-icon-list-child uagb-block-9fb35515\"><a target=\"_self\" aria-label=\"List item\" rel=\"noopener noreferrer\" href=\"#\"> <\/a><\/div>\n\n\n\n<div class=\"wp-block-uagb-icon-list-child uagb-block-d1934bf2\"><a target=\"_self\" aria-label=\"List item\" rel=\"noopener noreferrer\" href=\"#\"> <\/a><\/div>\n\n\n\n<div class=\"wp-block-uagb-icon-list-child uagb-block-c601cc54\"><a target=\"_self\" aria-label=\"List item\" rel=\"noopener noreferrer\" href=\"#\"> <\/a><\/div>\n\n\n\n<div class=\"wp-block-uagb-icon-list-child uagb-block-ddbda12f\"><\/div>\n<\/div><\/div>\n<\/div>\n<\/div><\/div>\n\n\n\n<div class=\"wp-block-uagb-container uagb-block-017c7aa9\">\n<div class=\"wp-block-uagb-container uagb-block-29396489\">\n<div class=\"wp-block-uagb-advanced-heading uagb-block-8298781b\"><h3 class=\"uagb-heading-text\">Oficina de London <\/h3><\/div>\n\n\n\n<div class=\"wp-block-uagb-icon-list uagb-block-c099329c\"><div class=\"uagb-icon-list__wrap\">\n<div class=\"wp-block-uagb-icon-list-child uagb-block-52b59bb4\"><span class=\"uagb-icon-list__source-wrap\"><svg xmlns=\"https:\/\/www.w3.org\/2000\/svg\" viewbox=\"0 0 512 512\"><path d=\"M464 64C490.5 64 512 85.49 512 112C512 127.1 504.9 141.3 492.8 150.4L275.2 313.6C263.8 322.1 248.2 322.1 236.8 313.6L19.2 150.4C7.113 141.3 0 127.1 0 112C0 85.49 21.49 64 48 64H464zM217.6 339.2C240.4 356.3 271.6 356.3 294.4 339.2L512 176V384C512 419.3 483.3 448 448 448H64C28.65 448 0 419.3 0 384V176L217.6 339.2z\"><\/path><\/svg><\/span><span class=\"uagb-icon-list__label\">london@onlinepharm.eu<\/span><\/div>\n\n\n\n<div class=\"wp-block-uagb-icon-list-child uagb-block-29411609\"><span class=\"uagb-icon-list__label\">Coming 2026<\/span><\/div>\n<\/div><\/div>\n<\/div>\n\n\n\n<div class=\"wp-block-uagb-container uagb-block-908e2e26\">\n<div class=\"wp-block-uagb-advanced-heading uagb-block-ac5434f7\"><h3 class=\"uagb-heading-text\">Oficina de Dubl\u00edn<\/h3><\/div>\n\n\n\n<div class=\"wp-block-uagb-icon-list uagb-block-f8cf19c8\"><div class=\"uagb-icon-list__wrap\">\n<div class=\"wp-block-uagb-icon-list-child uagb-block-5f0d2b19\"><span class=\"uagb-icon-list__source-wrap\"><svg xmlns=\"https:\/\/www.w3.org\/2000\/svg\" viewbox=\"0 0 512 512\"><path d=\"M464 64C490.5 64 512 85.49 512 112C512 127.1 504.9 141.3 492.8 150.4L275.2 313.6C263.8 322.1 248.2 322.1 236.8 313.6L19.2 150.4C7.113 141.3 0 127.1 0 112C0 85.49 21.49 64 48 64H464zM217.6 339.2C240.4 356.3 271.6 356.3 294.4 339.2L512 176V384C512 419.3 483.3 448 448 448H64C28.65 448 0 419.3 0 384V176L217.6 339.2z\"><\/path><\/svg><\/span><span class=\"uagb-icon-list__label\">Dublin@onlinepharm.eu<\/span><\/div>\n\n\n\n<div class=\"wp-block-uagb-icon-list-child uagb-block-3fe6f032\"><span class=\"uagb-icon-list__label\">Coming 2026<\/span><\/div>\n<\/div><\/div>\n<\/div>\n\n\n\n<div class=\"wp-block-uagb-container uagb-block-b22fff7f\">\n<div class=\"wp-block-uagb-advanced-heading uagb-block-ff860470\"><h3 class=\"uagb-heading-text\">Oficina de Par\u00eds<\/h3><\/div>\n\n\n\n<div class=\"wp-block-uagb-icon-list uagb-block-e1066460\"><div class=\"uagb-icon-list__wrap\">\n<div class=\"wp-block-uagb-icon-list-child uagb-block-46853fdd\"><span class=\"uagb-icon-list__source-wrap\"><svg xmlns=\"https:\/\/www.w3.org\/2000\/svg\" viewbox=\"0 0 512 512\"><path d=\"M464 64C490.5 64 512 85.49 512 112C512 127.1 504.9 141.3 492.8 150.4L275.2 313.6C263.8 322.1 248.2 322.1 236.8 313.6L19.2 150.4C7.113 141.3 0 127.1 0 112C0 85.49 21.49 64 48 64H464zM217.6 339.2C240.4 356.3 271.6 356.3 294.4 339.2L512 176V384C512 419.3 483.3 448 448 448H64C28.65 448 0 419.3 0 384V176L217.6 339.2z\"><\/path><\/svg><\/span><span class=\"uagb-icon-list__label\">Paris@onlinepharm.eu<\/span><\/div>\n\n\n\n<div class=\"wp-block-uagb-icon-list-child uagb-block-1a42ccb0\"><span class=\"uagb-icon-list__label\">Coming 2026<\/span><\/div>\n<\/div><\/div>\n<\/div>\n<\/div>\n<\/div><\/div>\n\n\n\n<div class=\"wp-block-uagb-container uagb-block-4e224ada alignfull uagb-is-root-container\"><div class=\"uagb-container-inner-blocks-wrap\">\n<div class=\"wp-block-uagb-advanced-heading uagb-block-82728486\"><h2 class=\"uagb-heading-text\">Preguntas frecuentes<\/h2><p class=\"uagb-desc-text\">Encuentre respuestas a preguntas frecuentes sobre nuestras inyecciones para bajar de peso.<\/p><\/div>\n\n\n\n<figure class=\"wp-block-image size-large is-resized\"><img loading=\"lazy\" decoding=\"async\" width=\"1024\" height=\"683\" src=\"http:\/\/weightlossandfatloss.com\/wp-content\/uploads\/2024\/07\/ozempic-od-1-1024x683.webp\" alt=\"\u00bfC\u00f3mo funcionan los medicamentos para bajar de peso?\" class=\"wp-image-1683\" style=\"width:528px;height:auto\" srcset=\"https:\/\/onlinepharm.eu\/wp-content\/uploads\/2024\/07\/ozempic-od-1-1024x683.webp 1024w, https:\/\/onlinepharm.eu\/wp-content\/uploads\/2024\/07\/ozempic-od-1-300x200.webp 300w, https:\/\/onlinepharm.eu\/wp-content\/uploads\/2024\/07\/ozempic-od-1-768x512.webp 768w, https:\/\/onlinepharm.eu\/wp-content\/uploads\/2024\/07\/ozempic-od-1-18x12.webp 18w, https:\/\/onlinepharm.eu\/wp-content\/uploads\/2024\/07\/ozempic-od-1-600x400.webp 600w, https:\/\/onlinepharm.eu\/wp-content\/uploads\/2024\/07\/ozempic-od-1.webp 1200w\" sizes=\"auto, (max-width: 1024px) 100vw, 1024px\" \/><\/figure>\n\n\n\n<div class=\"wp-block-uagb-container uagb-block-cf0ac3c7\">\n<div class=\"wp-block-uagb-container uagb-block-1ea6688f\">\n<div class=\"wp-block-uagb-advanced-heading uagb-block-c25f8664\"><h3 class=\"uagb-heading-text\">\u00bfCu\u00e1les son los efectos secundarios de las inyecciones para bajar de peso?<\/h3><p class=\"uagb-desc-text\">Los efectos secundarios comunes incluyen n\u00e1useas, dolor de cabeza y diarrea. Consulte a su m\u00e9dico para obtener m\u00e1s informaci\u00f3n.<\/p><\/div>\n<\/div>\n\n\n\n<div class=\"wp-block-uagb-container uagb-block-2d271026\">\n<div class=\"wp-block-uagb-advanced-heading uagb-block-f6e5a025\"><h3 class=\"uagb-heading-text\">\u00bfCu\u00e1nto duran las inyecciones para adelgazar?<\/h3><p class=\"uagb-desc-text\">La duraci\u00f3n var\u00eda seg\u00fan la inyecci\u00f3n. Ozempic dura hasta una semana, mientras que Wegovy dura dos semanas.<\/p><\/div>\n<\/div>\n\n\n\n<div class=\"wp-block-uagb-container uagb-block-348e541a\">\n<div class=\"wp-block-uagb-advanced-heading uagb-block-3e65cc82\"><h3 class=\"uagb-heading-text\">\u00bfSon seguras las inyecciones para bajar de peso?<\/h3><p class=\"uagb-desc-text\">Las inyecciones para bajar de peso est\u00e1n aprobadas por la FDA y, en general, son seguras. Sin embargo, es importante consultar a un profesional de la salud.<\/p><\/div>\n<\/div>\n\n\n\n<div class=\"wp-block-uagb-container uagb-block-5b4a8790\">\n<div class=\"wp-block-uagb-advanced-heading uagb-block-67b57a26\"><h3 class=\"uagb-heading-text\">\u00bfCu\u00e1nto peso puedo esperar perder con las inyecciones?<\/h3><p class=\"uagb-desc-text\">Results vary, but you can generally expect to lose around 5-10% of your body weight over a few months<a href=\"https:\/\/app.seositecheckup.com\/\" target=\"_blank\" rel=\"noopener\">.<\/a><\/p><\/div>\n<\/div>\n<\/div>\n<\/div><\/div>\n\n\n\n<h2 class=\"wp-block-heading\" style=\"padding-top:var(--wp--preset--spacing--50);padding-bottom:var(--wp--preset--spacing--50)\">Medicamentos para bajar de peso: una gu\u00eda completa<\/h2>\n\n\n\n<h3 class=\"wp-block-heading\">\u00bfQu\u00e9 son los medicamentos para bajar de peso?<\/h3>\n\n\n\n<p>Los medicamentos para bajar de peso son medicamentos recetados para ayudar a las personas a perder peso. Por lo general, se usan junto con una dieta baja en calor\u00edas y una mayor actividad f\u00edsica. Estos medicamentos pueden ayudar a perder peso al disminuir el apetito, aumentar la sensaci\u00f3n de saciedad o reducir la absorci\u00f3n de grasas. Los medicamentos para bajar de peso generalmente se recetan a personas obesas o con sobrepeso que tienen problemas de salud relacionados con el peso, como diabetes tipo 2, hipertensi\u00f3n o colesterol alto.<\/p>\n\n\n\n<h3 class=\"wp-block-heading\">\u00bfC\u00f3mo funcionan los medicamentos para bajar de peso?<\/h3>\n\n\n\n<p>Los medicamentos para bajar de peso act\u00faan a trav\u00e9s de varios mecanismos, seg\u00fan el ingrediente activo:<\/p>\n\n\n\n<ul class=\"wp-block-list\">\n<li><strong>Supresores del apetito<\/strong>: Estos medicamentos act\u00faan sobre el cerebro para disminuir el apetito o aumentar la sensaci\u00f3n de saciedad. Los ejemplos incluyen fentermina y liraglutida.<\/li>\n\n\n\n<li><strong>Inhibidores de la absorci\u00f3n de grasas<\/strong>: Estos medicamentos reducen la absorci\u00f3n de grasas diet\u00e9ticas en los intestinos. Orlistat es un inhibidor com\u00fan de la absorci\u00f3n de grasas.<\/li>\n\n\n\n<li><strong>Medicamentos combinados<\/strong>: Algunos medicamentos combinan diferentes mecanismos para mejorar la p\u00e9rdida de peso. Por ejemplo, Contrave combina un antidepresivo con un f\u00e1rmaco que frena el apetito.<\/li>\n<\/ul>\n\n\n\n<h3 class=\"wp-block-heading\">\u00bfD\u00f3nde se pueden comprar medicamentos para bajar de peso?<\/h3>\n\n\n\n<p>Los medicamentos para bajar de peso generalmente est\u00e1n disponibles con receta m\u00e9dica y se pueden comprar en farmacias certificadas. Es esencial consultar a un proveedor de atenci\u00f3n m\u00e9dica antes de comenzar a tomar cualquier medicamento para bajar de peso para asegurarse de que sea apropiado para su condici\u00f3n de salud. Adem\u00e1s, estos medicamentos se pueden comprar en l\u00ednea en farmacias autorizadas, pero se requiere una receta v\u00e1lida.<\/p>\n\n\n\n<h3 class=\"wp-block-heading\">Efectos y beneficios de los medicamentos para bajar de peso<\/h3>\n\n\n\n<ul class=\"wp-block-list\">\n<li><strong>P\u00e9rdida de peso significativa<\/strong>: Los estudios cl\u00ednicos han demostrado que los medicamentos para bajar de peso pueden ayudar a las personas a perder un porcentaje significativo de su peso corporal cuando se combinan con una dieta saludable y ejercicio.<\/li>\n\n\n\n<li><strong>M\u00e9tricas de salud mejoradas<\/strong>: Estos medicamentos pueden ayudar a mejorar varios indicadores de salud, como los niveles de az\u00facar en sangre, la presi\u00f3n arterial y los niveles de colesterol.<\/li>\n\n\n\n<li><strong>Calidad de vida mejorada<\/strong>: Al ayudar a perder peso, estos medicamentos pueden ayudar a reducir el riesgo de desarrollar problemas de salud relacionados con el peso y mejorar el bienestar general.<\/li>\n<\/ul>\n\n\n\n<h3 class=\"wp-block-heading\">Posibles efectos secundarios de los medicamentos para bajar de peso<\/h3>\n\n\n\n<p>Los efectos secundarios comunes de los medicamentos para bajar de peso var\u00edan seg\u00fan el medicamento, pero pueden incluir n\u00e1useas, estre\u00f1imiento, diarrea, sequedad de boca y mareos. Estos efectos secundarios suelen ser leves y disminuyen con el tiempo. Sin embargo, es fundamental discutir cualquier efecto secundario persistente o grave con su proveedor de atenci\u00f3n m\u00e9dica.<\/p>\n\n\n\n<h3 class=\"wp-block-heading\">Uso y administraci\u00f3n de medicamentos para bajar de peso<\/h3>\n\n\n\n<p>Los medicamentos para bajar de peso generalmente se toman por v\u00eda oral, una o varias veces al d\u00eda, seg\u00fan el medicamento. Es esencial seguir las instrucciones de dosificaci\u00f3n y administraci\u00f3n proporcionadas por su proveedor de atenci\u00f3n m\u00e9dica para lograr los mejores resultados. Nunca ajuste la dosis sin consultar a su m\u00e9dico.<\/p>\n\n\n\n<h3 class=\"wp-block-heading\">Preguntas frecuentes<\/h3>\n\n\n\n<p><strong>\u00bfCu\u00e1nto peso se puede perder con medicamentos para adelgazar?<\/strong> Los ensayos cl\u00ednicos han demostrado que las personas que usan medicamentos para bajar de peso pueden perder un porcentaje significativo de su peso corporal, dependiendo del medicamento y del cumplimiento de un estilo de vida saludable.<\/p>\n\n\n\n<p><strong>\u00bfCu\u00e1les son los efectos secundarios de los medicamentos para bajar de peso?<\/strong> Los efectos secundarios comunes incluyen n\u00e1useas, estre\u00f1imiento, diarrea, sequedad de boca y mareos. La mayor\u00eda de los efectos secundarios son leves y disminuyen con el tiempo. Discuta cualquier problema persistente con su proveedor de atenci\u00f3n m\u00e9dica.<\/p>\n\n\n\n<p><strong>\u00bfHay medicamentos para bajar de peso disponibles sin receta?<\/strong> No, los medicamentos para bajar de peso requieren receta m\u00e9dica de un proveedor de atenci\u00f3n m\u00e9dica. Es importante someterse a una evaluaci\u00f3n m\u00e9dica para garantizar que sean seguros y adecuados para usted.<\/p>\n\n\n\n<p><strong>\u00bfD\u00f3nde se pueden comprar medicamentos para bajar de peso en l\u00ednea?<\/strong> Los medicamentos para bajar de peso se pueden comprar en l\u00ednea en nuestras farmacias, con o sin receta. Aseg\u00farese siempre de comprar de una fuente confiable para evitar medicamentos falsificados.<\/p>\n\n\n\n<p><strong>\u00bfC\u00f3mo ayudan los medicamentos para bajar de peso a perder peso?<\/strong> Los medicamentos para bajar de peso ayudan a disminuir el apetito, aumentar la sensaci\u00f3n de saciedad o reducir la absorci\u00f3n de grasas, lo que facilita seguir una dieta baja en calor\u00edas y alcanzar objetivos de p\u00e9rdida de peso.<\/p>\n\n\n\n<h3 class=\"wp-block-heading\">Llamada a la acci\u00f3n<\/h3>\n\n\n\n<p>Sind Sie bereit, Ihre Reise zur Gewichtsreduktion mit Hilfe von Medikamenten zur Gewichtsreduktion zu beginnen? Konsultieren Sie einen Arzt, um herauszufinden, welches Medikament f\u00fcr Sie das richtige ist. Befolgen Sie die vorgeschriebenen Richtlinien und achten Sie auf eine gesunde Ern\u00e4hrung und ein gesundes Trainingsprogramm, um die besten Ergebnisse zu erzielen.<\/p>\n\n\n\n<h3 class=\"wp-block-heading\">Etiquetas<\/h3>\n\n\n\n<p>#WeightLossDrugs #BuyWeightLossMedications #WeightLossJourney #WeightLossEffects #WeightLossSideEffects #WeightLossPrescription #LoseWeightWithMedications #OrderWeightLossDrugs #HealthyLiving <a href=\"https:\/\/medyk.online\/lek\/mounjaro\/opinie\/\" target=\"_blank\" rel=\"noopener\">#<\/a>MedicalWeightLoss<\/p>\n\n\n\n<p>For more information and updates on the availability of weight loss drugs, visit our website regularly.<\/p>\n\n\n\n<div class=\"wp-block-uagb-container uagb-block-d7b60fd6 alignfull uagb-is-root-container\"><div class=\"uagb-container-inner-blocks-wrap\">\n<div class=\"wp-block-uagb-info-box uagb-block-6fdc34d4 uagb-infobox__content-wrap  uagb-infobox-icon-above-title uagb-infobox-image-valign-top\"><div class=\"uagb-ifb-content\"><div class=\"uagb-ifb-title-wrap\"><h2 class=\"uagb-ifb-title\">\u00bfListo para comenzar su viaje de p\u00e9rdida de peso?<\/h2><\/div><p class=\"uagb-ifb-desc\">Online Pharm is a trusted provider of high-quality weight loss injections, helping individuals achieve their weight loss goals.<\/p><div class=\"uagb-ifb-button-wrapper wp-block-button\"><a href=\"https:\/\/onlinepharm.eu\/en\/shop\/\" class=\"uagb-infobox-cta-link wp-block-button__link\" target=\"_self\" rel=\"noopener noreferrer\" onclick=\"return true;\"><span class=\"uagb-inline-editing\">Compra ahora<\/span><\/a><\/div><\/div><\/div>\n<\/div><\/div>","protected":false},"excerpt":{"rendered":"<p>How Do Weight Loss Drugs Work?. Get in Touch with Our Weight Loss Experts Contact Us We&#8217;d love to hear [&hellip;]<\/p>","protected":false},"author":1,"featured_media":0,"parent":0,"menu_order":0,"comment_status":"closed","ping_status":"closed","template":"","meta":{"_uag_custom_page_level_css":"","site-sidebar-layout":"default","site-content-layout":"","ast-site-content-layout":"","site-content-style":"default","site-sidebar-style":"default","ast-global-header-display":"","ast-banner-title-visibility":"","ast-main-header-display":"","ast-hfb-above-header-display":"","ast-hfb-below-header-display":"","ast-hfb-mobile-header-display":"","site-post-title":"disabled","ast-breadcrumbs-content":"","ast-featured-img":"","footer-sml-layout":"","theme-transparent-header-meta":"","adv-header-id-meta":"","stick-header-meta":"","header-above-stick-meta":"","header-main-stick-meta":"","header-below-stick-meta":"","astra-migrate-meta-layouts":"default","ast-page-background-enabled":"default","ast-page-background-meta":{"desktop":{"background-color":"var(--ast-global-color-4)","background-image":"","background-repeat":"repeat","background-position":"center center","background-size":"auto","background-attachment":"scroll","background-type":"","background-media":"","overlay-type":"","overlay-color":"","overlay-opacity":"","overlay-gradient":""},"tablet":{"background-color":"","background-image":"","background-repeat":"repeat","background-position":"center center","background-size":"auto","background-attachment":"scroll","background-type":"","background-media":"","overlay-type":"","overlay-color":"","overlay-opacity":"","overlay-gradient":""},"mobile":{"background-color":"","background-image":"","background-repeat":"repeat","background-position":"center center","background-size":"auto","background-attachment":"scroll","background-type":"","background-media":"","overlay-type":"","overlay-color":"","overlay-opacity":"","overlay-gradient":""}},"ast-content-background-meta":{"desktop":{"background-color":"var(--ast-global-color-5)","background-image":"","background-repeat":"repeat","background-position":"center center","background-size":"auto","background-attachment":"scroll","background-type":"","background-media":"","overlay-type":"","overlay-color":"","overlay-opacity":"","overlay-gradient":""},"tablet":{"background-color":"var(--ast-global-color-5)","background-image":"","background-repeat":"repeat","background-position":"center center","background-size":"auto","background-attachment":"scroll","background-type":"","background-media":"","overlay-type":"","overlay-color":"","overlay-opacity":"","overlay-gradient":""},"mobile":{"background-color":"var(--ast-global-color-5)","background-image":"","background-repeat":"repeat","background-position":"center center","background-size":"auto","background-attachment":"scroll","background-type":"","background-media":"","overlay-type":"","overlay-color":"","overlay-opacity":"","overlay-gradient":""}},"footnotes":""},"class_list":["post-28","page","type-page","status-publish","hentry"],"uagb_featured_image_src":{"full":false,"thumbnail":false,"medium":false,"medium_large":false,"large":false,"1536x1536":false,"2048x2048":false,"trp-custom-language-flag":false,"woocommerce_thumbnail":false,"woocommerce_single":false,"woocommerce_gallery_thumbnail":false},"uagb_author_info":{"display_name":"weightandfat","author_link":"https:\/\/onlinepharm.eu\/es\/author\/weightandfat\/"},"uagb_comment_info":0,"uagb_excerpt":"How Do Weight Loss Drugs Work?. Get in Touch with Our Weight Loss Experts Contact Us We&#8217;d love to hear [&hellip;]","_links":{"self":[{"href":"https:\/\/onlinepharm.eu\/es\/wp-json\/wp\/v2\/pages\/28","targetHints":{"allow":["GET"]}}],"collection":[{"href":"https:\/\/onlinepharm.eu\/es\/wp-json\/wp\/v2\/pages"}],"about":[{"href":"https:\/\/onlinepharm.eu\/es\/wp-json\/wp\/v2\/types\/page"}],"author":[{"embeddable":true,"href":"https:\/\/onlinepharm.eu\/es\/wp-json\/wp\/v2\/users\/1"}],"replies":[{"embeddable":true,"href":"https:\/\/onlinepharm.eu\/es\/wp-json\/wp\/v2\/comments?post=28"}],"version-history":[{"count":4,"href":"https:\/\/onlinepharm.eu\/es\/wp-json\/wp\/v2\/pages\/28\/revisions"}],"predecessor-version":[{"id":2573,"href":"https:\/\/onlinepharm.eu\/es\/wp-json\/wp\/v2\/pages\/28\/revisions\/2573"}],"wp:attachment":[{"href":"https:\/\/onlinepharm.eu\/es\/wp-json\/wp\/v2\/media?parent=28"}],"curies":[{"name":"wp","href":"https:\/\/api.w.org\/{rel}","templated":true}]}}