{"id":2297,"date":"2025-03-26T02:08:39","date_gmt":"2025-03-26T02:08:39","guid":{"rendered":"https:\/\/weightlossandfatloss.com\/?page_id=2297"},"modified":"2025-03-26T02:19:14","modified_gmt":"2025-03-26T02:19:14","slug":"inyeccion-wegovy","status":"publish","type":"page","link":"https:\/\/onlinepharm.eu\/es\/inyeccion-wegovy\/","title":{"rendered":"Wegovy"},"content":{"rendered":"<div class=\"wp-block-uagb-advanced-heading uagb-block-1455e3de\"><h1 class=\"uagb-heading-text\">Inyecci\u00f3n de Wegovy<\/h1><\/div>\n\n\n\n<div class=\"wp-block-uagb-image uagb-block-65ff7d88 wp-block-uagb-image--layout-default wp-block-uagb-image--effect-static wp-block-uagb-image--align-none\"><figure class=\"wp-block-uagb-image__figure\"><img decoding=\"async\" srcset=\"https:\/\/onlinepharm.eu\/wp-content\/uploads\/2025\/03\/497960-1024x576-1.jpg ,https:\/\/onlinepharm.eu\/wp-content\/uploads\/2025\/03\/497960-1024x576-1.jpg 780w, https:\/\/onlinepharm.eu\/wp-content\/uploads\/2025\/03\/497960-1024x576-1.jpg 360w\" sizes=\"auto, (max-width: 480px) 150px\" src=\"https:\/\/onlinepharm.eu\/wp-content\/uploads\/2025\/03\/497960-1024x576-1.jpg\" alt=\"Inyecci\u00f3n de Wegovy\" class=\"uag-image-2298\" width=\"1024\" height=\"576\" title=\"Inyecci\u00f3n de Wegovy\" loading=\"lazy\" role=\"img\"\/><\/figure><\/div>\n\n\n\n<div class=\"wp-block-uagb-advanced-heading uagb-block-397aa04a\"><h2 class=\"uagb-heading-text\">\u00bfQu\u00e9 es la inyecci\u00f3n de Wegovy?<\/h2><\/div>\n\n\n\n<p><a href=\"https:\/\/onlinepharm.eu\/en\/product-category\/wegovy-kopen\/\">Wegovy<\/a> es un medicamento de venta con receta dise\u00f1ado para el control del peso. Contiene el principio activo semaglutida, un agonista de los receptores GLP-1. Este medicamento act\u00faa imitando la acci\u00f3n de la hormona GLP-1, que ayuda a regular el apetito y la ingesta de alimentos, lo que conduce a una p\u00e9rdida de peso eficaz. Wegovy suele recetarse a adultos obesos o con obesidad y problemas de salud relacionados con el peso, como diabetes de tipo 2 o hipertensi\u00f3n.<\/p>\n\n\n\n<div class=\"wp-block-uagb-advanced-heading uagb-block-e5cc0cea\"><h2 class=\"uagb-heading-text\">\u00bfC\u00f3mo funciona Wegovy?<\/h2><\/div>\n\n\n\n<p>Wegovy ayuda a perder peso a trav\u00e9s de varios mecanismos:<\/p>\n\n\n\n<ul class=\"wp-block-list\">\n<li>Regulaci\u00f3n del apetito: La semaglutida act\u00faa sobre los receptores del cerebro para reducir el hambre y aumentar la sensaci\u00f3n de saciedad.<\/li>\n\n\n\n<li>Estimulaci\u00f3n de la producci\u00f3n de insulina: Aumenta la producci\u00f3n de insulina despu\u00e9s de las comidas, lo que ayuda a controlar los niveles de az\u00facar en sangre.<\/li>\n\n\n\n<li>Ralentiza el vaciado del est\u00f3mago: Al ralentizar el vaciado del est\u00f3mago, Wegovy le ayuda a sentirse lleno durante m\u00e1s tiempo, reduciendo la ingesta total de alimentos.<\/li>\n<\/ul>\n\n\n\n<div class=\"wp-block-uagb-advanced-heading uagb-block-24aa70f1\"><h2 class=\"uagb-heading-text\">\u00bfD\u00f3nde se puede comprar Wegovy?<\/h2><\/div>\n\n\n\n<p>Wegovy se vende con receta y puede adquirirse en nuestra farmacia. Es esencial consultar a un profesional sanitario antes de empezar a tomar Wegovy para asegurarse de que es adecuado para usted. Tambi\u00e9n puede comprar Wegovy en l\u00ednea en farmacias autorizadas, siempre que tenga una receta v\u00e1lida.<\/p>\n\n\n\n<div class=\"wp-block-uagb-advanced-heading uagb-block-a6b6a44c\"><h2 class=\"uagb-heading-text\">Efectos y beneficios de Wegovy<\/h2><\/div>\n\n\n\n<ul class=\"wp-block-list\">\n<li>P\u00e9rdida de peso significativa: Los ensayos cl\u00ednicos han demostrado que Wegovy puede ayudar a las personas a perder hasta 15% de su peso corporal cuando se combina con una dieta saludable y ejercicio.<\/li>\n\n\n\n<li>Mejora de los valores de salud: Wegovy ayuda a mejorar varios indicadores de salud como el az\u00facar en sangre, la presi\u00f3n arterial y los niveles de colesterol.<\/li>\n\n\n\n<li>Mejora el control del apetito: Reduce eficazmente los antojos y ayuda a mantener una dieta m\u00e1s saludable.<\/li>\n<\/ul>\n\n\n\n<div class=\"wp-block-uagb-advanced-heading uagb-block-59c9f470\"><h3 class=\"uagb-heading-text\">Posibles efectos secundarios de Wegovy<\/h3><\/div>\n\n\n\n<p>Los efectos secundarios m\u00e1s frecuentes de Wegovy son n\u00e1useas, diarrea, v\u00f3mitos y estre\u00f1imiento. Estos efectos secundarios suelen ser leves y disminuyen con el tiempo. Sin embargo, es importante que consulte con su m\u00e9dico cualquier efecto secundario persistente o grave.<\/p>\n\n\n\n<div class=\"wp-block-uagb-advanced-heading uagb-block-8a4cbbd0\"><h2 class=\"uagb-heading-text\">Uso y administraci\u00f3n de Wegovy<\/h2><\/div>\n\n\n\n<p>Wegovy se administra mediante una pluma inyectora precargada. Suele inyectarse una vez a la semana, a cualquier hora del d\u00eda, con o sin alimentos. En el manual del usuario de Wegovy se dan las instrucciones de uso adecuadas, y es crucial seguir estas pautas para obtener resultados \u00f3ptimos. Consulte siempre a su m\u00e9dico para obtener instrucciones personalizadas.<\/p>\n\n\n\n<div class=\"wp-block-uagb-advanced-heading uagb-block-2ec06c8b\"><h2 class=\"uagb-heading-text\">Preguntas m\u00e1s frecuentes (FAQ)<\/h2><\/div>\n\n\n\n<div class=\"wp-block-uagb-advanced-heading uagb-block-0489194b\"><h3 class=\"uagb-heading-text\">\u00bfCu\u00e1nto peso se puede perder con Wegovy?<\/h3><\/div>\n\n\n\n<p>Los ensayos cl\u00ednicos han demostrado que las personas que utilizan Wegovy pueden perder hasta 15% de su peso corporal en un a\u00f1o, cuando se combina con una dieta sana y ejercicio.<\/p>\n\n\n\n<div class=\"wp-block-uagb-advanced-heading uagb-block-601842e7\"><h3 class=\"uagb-heading-text\">\u00bfCu\u00e1les son los efectos secundarios de Wegovy?<\/h3><\/div>\n\n\n\n<p>Los efectos secundarios m\u00e1s frecuentes son n\u00e1useas, diarrea, v\u00f3mitos y estre\u00f1imiento. La mayor\u00eda de los efectos secundarios son leves y disminuyen con el tiempo. Hable de los problemas persistentes con su m\u00e9dico.<\/p>\n\n\n\n<div class=\"wp-block-uagb-advanced-heading uagb-block-b867fedb\"><h3 class=\"uagb-heading-text\">\u00bfSe puede comprar Wegovy sin receta?<\/h3><\/div>\n\n\n\n<p>S\u00ed, Wegovy requiere la receta de un profesional sanitario. Es importante someterse a una evaluaci\u00f3n m\u00e9dica para asegurarse de que es seguro y adecuado para usted. As\u00ed que nuestro equipo de M\u00e9dicos le evaluar\u00e1 antes de obtener su <a href=\"https:\/\/www.wegovy.com\/\" target=\"_blank\" rel=\"noopener\">prescribir<\/a> Hecho.<\/p>\n\n\n\n<div class=\"wp-block-uagb-advanced-heading uagb-block-3730efd8\"><h3 class=\"uagb-heading-text\">\u00bfD\u00f3nde se puede comprar Wegovy en Internet?<\/h3><\/div>\n\n\n\n<p>Wegovy puede comprarse en l\u00ednea en nuestra farmacia autorizada, siempre que tenga una receta v\u00e1lida o necesite que se lo receten.<\/p>\n\n\n\n<div class=\"wp-block-uagb-advanced-heading uagb-block-c6d80888\"><h3 class=\"uagb-heading-text\">\u00bfC\u00f3mo ayuda Wegovy a perder peso?<\/h3><\/div>\n\n\n\n<p>Wegovy ayuda a perder peso reduciendo el apetito, aumentando la sensaci\u00f3n de saciedad y controlando los antojos, lo que facilita el seguimiento de una dieta hipocal\u00f3rica y la consecuci\u00f3n de los objetivos de p\u00e9rdida de peso.<\/p>\n\n\n\n<div class=\"wp-block-uagb-advanced-heading uagb-block-f6cee816\"><h4 class=\"uagb-heading-text\">Llamamiento a la acci\u00f3n<\/h4><\/div>\n\n\n\n<p>\u00bfEst\u00e1 listo para comenzar su viaje de p\u00e9rdida de peso con Wegovy? Consulte a un profesional sanitario para saber si Wegovy es adecuado para usted. Siga las pautas prescritas y mantenga una dieta sana y una rutina de ejercicios para obtener mejores resultados.<\/p>\n\n\n\n<p>Para m\u00e1s informaci\u00f3n y actualizaciones sobre <a href=\"https:\/\/onlinepharm.eu\/en\/product-category\/wegovy-kopen\/\">Wegovy's<\/a> disponibilidad, visite peri\u00f3dicamente nuestro sitio web y mant\u00e9ngase al tanto de las \u00faltimas novedades.<\/p>\n\n\n\n<div class=\"wp-block-uagb-container uagb-block-63e974de alignfull uagb-is-root-container\"><div class=\"uagb-container-inner-blocks-wrap\">\n<div class=\"wp-block-uagb-container uagb-block-6572c410\">\n<div class=\"wp-block-uagb-image uagb-block-5a49119e wp-block-uagb-image--layout-default wp-block-uagb-image--effect-static wp-block-uagb-image--align-none\"><figure class=\"wp-block-uagb-image__figure\"><img decoding=\"async\" srcset=\"https:\/\/onlinepharm.eu\/wp-content\/uploads\/2024\/09\/Weightloss-fatloss-1.png ,https:\/\/onlinepharm.eu\/wp-content\/uploads\/2024\/09\/Weightloss-fatloss-1.png 780w, https:\/\/onlinepharm.eu\/wp-content\/uploads\/2024\/09\/Weightloss-fatloss-1.png 360w\" sizes=\"auto, (max-width: 480px) 150px\" src=\"https:\/\/onlinepharm.eu\/wp-content\/uploads\/2024\/09\/Weightloss-fatloss-1.png\" alt=\"P\u00e9rdida de peso y grasa\" class=\"uag-image-1818\" width=\"500\" height=\"500\" title=\"P\u00e9rdida de peso y grasa\" loading=\"lazy\" role=\"img\"\/><\/figure><\/div>\n<\/div>\n\n\n\n<div class=\"wp-block-uagb-container uagb-block-296e4fb3\">\n<figure class=\"wp-block-image size-large\"><img loading=\"lazy\" decoding=\"async\" width=\"1024\" height=\"768\" src=\"https:\/\/onlinepharm.eu\/wp-content\/uploads\/2024\/07\/eqcbruxkpbgdeaff6wmx-1024x768.webp\" alt=\"Productos para adelgazar y adelgazar\" class=\"wp-image-1533\" srcset=\"https:\/\/onlinepharm.eu\/wp-content\/uploads\/2024\/07\/eqcbruxkpbgdeaff6wmx-1024x768.webp 1024w, https:\/\/onlinepharm.eu\/wp-content\/uploads\/2024\/07\/eqcbruxkpbgdeaff6wmx-300x225.webp 300w, https:\/\/onlinepharm.eu\/wp-content\/uploads\/2024\/07\/eqcbruxkpbgdeaff6wmx-768x576.webp 768w, https:\/\/onlinepharm.eu\/wp-content\/uploads\/2024\/07\/eqcbruxkpbgdeaff6wmx-600x450.webp 600w, https:\/\/onlinepharm.eu\/wp-content\/uploads\/2024\/07\/eqcbruxkpbgdeaff6wmx.webp 1080w\" sizes=\"auto, (max-width: 1024px) 100vw, 1024px\" \/><\/figure>\n<\/div>\n\n\n\n<div class=\"wp-block-uagb-container uagb-block-e885a3b0\">\n<div class=\"wp-block-uagb-image uagb-block-a8a7343f wp-block-uagb-image--layout-default wp-block-uagb-image--effect-static wp-block-uagb-image--align-none\"><figure class=\"wp-block-uagb-image__figure\"><img decoding=\"async\" srcset=\"https:\/\/onlinepharm.eu\/wp-content\/uploads\/2024\/07\/cropped-losing-weight-for-no-reason.avif ,https:\/\/onlinepharm.eu\/wp-content\/uploads\/2024\/07\/cropped-losing-weight-for-no-reason.avif 780w, https:\/\/onlinepharm.eu\/wp-content\/uploads\/2024\/07\/cropped-losing-weight-for-no-reason.avif 360w\" sizes=\"auto, (max-width: 480px) 150px\" src=\"https:\/\/onlinepharm.eu\/wp-content\/uploads\/2024\/07\/cropped-losing-weight-for-no-reason.avif\" alt=\"Ozempic comprar\" class=\"uag-image-1800\" width=\"512\" height=\"512\" title=\"Ozempic comprar\" loading=\"lazy\" role=\"img\"\/><\/figure><\/div>\n<\/div>\n<\/div><\/div>","protected":false},"excerpt":{"rendered":"<p>Wegovy Injection What is Wegovy Injection? Wegovy is a prescription medicine designed for weight management. It contains the active ingredient [&hellip;]<\/p>","protected":false},"author":1,"featured_media":0,"parent":0,"menu_order":0,"comment_status":"closed","ping_status":"closed","template":"","meta":{"_uag_custom_page_level_css":"","site-sidebar-layout":"default","site-content-layout":"","ast-site-content-layout":"","site-content-style":"default","site-sidebar-style":"default","ast-global-header-display":"","ast-banner-title-visibility":"","ast-main-header-display":"","ast-hfb-above-header-display":"","ast-hfb-below-header-display":"","ast-hfb-mobile-header-display":"","site-post-title":"disabled","ast-breadcrumbs-content":"","ast-featured-img":"","footer-sml-layout":"","theme-transparent-header-meta":"","adv-header-id-meta":"","stick-header-meta":"","header-above-stick-meta":"","header-main-stick-meta":"","header-below-stick-meta":"","astra-migrate-meta-layouts":"default","ast-page-background-enabled":"default","ast-page-background-meta":{"desktop":{"background-color":"var(--ast-global-color-4)","background-image":"","background-repeat":"repeat","background-position":"center center","background-size":"auto","background-attachment":"scroll","background-type":"","background-media":"","overlay-type":"","overlay-color":"","overlay-opacity":"","overlay-gradient":""},"tablet":{"background-color":"","background-image":"","background-repeat":"repeat","background-position":"center center","background-size":"auto","background-attachment":"scroll","background-type":"","background-media":"","overlay-type":"","overlay-color":"","overlay-opacity":"","overlay-gradient":""},"mobile":{"background-color":"","background-image":"","background-repeat":"repeat","background-position":"center center","background-size":"auto","background-attachment":"scroll","background-type":"","background-media":"","overlay-type":"","overlay-color":"","overlay-opacity":"","overlay-gradient":""}},"ast-content-background-meta":{"desktop":{"background-color":"var(--ast-global-color-5)","background-image":"","background-repeat":"repeat","background-position":"center center","background-size":"auto","background-attachment":"scroll","background-type":"","background-media":"","overlay-type":"","overlay-color":"","overlay-opacity":"","overlay-gradient":""},"tablet":{"background-color":"var(--ast-global-color-5)","background-image":"","background-repeat":"repeat","background-position":"center center","background-size":"auto","background-attachment":"scroll","background-type":"","background-media":"","overlay-type":"","overlay-color":"","overlay-opacity":"","overlay-gradient":""},"mobile":{"background-color":"var(--ast-global-color-5)","background-image":"","background-repeat":"repeat","background-position":"center center","background-size":"auto","background-attachment":"scroll","background-type":"","background-media":"","overlay-type":"","overlay-color":"","overlay-opacity":"","overlay-gradient":""}},"footnotes":""},"class_list":["post-2297","page","type-page","status-publish","hentry"],"uagb_featured_image_src":{"full":false,"thumbnail":false,"medium":false,"medium_large":false,"large":false,"1536x1536":false,"2048x2048":false,"trp-custom-language-flag":false,"woocommerce_thumbnail":false,"woocommerce_single":false,"woocommerce_gallery_thumbnail":false},"uagb_author_info":{"display_name":"weightandfat","author_link":"https:\/\/onlinepharm.eu\/es\/author\/weightandfat\/"},"uagb_comment_info":0,"uagb_excerpt":"Wegovy Injection What is Wegovy Injection? Wegovy is a prescription medicine designed for weight management. It contains the active ingredient [&hellip;]","_links":{"self":[{"href":"https:\/\/onlinepharm.eu\/es\/wp-json\/wp\/v2\/pages\/2297","targetHints":{"allow":["GET"]}}],"collection":[{"href":"https:\/\/onlinepharm.eu\/es\/wp-json\/wp\/v2\/pages"}],"about":[{"href":"https:\/\/onlinepharm.eu\/es\/wp-json\/wp\/v2\/types\/page"}],"author":[{"embeddable":true,"href":"https:\/\/onlinepharm.eu\/es\/wp-json\/wp\/v2\/users\/1"}],"replies":[{"embeddable":true,"href":"https:\/\/onlinepharm.eu\/es\/wp-json\/wp\/v2\/comments?post=2297"}],"version-history":[{"count":0,"href":"https:\/\/onlinepharm.eu\/es\/wp-json\/wp\/v2\/pages\/2297\/revisions"}],"wp:attachment":[{"href":"https:\/\/onlinepharm.eu\/es\/wp-json\/wp\/v2\/media?parent=2297"}],"curies":[{"name":"wp","href":"https:\/\/api.w.org\/{rel}","templated":true}]}}