{"id":28,"date":"2024-07-14T01:36:12","date_gmt":"2024-07-14T01:36:12","guid":{"rendered":"http:\/\/weightlossandfatloss.com\/contact\/"},"modified":"2025-08-29T11:47:12","modified_gmt":"2025-08-29T11:47:12","slug":"how-do-weight-loss-drugs-work","status":"publish","type":"page","link":"https:\/\/onlinepharm.eu\/de\/how-do-weight-loss-drugs-work\/","title":{"rendered":"Kontakt"},"content":{"rendered":"<div class=\"wp-block-uagb-container uagb-block-dde5c922 alignfull uagb-is-root-container\">\n<div class=\"wp-block-uagb-container uagb-block-b618de5d\">\n<div class=\"wp-block-uagb-advanced-heading uagb-block-1d772575\"><h2 class=\"uagb-heading-text\">Wie wirken Medikamente zur Gewichtsreduktion? Kontaktieren Sie unsere Abnehmexperten<\/h2><\/div>\n<\/div>\n<\/div>\n\n\n\n<div class=\"wp-block-uagb-container uagb-block-4b0b8f05 alignfull uagb-is-root-container\"><div class=\"uagb-container-inner-blocks-wrap\">\n<div class=\"wp-block-uagb-advanced-heading uagb-block-ab53c455\"><h2 class=\"uagb-heading-text\">Kontaktiere uns<\/h2><p class=\"uagb-desc-text\">Wir w\u00fcrden uns freuen, von Ihnen zu h\u00f6ren. Kontaktieren Sie uns bei Fragen.<\/p><\/div>\n\n\n\n<div class=\"wp-block-uagb-container uagb-block-69e826b6 alignfull uagb-is-root-container\"><div class=\"uagb-container-inner-blocks-wrap\">\n<div class=\"wp-block-uagb-container uagb-block-766bbd82\">\n<div class=\"wp-block-uagb-forms uagb-forms__outer-wrap uagb-block-dc66265a uagb-forms__medium-btn\"><form class=\"uagb-forms-main-form\" method=\"post\" autocomplete=\"on\" name=\"uagb-form-dc66265a\" action=\"\">\n<div class=\"wp-block-uagb-forms-name uagb-forms-name-wrap uagb-forms-field-set uagb-block-7af00aa6 uag-col-2\"><div class=\"uagb-forms-name-label required uagb-forms-input-label\" id=\"7af00aa6\">Vorname<\/div><input type=\"text\" placeholder=\"Vorname\" required class=\"uagb-forms-name-input uagb-forms-input\" name=\"7af00aa6\" autocomplete=\"given-name\"\/><\/div>\n\n\n\n<div class=\"wp-block-uagb-forms-name uagb-forms-name-wrap uagb-forms-field-set uagb-block-5c857b06 uag-col-2\"><div class=\"uagb-forms-name-label required uagb-forms-input-label\" id=\"5c857b06\">Familienname, Nachname<\/div><input type=\"text\" placeholder=\"Familienname, Nachname\" required class=\"uagb-forms-name-input uagb-forms-input\" name=\"5c857b06\" autocomplete=\"family-name\"\/><\/div>\n\n\n\n<div class=\"wp-block-uagb-forms-email uagb-forms-email-wrap uagb-forms-field-set uagb-block-994c997d\"><div class=\"uagb-forms-email-label  uagb-forms-input-label\" id=\"994c997d\">Email<\/div><input type=\"email\" class=\"uagb-forms-email-input uagb-forms-input\" placeholder=\"E-Mail-Adresse\" name=\"994c997d\" autocomplete=\"email\"\/><\/div>\n\n\n\n<div class=\"wp-block-uagb-forms-textarea uagb-forms-textarea-wrap uagb-forms-field-set uagb-block-0a048b09\"><div class=\"uagb-forms-textarea-label required uagb-forms-input-label\" id=\"0a048b09\">Nachricht<\/div><textarea required class=\"uagb-forms-textarea-input uagb-forms-input\" rows=\"4\" placeholder=\"Schreibe deine Nachricht...\" name=\"0a048b09\" autocomplete=\"off\"><\/textarea><\/div>\n<div class=\"uagb-forms-form-hidden-data\"><input type=\"hidden\" class=\"uagb_forms_form_label\" value=\"Spectra Form\"\/><input type=\"hidden\" class=\"uagb_forms_form_id\" value=\"uagb-form-dc66265a\"\/><\/div><div class=\"uagb-form-reacaptcha-error-dc66265a\"><\/div><div class=\"uagb-forms-main-submit-button-wrap wp-block-button\"><button class=\"uagb-forms-main-submit-button wp-block-button__link\"><div class=\"uagb-forms-main-submit-button-text\">Einreichen<\/div><\/button><\/div><input type=\"hidden\" name=\"trp-form-language\" value=\"de\"\/><\/form><div class=\"uagb-forms-success-message-dc66265a uagb-forms-submit-message-hide\"><span>Das Formular wurde erfolgreich \u00fcbermittelt!<\/span><\/div><div class=\"uagb-forms-failed-message-dc66265a uagb-forms-submit-message-hide\"><span>Beim Absenden des Formulars ist ein Fehler aufgetreten. Bitte \u00fcberpr\u00fcfen Sie alle Formularfelder noch einmal.<\/span><\/div><\/div>\n<\/div>\n\n\n\n<div class=\"wp-block-uagb-container uagb-block-71a265c9\">\n<div class=\"wp-block-uagb-advanced-heading uagb-block-f98dc221\"><h2 class=\"uagb-heading-text\">Kontakt Formular<\/h2><p class=\"uagb-desc-text\">F\u00fcllen Sie das untenstehende Formular aus, um mit unserem Team in Kontakt zu treten. Wir werden so schnell wie m\u00f6glich antworten<a href=\"https:\/\/foxpharma.co.uk\/\" target=\"_blank\" rel=\"noopener\">.<\/a><\/p><\/div>\n\n\n\n<div class=\"wp-block-uagb-advanced-heading uagb-block-ede53926\"><h3 class=\"uagb-heading-text\">In Verbindung bleiben<\/h3><\/div>\n\n\n\n<div class=\"wp-block-uagb-icon-list uagb-block-398dfdc8\"><div class=\"uagb-icon-list__wrap\">\n<div class=\"wp-block-uagb-icon-list-child uagb-block-3f5927f3\"><span class=\"uagb-icon-list__source-wrap\"><svg xmlns=\"https:\/\/www.w3.org\/2000\/svg\" viewbox=\"0 0 512 512\"><path d=\"M464 64C490.5 64 512 85.49 512 112C512 127.1 504.9 141.3 492.8 150.4L275.2 313.6C263.8 322.1 248.2 322.1 236.8 313.6L19.2 150.4C7.113 141.3 0 127.1 0 112C0 85.49 21.49 64 48 64H464zM217.6 339.2C240.4 356.3 271.6 356.3 294.4 339.2L512 176V384C512 419.3 483.3 448 448 448H64C28.65 448 0 419.3 0 384V176L217.6 339.2z\"><\/path><\/svg><\/span><span class=\"uagb-icon-list__label\">info@onlinepharm.eu<\/span><\/div>\n\n\n\n<div class=\"wp-block-uagb-icon-list-child uagb-block-bd9accdf\"><\/div>\n\n\n\n<div class=\"wp-block-uagb-icon-list-child uagb-block-c355edaa\"><span class=\"uagb-icon-list__source-wrap\"><svg xmlns=\"https:\/\/www.w3.org\/2000\/svg\" viewbox=\"0 0 384 512\"><path d=\"M168.3 499.2C116.1 435 0 279.4 0 192C0 85.96 85.96 0 192 0C298 0 384 85.96 384 192C384 279.4 267 435 215.7 499.2C203.4 514.5 180.6 514.5 168.3 499.2H168.3zM192 256C227.3 256 256 227.3 256 192C256 156.7 227.3 128 192 128C156.7 128 128 156.7 128 192C128 227.3 156.7 256 192 256z\"><\/path><\/svg><\/span><span class=\"uagb-icon-list__label\">1072 AD Amsterdam, Netherlands<\/span><\/div>\n<\/div><\/div>\n\n\n\n<div class=\"wp-block-uagb-advanced-heading uagb-block-344dae70\"><\/div>\n\n\n\n<div class=\"wp-block-uagb-icon-list uagb-block-27cb2f14\"><div class=\"uagb-icon-list__wrap\">\n<div class=\"wp-block-uagb-icon-list-child uagb-block-fd15eccd\"><a target=\"_self\" aria-label=\"Posten auflisten\" rel=\"noopener noreferrer\" href=\"#\"> <\/a><\/div>\n\n\n\n<div class=\"wp-block-uagb-icon-list-child uagb-block-9fb35515\"><a target=\"_self\" aria-label=\"Posten auflisten\" rel=\"noopener noreferrer\" href=\"#\"> <\/a><\/div>\n\n\n\n<div class=\"wp-block-uagb-icon-list-child uagb-block-d1934bf2\"><a target=\"_self\" aria-label=\"Posten auflisten\" rel=\"noopener noreferrer\" href=\"#\"> <\/a><\/div>\n\n\n\n<div class=\"wp-block-uagb-icon-list-child uagb-block-c601cc54\"><a target=\"_self\" aria-label=\"Posten auflisten\" rel=\"noopener noreferrer\" href=\"#\"> <\/a><\/div>\n\n\n\n<div class=\"wp-block-uagb-icon-list-child uagb-block-ddbda12f\"><\/div>\n<\/div><\/div>\n<\/div>\n<\/div><\/div>\n\n\n\n<div class=\"wp-block-uagb-container uagb-block-017c7aa9\">\n<div class=\"wp-block-uagb-container uagb-block-29396489\">\n<div class=\"wp-block-uagb-advanced-heading uagb-block-8298781b\"><h3 class=\"uagb-heading-text\">London B\u00fcro <\/h3><\/div>\n\n\n\n<div class=\"wp-block-uagb-icon-list uagb-block-c099329c\"><div class=\"uagb-icon-list__wrap\">\n<div class=\"wp-block-uagb-icon-list-child uagb-block-52b59bb4\"><span class=\"uagb-icon-list__source-wrap\"><svg xmlns=\"https:\/\/www.w3.org\/2000\/svg\" viewbox=\"0 0 512 512\"><path d=\"M464 64C490.5 64 512 85.49 512 112C512 127.1 504.9 141.3 492.8 150.4L275.2 313.6C263.8 322.1 248.2 322.1 236.8 313.6L19.2 150.4C7.113 141.3 0 127.1 0 112C0 85.49 21.49 64 48 64H464zM217.6 339.2C240.4 356.3 271.6 356.3 294.4 339.2L512 176V384C512 419.3 483.3 448 448 448H64C28.65 448 0 419.3 0 384V176L217.6 339.2z\"><\/path><\/svg><\/span><span class=\"uagb-icon-list__label\">london@onlinepharm.eu<\/span><\/div>\n\n\n\n<div class=\"wp-block-uagb-icon-list-child uagb-block-29411609\"><span class=\"uagb-icon-list__label\">Coming 2026<\/span><\/div>\n<\/div><\/div>\n<\/div>\n\n\n\n<div class=\"wp-block-uagb-container uagb-block-908e2e26\">\n<div class=\"wp-block-uagb-advanced-heading uagb-block-ac5434f7\"><h3 class=\"uagb-heading-text\">B\u00fcro in Dublin<\/h3><\/div>\n\n\n\n<div class=\"wp-block-uagb-icon-list uagb-block-f8cf19c8\"><div class=\"uagb-icon-list__wrap\">\n<div class=\"wp-block-uagb-icon-list-child uagb-block-5f0d2b19\"><span class=\"uagb-icon-list__source-wrap\"><svg xmlns=\"https:\/\/www.w3.org\/2000\/svg\" viewbox=\"0 0 512 512\"><path d=\"M464 64C490.5 64 512 85.49 512 112C512 127.1 504.9 141.3 492.8 150.4L275.2 313.6C263.8 322.1 248.2 322.1 236.8 313.6L19.2 150.4C7.113 141.3 0 127.1 0 112C0 85.49 21.49 64 48 64H464zM217.6 339.2C240.4 356.3 271.6 356.3 294.4 339.2L512 176V384C512 419.3 483.3 448 448 448H64C28.65 448 0 419.3 0 384V176L217.6 339.2z\"><\/path><\/svg><\/span><span class=\"uagb-icon-list__label\">Dublin@onlinepharm.eu<\/span><\/div>\n\n\n\n<div class=\"wp-block-uagb-icon-list-child uagb-block-3fe6f032\"><span class=\"uagb-icon-list__label\">Coming 2026<\/span><\/div>\n<\/div><\/div>\n<\/div>\n\n\n\n<div class=\"wp-block-uagb-container uagb-block-b22fff7f\">\n<div class=\"wp-block-uagb-advanced-heading uagb-block-ff860470\"><h3 class=\"uagb-heading-text\">Pariser B\u00fcro<\/h3><\/div>\n\n\n\n<div class=\"wp-block-uagb-icon-list uagb-block-e1066460\"><div class=\"uagb-icon-list__wrap\">\n<div class=\"wp-block-uagb-icon-list-child uagb-block-46853fdd\"><span class=\"uagb-icon-list__source-wrap\"><svg xmlns=\"https:\/\/www.w3.org\/2000\/svg\" viewbox=\"0 0 512 512\"><path d=\"M464 64C490.5 64 512 85.49 512 112C512 127.1 504.9 141.3 492.8 150.4L275.2 313.6C263.8 322.1 248.2 322.1 236.8 313.6L19.2 150.4C7.113 141.3 0 127.1 0 112C0 85.49 21.49 64 48 64H464zM217.6 339.2C240.4 356.3 271.6 356.3 294.4 339.2L512 176V384C512 419.3 483.3 448 448 448H64C28.65 448 0 419.3 0 384V176L217.6 339.2z\"><\/path><\/svg><\/span><span class=\"uagb-icon-list__label\">Paris@onlinepharm.eu<\/span><\/div>\n\n\n\n<div class=\"wp-block-uagb-icon-list-child uagb-block-1a42ccb0\"><span class=\"uagb-icon-list__label\">Coming 2026<\/span><\/div>\n<\/div><\/div>\n<\/div>\n<\/div>\n<\/div><\/div>\n\n\n\n<div class=\"wp-block-uagb-container uagb-block-4e224ada alignfull uagb-is-root-container\"><div class=\"uagb-container-inner-blocks-wrap\">\n<div class=\"wp-block-uagb-advanced-heading uagb-block-82728486\"><h2 class=\"uagb-heading-text\">H\u00e4ufig gestellte Fragen<\/h2><p class=\"uagb-desc-text\">Finden Sie Antworten auf h\u00e4ufig gestellte Fragen zu unseren Injektionen zur Gewichtsreduktion.<\/p><\/div>\n\n\n\n<figure class=\"wp-block-image size-large is-resized\"><img loading=\"lazy\" decoding=\"async\" width=\"1024\" height=\"683\" src=\"http:\/\/weightlossandfatloss.com\/wp-content\/uploads\/2024\/07\/ozempic-od-1-1024x683.webp\" alt=\"Wie wirken Medikamente zur Gewichtsreduktion?\" class=\"wp-image-1683\" style=\"width:528px;height:auto\" srcset=\"https:\/\/onlinepharm.eu\/wp-content\/uploads\/2024\/07\/ozempic-od-1-1024x683.webp 1024w, https:\/\/onlinepharm.eu\/wp-content\/uploads\/2024\/07\/ozempic-od-1-300x200.webp 300w, https:\/\/onlinepharm.eu\/wp-content\/uploads\/2024\/07\/ozempic-od-1-768x512.webp 768w, https:\/\/onlinepharm.eu\/wp-content\/uploads\/2024\/07\/ozempic-od-1-18x12.webp 18w, https:\/\/onlinepharm.eu\/wp-content\/uploads\/2024\/07\/ozempic-od-1-600x400.webp 600w, https:\/\/onlinepharm.eu\/wp-content\/uploads\/2024\/07\/ozempic-od-1.webp 1200w\" sizes=\"auto, (max-width: 1024px) 100vw, 1024px\" \/><\/figure>\n\n\n\n<div class=\"wp-block-uagb-container uagb-block-cf0ac3c7\">\n<div class=\"wp-block-uagb-container uagb-block-1ea6688f\">\n<div class=\"wp-block-uagb-advanced-heading uagb-block-c25f8664\"><h3 class=\"uagb-heading-text\">Welche Nebenwirkungen haben Abnehmspritzen?<\/h3><p class=\"uagb-desc-text\">H\u00e4ufige Nebenwirkungen sind \u00dcbelkeit, Kopfschmerzen und Durchfall. F\u00fcr weitere Informationen wenden Sie sich an Ihren Arzt.<\/p><\/div>\n<\/div>\n\n\n\n<div class=\"wp-block-uagb-container uagb-block-2d271026\">\n<div class=\"wp-block-uagb-advanced-heading uagb-block-f6e5a025\"><h3 class=\"uagb-heading-text\">Wie lange halten die Abnehmspritzen?<\/h3><p class=\"uagb-desc-text\">Die Dauer variiert je nach Injektion. Ozempic h\u00e4lt bis zu einer Woche, Wegovy dagegen zwei Wochen.<\/p><\/div>\n<\/div>\n\n\n\n<div class=\"wp-block-uagb-container uagb-block-348e541a\">\n<div class=\"wp-block-uagb-advanced-heading uagb-block-3e65cc82\"><h3 class=\"uagb-heading-text\">Sind die Injektionen zur Gewichtsreduktion sicher?<\/h3><p class=\"uagb-desc-text\">Injektionen zur Gewichtsreduktion sind von der FDA zugelassen und im Allgemeinen sicher. Es ist jedoch wichtig, einen Arzt zu konsultieren.<\/p><\/div>\n<\/div>\n\n\n\n<div class=\"wp-block-uagb-container uagb-block-5b4a8790\">\n<div class=\"wp-block-uagb-advanced-heading uagb-block-67b57a26\"><h3 class=\"uagb-heading-text\">Wie viel Gewicht kann ich durch die Injektionen voraussichtlich verlieren?<\/h3><p class=\"uagb-desc-text\">Die Ergebnisse sind unterschiedlich, aber im Allgemeinen k\u00f6nnen Sie davon ausgehen, dass Sie innerhalb weniger Monate etwa 5-10% Ihres K\u00f6rpergewichts verlieren.<a href=\"https:\/\/app.seositecheckup.com\/\" target=\"_blank\" rel=\"noopener\">.<\/a><\/p><\/div>\n<\/div>\n<\/div>\n<\/div><\/div>\n\n\n\n<h2 class=\"wp-block-heading\" style=\"padding-top:var(--wp--preset--spacing--50);padding-bottom:var(--wp--preset--spacing--50)\">Medikamente zur Gewichtsreduktion: Ein umfassender Leitfaden<\/h2>\n\n\n\n<h3 class=\"wp-block-heading\">Was sind Medikamente zur Gewichtsreduktion?<\/h3>\n\n\n\n<p>Medikamente zur Gewichtsabnahme sind Medikamente, die verschrieben werden, um Menschen beim Abnehmen zu helfen. Typischerweise werden sie in Verbindung mit einer kalorienreduzierten Di\u00e4t und erh\u00f6hter k\u00f6rperlicher Aktivit\u00e4t eingenommen. Diese Medikamente k\u00f6nnen beim Abnehmen helfen, indem sie den Appetit verringern, das S\u00e4ttigungsgef\u00fchl steigern oder die Fettaufnahme verringern. Medikamente zur Gewichtsreduktion werden in der Regel Personen verschrieben, die fettleibig oder \u00fcbergewichtig sind und gewichtsbedingte Gesundheitsprobleme wie Typ-2-Diabetes, Bluthochdruck oder hohe Cholesterinwerte haben.<\/p>\n\n\n\n<h3 class=\"wp-block-heading\">Wie wirken Medikamente zur Gewichtsreduktion?<\/h3>\n\n\n\n<p>Medikamente zur Gewichtsreduktion wirken je nach Wirkstoff \u00fcber unterschiedliche Mechanismen:<\/p>\n\n\n\n<ul class=\"wp-block-list\">\n<li><strong>Appetitz\u00fcgler<\/strong>: Diese Medikamente wirken auf das Gehirn, um den Appetit zu verringern oder das S\u00e4ttigungsgef\u00fchl zu steigern. Beispiele hierf\u00fcr sind Phentermin und Liraglutid.<\/li>\n\n\n\n<li><strong>Fettabsorptionshemmer<\/strong>: Diese Medikamente reduzieren die Aufnahme von Nahrungsfett im Darm. Orlistat ist ein h\u00e4ufiger Fettabsorptionshemmer.<\/li>\n\n\n\n<li><strong>Kombinationspr\u00e4parate<\/strong>: Einige Medikamente kombinieren verschiedene Mechanismen, um die Gewichtsabnahme zu f\u00f6rdern. Contrave kombiniert beispielsweise ein Antidepressivum mit einem Medikament, das den Appetit z\u00fcgelt.<\/li>\n<\/ul>\n\n\n\n<h3 class=\"wp-block-heading\">Wo kann man Medikamente zur Gewichtsreduktion kaufen?<\/h3>\n\n\n\n<p>Medikamente zur Gewichtsabnahme sind in der Regel verschreibungspflichtig und k\u00f6nnen in zertifizierten Apotheken gekauft werden. Bevor Sie Medikamente zur Gewichtsreduktion einnehmen, sollten Sie unbedingt einen Arzt konsultieren, um sicherzustellen, dass diese f\u00fcr Ihren Gesundheitszustand geeignet sind. Dar\u00fcber hinaus k\u00f6nnen diese Medikamente online in lizenzierten Apotheken gekauft werden, es ist jedoch ein g\u00fcltiges Rezept erforderlich.<\/p>\n\n\n\n<h3 class=\"wp-block-heading\">Wirkungen und Vorteile von Medikamenten zur Gewichtsreduktion<\/h3>\n\n\n\n<ul class=\"wp-block-list\">\n<li><strong>Deutlicher Gewichtsverlust<\/strong>: Klinische Studien haben gezeigt, dass Medikamente zur Gewichtsreduktion in Kombination mit einer gesunden Ern\u00e4hrung und Bewegung dazu beitragen k\u00f6nnen, dass Menschen einen erheblichen Prozentsatz ihres K\u00f6rpergewichts verlieren.<\/li>\n\n\n\n<li><strong>Verbesserte Gesundheitsmetriken<\/strong>: Diese Medikamente k\u00f6nnen dazu beitragen, verschiedene Gesundheitsindikatoren wie Blutzuckerspiegel, Blutdruck und Cholesterinspiegel zu verbessern.<\/li>\n\n\n\n<li><strong>Erh\u00f6hte Lebensqualit\u00e4t<\/strong>: Durch die Unterst\u00fctzung beim Abnehmen k\u00f6nnen diese Medikamente dazu beitragen, das Risiko gewichtsbedingter Gesundheitsprobleme zu verringern und das allgemeine Wohlbefinden zu verbessern.<\/li>\n<\/ul>\n\n\n\n<h3 class=\"wp-block-heading\">M\u00f6gliche Nebenwirkungen von Medikamenten zur Gewichtsreduktion<\/h3>\n\n\n\n<p>H\u00e4ufige Nebenwirkungen von Medikamenten zur Gewichtsreduktion variieren je nach Medikament, k\u00f6nnen jedoch \u00dcbelkeit, Verstopfung, Durchfall, Mundtrockenheit und Schwindel umfassen. Diese Nebenwirkungen sind typischerweise mild und nehmen mit der Zeit ab. Es ist jedoch wichtig, alle anhaltenden oder schwerwiegenden Nebenwirkungen mit Ihrem Arzt zu besprechen.<\/p>\n\n\n\n<h3 class=\"wp-block-heading\">Verwendung und Verabreichung von Medikamenten zur Gewichtsreduktion<\/h3>\n\n\n\n<p>Medikamente zur Gewichtsreduktion werden in der Regel oral eingenommen, je nach Medikament einmal oder mehrmals t\u00e4glich. Um die besten Ergebnisse zu erzielen, m\u00fcssen Sie unbedingt die Dosierungs- und Verabreichungsanweisungen Ihres Arztes befolgen. Passen Sie die Dosis niemals ohne R\u00fccksprache mit Ihrem Arzt an.<\/p>\n\n\n\n<h3 class=\"wp-block-heading\">H\u00e4ufig gestellte Fragen<\/h3>\n\n\n\n<p><strong>Wie viel Gewicht kann man mit Medikamenten zur Gewichtsabnahme verlieren?<\/strong> Klinische Studien haben gezeigt, dass Personen, die Medikamente zur Gewichtsreduktion einnehmen, je nach Medikament und Einhaltung eines gesunden Lebensstils einen erheblichen Prozentsatz ihres K\u00f6rpergewichts verlieren k\u00f6nnen.<\/p>\n\n\n\n<p><strong>Welche Nebenwirkungen haben Medikamente zur Gewichtsreduktion?<\/strong> H\u00e4ufige Nebenwirkungen sind \u00dcbelkeit, Verstopfung, Durchfall, Mundtrockenheit und Schwindel. Die meisten Nebenwirkungen sind mild und nehmen mit der Zeit ab. Besprechen Sie alle anhaltenden Probleme mit Ihrem Arzt.<\/p>\n\n\n\n<p><strong>Sind Medikamente zur Gewichtsabnahme ohne Rezept erh\u00e4ltlich?<\/strong> Nein, Medikamente zur Gewichtsreduktion erfordern ein Rezept von einem Arzt. Es ist wichtig, sich einer medizinischen Untersuchung zu unterziehen, um sicherzustellen, dass sie sicher und f\u00fcr Sie geeignet sind.<\/p>\n\n\n\n<p><strong>Wo kann man Medikamente zur Gewichtsreduktion online kaufen?<\/strong> Medikamente zur Gewichtsabnahme k\u00f6nnen Sie online in unseren Apotheken kaufen, mit oder ohne Rezept. Stellen Sie immer sicher, dass Sie von einer seri\u00f6sen Quelle kaufen, um gef\u00e4lschte Medikamente zu vermeiden.<\/p>\n\n\n\n<p><strong>Wie helfen Abnehmmedikamente beim Abnehmen?<\/strong> Medikamente zur Gewichtsabnahme helfen, indem sie den Appetit verringern, das S\u00e4ttigungsgef\u00fchl steigern oder die Fettaufnahme reduzieren, wodurch es einfacher wird, eine kalorienarme Di\u00e4t einzuhalten und Abnehmziele zu erreichen.<\/p>\n\n\n\n<h3 class=\"wp-block-heading\">Aufruf zum Handeln<\/h3>\n\n\n\n<p>Sind Sie bereit, Ihre Reise zur Gewichtsreduktion mit Hilfe von Medikamenten zur Gewichtsreduktion zu beginnen? Konsultieren Sie einen Arzt, um herauszufinden, welches Medikament f\u00fcr Sie das richtige ist. Befolgen Sie die vorgeschriebenen Richtlinien und achten Sie auf eine gesunde Ern\u00e4hrung und ein gesundes Trainingsprogramm, um die besten Ergebnisse zu erzielen.<\/p>\n\n\n\n<h3 class=\"wp-block-heading\">Hashtags<\/h3>\n\n\n\n<p>#GewichtsabnahmeMedikamente #KaufenGewichtsabnahmeMedikamente #GewichtsabnahmeReise #GewichtsabnahmeEffekte #GewichtsabnahmeNebenwirkungen #GewichtsabnahmeRezept 1TP5GewichtsabnahmeMitMedikamenten 1TP5BestellenGewichtsabnahmeMedikamente #HealthyLiving <a href=\"https:\/\/medyk.online\/lek\/mounjaro\/opinie\/\" target=\"_blank\" rel=\"noopener\">#<\/a>MedicalWeightLoss<\/p>\n\n\n\n<p>F\u00fcr weitere Informationen und Aktualisierungen \u00fcber die Verf\u00fcgbarkeit von Medikamenten zur Gewichtsreduktion besuchen Sie regelm\u00e4\u00dfig unsere Website.<\/p>\n\n\n\n<div class=\"wp-block-uagb-container uagb-block-d7b60fd6 alignfull uagb-is-root-container\"><div class=\"uagb-container-inner-blocks-wrap\">\n<div class=\"wp-block-uagb-info-box uagb-block-6fdc34d4 uagb-infobox__content-wrap  uagb-infobox-icon-above-title uagb-infobox-image-valign-top\"><div class=\"uagb-ifb-content\"><div class=\"uagb-ifb-title-wrap\"><h2 class=\"uagb-ifb-title\">Sind Sie bereit, Ihre Reise zur Gewichtsabnahme zu beginnen?<\/h2><\/div><p class=\"uagb-ifb-desc\">Online Pharm is a trusted provider of high-quality weight loss injections, helping individuals achieve their weight loss goals.<\/p><div class=\"uagb-ifb-button-wrapper wp-block-button\"><a href=\"https:\/\/onlinepharm.eu\/en\/shop\/\" class=\"uagb-infobox-cta-link wp-block-button__link\" target=\"_self\" rel=\"noopener noreferrer\" onclick=\"return true;\"><span class=\"uagb-inline-editing\">Jetzt einkaufen<\/span><\/a><\/div><\/div><\/div>\n<\/div><\/div>","protected":false},"excerpt":{"rendered":"<p>How Do Weight Loss Drugs Work?. Get in Touch with Our Weight Loss Experts Contact Us We&#8217;d love to hear [&hellip;]<\/p>","protected":false},"author":1,"featured_media":0,"parent":0,"menu_order":0,"comment_status":"closed","ping_status":"closed","template":"","meta":{"_uag_custom_page_level_css":"","site-sidebar-layout":"default","site-content-layout":"","ast-site-content-layout":"","site-content-style":"default","site-sidebar-style":"default","ast-global-header-display":"","ast-banner-title-visibility":"","ast-main-header-display":"","ast-hfb-above-header-display":"","ast-hfb-below-header-display":"","ast-hfb-mobile-header-display":"","site-post-title":"disabled","ast-breadcrumbs-content":"","ast-featured-img":"","footer-sml-layout":"","theme-transparent-header-meta":"","adv-header-id-meta":"","stick-header-meta":"","header-above-stick-meta":"","header-main-stick-meta":"","header-below-stick-meta":"","astra-migrate-meta-layouts":"default","ast-page-background-enabled":"default","ast-page-background-meta":{"desktop":{"background-color":"var(--ast-global-color-4)","background-image":"","background-repeat":"repeat","background-position":"center center","background-size":"auto","background-attachment":"scroll","background-type":"","background-media":"","overlay-type":"","overlay-color":"","overlay-opacity":"","overlay-gradient":""},"tablet":{"background-color":"","background-image":"","background-repeat":"repeat","background-position":"center center","background-size":"auto","background-attachment":"scroll","background-type":"","background-media":"","overlay-type":"","overlay-color":"","overlay-opacity":"","overlay-gradient":""},"mobile":{"background-color":"","background-image":"","background-repeat":"repeat","background-position":"center center","background-size":"auto","background-attachment":"scroll","background-type":"","background-media":"","overlay-type":"","overlay-color":"","overlay-opacity":"","overlay-gradient":""}},"ast-content-background-meta":{"desktop":{"background-color":"var(--ast-global-color-5)","background-image":"","background-repeat":"repeat","background-position":"center center","background-size":"auto","background-attachment":"scroll","background-type":"","background-media":"","overlay-type":"","overlay-color":"","overlay-opacity":"","overlay-gradient":""},"tablet":{"background-color":"var(--ast-global-color-5)","background-image":"","background-repeat":"repeat","background-position":"center center","background-size":"auto","background-attachment":"scroll","background-type":"","background-media":"","overlay-type":"","overlay-color":"","overlay-opacity":"","overlay-gradient":""},"mobile":{"background-color":"var(--ast-global-color-5)","background-image":"","background-repeat":"repeat","background-position":"center center","background-size":"auto","background-attachment":"scroll","background-type":"","background-media":"","overlay-type":"","overlay-color":"","overlay-opacity":"","overlay-gradient":""}},"footnotes":""},"class_list":["post-28","page","type-page","status-publish","hentry"],"uagb_featured_image_src":{"full":false,"thumbnail":false,"medium":false,"medium_large":false,"large":false,"1536x1536":false,"2048x2048":false,"trp-custom-language-flag":false,"woocommerce_thumbnail":false,"woocommerce_single":false,"woocommerce_gallery_thumbnail":false},"uagb_author_info":{"display_name":"weightandfat","author_link":"https:\/\/onlinepharm.eu\/de\/author\/weightandfat\/"},"uagb_comment_info":0,"uagb_excerpt":"How Do Weight Loss Drugs Work?. Get in Touch with Our Weight Loss Experts Contact Us We&#8217;d love to hear [&hellip;]","_links":{"self":[{"href":"https:\/\/onlinepharm.eu\/de\/wp-json\/wp\/v2\/pages\/28","targetHints":{"allow":["GET"]}}],"collection":[{"href":"https:\/\/onlinepharm.eu\/de\/wp-json\/wp\/v2\/pages"}],"about":[{"href":"https:\/\/onlinepharm.eu\/de\/wp-json\/wp\/v2\/types\/page"}],"author":[{"embeddable":true,"href":"https:\/\/onlinepharm.eu\/de\/wp-json\/wp\/v2\/users\/1"}],"replies":[{"embeddable":true,"href":"https:\/\/onlinepharm.eu\/de\/wp-json\/wp\/v2\/comments?post=28"}],"version-history":[{"count":4,"href":"https:\/\/onlinepharm.eu\/de\/wp-json\/wp\/v2\/pages\/28\/revisions"}],"predecessor-version":[{"id":2573,"href":"https:\/\/onlinepharm.eu\/de\/wp-json\/wp\/v2\/pages\/28\/revisions\/2573"}],"wp:attachment":[{"href":"https:\/\/onlinepharm.eu\/de\/wp-json\/wp\/v2\/media?parent=28"}],"curies":[{"name":"wp","href":"https:\/\/api.w.org\/{rel}","templated":true}]}}