{"id":24,"date":"2024-07-14T01:36:12","date_gmt":"2024-07-14T01:36:12","guid":{"rendered":"http:\/\/weightlossandfatloss.com\/about\/"},"modified":"2025-07-07T04:35:40","modified_gmt":"2025-07-07T04:35:40","slug":"cheapest-mounjaro-injection","status":"publish","type":"page","link":"https:\/\/onlinepharm.eu\/de\/cheapest-mounjaro-injection\/","title":{"rendered":"Um"},"content":{"rendered":"<div class=\"wp-block-uagb-container uagb-block-dde5c922 alignfull uagb-is-root-container\">\n<div class=\"wp-block-uagb-container uagb-block-b618de5d\">\n<div class=\"wp-block-uagb-advanced-heading uagb-block-1d772575\"><h1 class=\"uagb-heading-text\">billigste Mounjaro-Injektion.  Transformation durch Gewichtsverlust Injektionen<\/h1><\/div>\n<\/div>\n<\/div>\n\n\n\n<div class=\"wp-block-uagb-container uagb-block-09f03414 alignfull uagb-is-root-container\"><div class=\"uagb-container-inner-blocks-wrap\">\n<div class=\"wp-block-uagb-advanced-heading uagb-block-ca3de8bf\"><h2 class=\"uagb-heading-text\">\u00dcber Online Pharm EU<\/h2><\/div>\n\n\n\n<div class=\"wp-block-uagb-container uagb-layout-grid uagb-block-147934f6\">\n<div class=\"wp-block-uagb-image uagb-block-95318720 wp-block-uagb-image--layout-default wp-block-uagb-image--effect-static wp-block-uagb-image--align-none\"><figure class=\"wp-block-uagb-image__figure\"><img decoding=\"async\" srcset=\"https:\/\/onlinepharm.eu\/wp-content\/uploads\/2024\/07\/Ozempic-Reviews-from-Real-Patients-Health-First-Medical-Weight-Loss-Skin-Care-Rancho-Cucamonga-Hesperia-and-Redlands-California-1024x538.webp ,https:\/\/onlinepharm.eu\/wp-content\/uploads\/2024\/07\/Ozempic-Reviews-from-Real-Patients-Health-First-Medical-Weight-Loss-Skin-Care-Rancho-Cucamonga-Hesperia-and-Redlands-California.webp 780w, https:\/\/onlinepharm.eu\/wp-content\/uploads\/2024\/07\/Ozempic-Reviews-from-Real-Patients-Health-First-Medical-Weight-Loss-Skin-Care-Rancho-Cucamonga-Hesperia-and-Redlands-California.webp 360w\" sizes=\"auto, (max-width: 480px) 150px\" src=\"https:\/\/onlinepharm.eu\/wp-content\/uploads\/2024\/07\/Ozempic-Reviews-from-Real-Patients-Health-First-Medical-Weight-Loss-Skin-Care-Rancho-Cucamonga-Hesperia-and-Redlands-California-1024x538.webp\" alt=\"cheapest Mounjaro injection\" class=\"uag-image-1636\" width=\"636\" height=\"391\" title=\"Ozempic-\" loading=\"lazy\" role=\"img\"\/><\/figure><\/div>\n\n\n\n<div class=\"wp-block-uagb-advanced-heading uagb-block-477b52f6\"><p class=\"uagb-heading-text\">Wir unterst\u00fctzen Kunden mit effektiven L\u00f6sungen zur Gewichtsreduktion, erzielen bemerkenswerte Ergebnisse und ver\u00e4ndern das Leben durch innovative Injektionen.<\/p><p class=\"uagb-desc-text\">Wir unterst\u00fctzen Kunden auf ihrem Weg zur Gewichtsabnahme mit bew\u00e4hrten Injektionen und fachkundiger Anleitung. Bei Injektionen zur Gewichtsreduktion handelt es sich um Medikamente, die per Injektion verabreicht werden und das Gewichtsmanagement unterst\u00fctzen. Diese Injektionen k\u00f6nnen verschiedene Wirkmechanismen haben, darunter Appetitunterdr\u00fcckung, Stoffwechselanregung oder Erleichterung des Fettabbaus. F\u00fcr optimale Ergebnisse ist es wichtig, Gewichtsverlustspritzen mit einer ausgewogenen Ern\u00e4hrung und regelm\u00e4\u00dfiger Bewegung zu kombinieren. Es wird empfohlen, vor Beginn einer neuen Behandlung zur Gewichtsabnahme einen Arzt zu konsultieren. Ozempic-Gewichtsverlust<\/p><\/div>\n<\/div>\n<\/div><\/div>\n\n\n\n<div class=\"wp-block-uagb-container uagb-layout-grid uagb-block-61c3fd7a alignfull uagb-is-root-container\"><div class=\"uagb-container-inner-blocks-wrap\">\n<div class=\"wp-block-uagb-info-box uagb-block-3a2b7719 uagb-infobox__content-wrap  uagb-infobox-icon-above-title uagb-infobox-image-valign-top\"><div class=\"uagb-ifb-content\"><div class=\"uagb-ifb-title-wrap\"><h2 class=\"uagb-ifb-title\">Unsere Reise zum Wohlbefinden<\/h2><\/div><p class=\"uagb-ifb-desc\">Von bescheidenen Anf\u00e4ngen an haben wir Pionierarbeit bei der Entwicklung von Injektionen zur Gewichtsabnahme geleistet, die der Verbesserung von Gesundheit und Wohlbefinden dienen.<\/p><\/div><\/div>\n\n\n\n<div class=\"wp-block-uagb-container uagb-block-22f5934f\">\n<div class=\"wp-block-uagb-container uagb-layout-grid uagb-block-7d6c4fe6\">\n<div class=\"wp-block-uagb-counter uagb-block-6284027c wp-block-uagb-counter--number\"><div class=\"wp-block-uagb-counter__number\"><span class=\"uagb-counter-block-number\" data-duration=\"1.5\" data-to-value=\"6\" data-from-value=\"0\" data-delimiter=\",\"><\/span><span class=\"uagb-counter-block-suffix\">+<\/span><\/div><div class=\"wp-block-uagb-counter__title\">Erfahrung<\/div><\/div>\n\n\n\n<div class=\"wp-block-uagb-advanced-heading uagb-block-29902d4e\"><p class=\"uagb-heading-text\">\u00dcber ein Jahrzehnt Erfahrung in der Bereitstellung innovativer L\u00f6sungen zur Gewichtsreduktion.<\/p><\/div>\n<\/div>\n\n\n\n<div class=\"wp-block-uagb-container uagb-layout-grid uagb-block-a2a3a809\">\n<div class=\"wp-block-uagb-counter uagb-block-47bdbd76 wp-block-uagb-counter--number\"><div class=\"wp-block-uagb-counter__number\"><span class=\"uagb-counter-block-number\" data-duration=\"1.5\" data-to-value=\"1907\" data-from-value=\"0\" data-delimiter=\",\"><\/span><span class=\"uagb-counter-block-suffix\">+<\/span><\/div><div class=\"wp-block-uagb-counter__title\">Zufriedene Kunden<\/div><\/div>\n\n\n\n<div class=\"wp-block-uagb-advanced-heading uagb-block-e6ec6afe\"><p class=\"uagb-heading-text\">Unser Team besteht aus erfahrenen Fachleuten, die sich daf\u00fcr einsetzen, Kunden beim Erreichen ihrer Abnehmziele zu unterst\u00fctzen.<\/p><\/div>\n<\/div>\n\n\n\n<div class=\"wp-block-uagb-container uagb-layout-grid uagb-block-488ab899\">\n<div class=\"wp-block-uagb-counter uagb-block-9cfbb71f wp-block-uagb-counter--number\"><div class=\"wp-block-uagb-counter__number\"><span class=\"uagb-counter-block-number\" data-duration=\"1.5\" data-to-value=\"27\" data-from-value=\"0\" data-delimiter=\",\"><\/span><\/div><div class=\"wp-block-uagb-counter__title\">Mitarbeiter<\/div><\/div>\n\n\n\n<div class=\"wp-block-uagb-advanced-heading uagb-block-ecf4b2dd\"><p class=\"uagb-heading-text\">Wir verf\u00fcgen \u00fcber ein engagiertes Team von Spezialisten, die w\u00e4hrend des gesamten Abnehmprozesses individuelle Unterst\u00fctzung und Anleitung bieten.<\/p><\/div>\n<\/div>\n<\/div>\n\n\n\n<h2 class=\"wp-block-heading\"><\/h2>\n\n\n\n<p><br>F\u00e4llt es Ihnen schwer, Ihre Abnehmziele allein durch Di\u00e4t und Bewegung zu erreichen? <a href=\"https:\/\/onlinepharm.eu\/en\/shop\/\">Injektionen zur Gewichtsabnahme<\/a> haben sich als beliebte und wirksame L\u00f6sung f\u00fcr Personen herausgestellt, die zus\u00e4tzliche Pfunde verlieren m\u00f6chten. In diesem Artikel tauchen wir in die Welt der Injektionen zur Gewichtsreduktion ein und untersuchen deren Vorteile, Arten und m\u00f6gliche Nebenwirkungen. wegovy<\/p>\n<\/div><\/div>\n\n\n\n<div class=\"wp-block-uagb-container uagb-block-17365e7d alignfull uagb-is-root-container\"><div class=\"uagb-container-inner-blocks-wrap\">\n<div class=\"wp-block-uagb-advanced-heading uagb-block-ab53c455\"><h2 class=\"uagb-heading-text\">Lernen Sie unser Top-Personal kennen<\/h2><p class=\"uagb-desc-text\">Leidenschaftliche Experten, die Ver\u00e4nderungen bei der Gewichtsabnahme vorantreiben und das Leben verbessern.<\/p><\/div>\n\n\n\n<div class=\"wp-block-uagb-container uagb-block-113b0341\">\n<div class=\"wp-block-uagb-container uagb-block-c85e9c9e\">\n<div class=\"wp-block-uagb-image aligncenter uagb-block-22c137fb wp-block-uagb-image--layout-default wp-block-uagb-image--effect-static wp-block-uagb-image--align-center\"><figure class=\"wp-block-uagb-image__figure\"><img decoding=\"async\" srcset=\"https:\/\/onlinepharm.eu\/wp-content\/uploads\/2024\/07\/femalemanager-1024x689.jpg ,https:\/\/onlinepharm.eu\/wp-content\/uploads\/2024\/07\/femalemanager.jpg 780w, https:\/\/onlinepharm.eu\/wp-content\/uploads\/2024\/07\/femalemanager.jpg 360w\" sizes=\"auto, (max-width: 480px) 150px\" src=\"https:\/\/onlinepharm.eu\/wp-content\/uploads\/2024\/07\/femalemanager-1024x689.jpg\" alt=\"\" class=\"uag-image-1640\" width=\"100\" height=\"100\" title=\"femalemanager\" loading=\"lazy\" role=\"img\"\/><\/figure><\/div>\n\n\n\n<div class=\"wp-block-uagb-advanced-heading uagb-block-2605b57d\"><h3 class=\"uagb-heading-text\">Rafar Bagheri<\/h3><p class=\"uagb-desc-text\">Gr\u00fcnderin<\/p><\/div>\n<\/div>\n\n\n\n<div class=\"wp-block-uagb-container uagb-block-00308c33\">\n<div class=\"wp-block-uagb-image aligncenter uagb-block-eb914272 wp-block-uagb-image--layout-default wp-block-uagb-image--effect-static wp-block-uagb-image--align-center\"><figure class=\"wp-block-uagb-image__figure\"><img decoding=\"async\" srcset=\"https:\/\/onlinepharm.eu\/wp-content\/uploads\/2024\/07\/button-pic-kevin-roper-lead-medicines-management-technician-pharmacy-north.jpg ,https:\/\/onlinepharm.eu\/wp-content\/uploads\/2024\/07\/button-pic-kevin-roper-lead-medicines-management-technician-pharmacy-north.jpg 780w, https:\/\/onlinepharm.eu\/wp-content\/uploads\/2024\/07\/button-pic-kevin-roper-lead-medicines-management-technician-pharmacy-north.jpg 360w\" sizes=\"auto, (max-width: 480px) 150px\" src=\"https:\/\/onlinepharm.eu\/wp-content\/uploads\/2024\/07\/button-pic-kevin-roper-lead-medicines-management-technician-pharmacy-north.jpg\" alt=\"\" class=\"uag-image-1639\" width=\"100\" height=\"100\" title=\"NHS-Trust\" loading=\"lazy\" role=\"img\"\/><\/figure><\/div>\n\n\n\n<div class=\"wp-block-uagb-advanced-heading uagb-block-165e5b12\"><h3 class=\"uagb-heading-text\">Franklin Hussein<\/h3><p class=\"uagb-desc-text\">Verkaufsleiter<\/p><\/div>\n<\/div>\n\n\n\n<div class=\"wp-block-uagb-container uagb-block-538a48d1\">\n<div class=\"wp-block-uagb-image aligncenter uagb-block-35960dc2 wp-block-uagb-image--layout-default wp-block-uagb-image--effect-static wp-block-uagb-image--align-center\"><figure class=\"wp-block-uagb-image__figure\"><img decoding=\"async\" srcset=\"https:\/\/onlinepharm.eu\/wp-content\/uploads\/2024\/07\/Broadway-Pharmacy-with-Cure-Clinics-Vivienne-Ball-April-2021.jpg ,https:\/\/onlinepharm.eu\/wp-content\/uploads\/2024\/07\/Broadway-Pharmacy-with-Cure-Clinics-Vivienne-Ball-April-2021.jpg 780w, https:\/\/onlinepharm.eu\/wp-content\/uploads\/2024\/07\/Broadway-Pharmacy-with-Cure-Clinics-Vivienne-Ball-April-2021.jpg 360w\" sizes=\"auto, (max-width: 480px) 150px\" src=\"https:\/\/onlinepharm.eu\/wp-content\/uploads\/2024\/07\/Broadway-Pharmacy-with-Cure-Clinics-Vivienne-Ball-April-2021.jpg\" alt=\"what is the cheapest weight loss injection without insurance\" class=\"uag-image-1641\" width=\"100\" height=\"100\" title=\"Broadway-Apotheke-mit-Kur-Kliniken-Vivienne-Ball-April-2021\" loading=\"lazy\" role=\"img\"\/><\/figure><\/div>\n\n\n\n<div class=\"wp-block-uagb-advanced-heading uagb-block-7d9b0bd1\"><h3 class=\"uagb-heading-text\">Andreja Ryder<\/h3><p class=\"uagb-desc-text\">Verschreibender<\/p><\/div>\n<\/div>\n\n\n\n<div class=\"wp-block-uagb-container uagb-block-ae74e417\">\n<div class=\"wp-block-uagb-image aligncenter uagb-block-1396f339 wp-block-uagb-image--layout-default wp-block-uagb-image--effect-static wp-block-uagb-image--align-center\"><figure class=\"wp-block-uagb-image__figure\"><img decoding=\"async\" srcset=\"https:\/\/onlinepharm.eu\/wp-content\/uploads\/2024\/07\/665861ab871b7e176bc46ab6_pharmacy-manager-interview-questions-1.jpg ,https:\/\/onlinepharm.eu\/wp-content\/uploads\/2024\/07\/665861ab871b7e176bc46ab6_pharmacy-manager-interview-questions-1.jpg 780w, https:\/\/onlinepharm.eu\/wp-content\/uploads\/2024\/07\/665861ab871b7e176bc46ab6_pharmacy-manager-interview-questions-1.jpg 360w\" sizes=\"auto, (max-width: 480px) 150px\" src=\"https:\/\/onlinepharm.eu\/wp-content\/uploads\/2024\/07\/665861ab871b7e176bc46ab6_pharmacy-manager-interview-questions-1.jpg\" alt=\"weekly weight loss injection\" class=\"uag-image-1642\" width=\"100\" height=\"100\" title=\"665861ab871b7e176bc46ab6_pharmacy-manager-interview-questions-1\" loading=\"lazy\" role=\"img\"\/><\/figure><\/div>\n\n\n\n<div class=\"wp-block-uagb-advanced-heading uagb-block-a3ee4980\"><h3 class=\"uagb-heading-text\">David Halsall<\/h3><p class=\"uagb-desc-text\">Verschreibender<\/p><\/div>\n<\/div>\n<\/div>\n\n\n\n<div class=\"wp-block-uagb-container uagb-block-39413eef\">\n<h2 class=\"wp-block-heading\">Was sind Injektionen zur Gewichtsreduktion?<\/h2>\n\n\n\n<p>Injektionen zur Gewichtsabnahme sind medizinische Behandlungen, bei denen dem K\u00f6rper eine L\u00f6sung verabreicht wird, um die Gewichtsabnahme zu unterst\u00fctzen. Diese Injektionen wirken, indem sie den Appetit unterdr\u00fccken, den Stoffwechsel steigern oder die Fettaufnahme verringern.<\/p>\n\n\n\n<h2 class=\"wp-block-heading\">Arten von Injektionen zur Gewichtsreduktion:<\/h2>\n\n\n\n<ol class=\"wp-block-list\">\n<li>Semaglutid-Injektionen: Semaglutid, verkauft unter dem Markennamen Wegovy, ist ein Glucagon-\u00e4hnlicher Peptid-1 (GLP-1)-Rezeptor-Agonist, der hilft, den Hunger zu reduzieren und das S\u00e4ttigungsgef\u00fchl zu steigern.<\/li>\n\n\n\n<li>Lipotrope Injektionen: Lipotrope Injektionen enthalten eine Kombination aus Vitaminen und Aminos\u00e4uren, die den Fettstoffwechsel und die Energieproduktion steigern.<\/li>\n\n\n\n<li>HCG-Injektionen: Injektionen mit humanem Choriongonadotropin (HCG) regen den K\u00f6rper an, Fett zur Energiegewinnung zu verbrennen, und f\u00f6rdern so den Gewichtsverlust<a href=\"https:\/\/app.seositecheckup.com\/\" target=\"_blank\" rel=\"noopener\">.<\/a><\/li>\n<\/ol>\n\n\n\n<h2 class=\"wp-block-heading\">Vorteile von Injektionen zur Gewichtsreduktion:<\/h2>\n\n\n\n<ul class=\"wp-block-list\">\n<li>Effektive Ergebnisse beim Abnehmen<\/li>\n\n\n\n<li>Reduzierter Appetit und gesteigertes S\u00e4ttigungsgef\u00fchl<\/li>\n\n\n\n<li>Verbesserte Stoffwechselrate<\/li>\n\n\n\n<li>Erh\u00f6htes Energieniveau<\/li>\n\n\n\n<li>Minimalinvasiver und schmerzloser Eingriff<\/li>\n<\/ul>\n\n\n\n<h2 class=\"wp-block-heading\">M\u00f6gliche Nebenwirkungen:<\/h2>\n\n\n\n<ul class=\"wp-block-list\">\n<li>\u00dcbelkeit und Erbrechen<\/li>\n\n\n\n<li>Durchfall und Bauchschmerzen<\/li>\n\n\n\n<li>Kopfschmerzen und M\u00fcdigkeit<\/li>\n\n\n\n<li>Reaktionen an der Injektionsstelle<\/li>\n<\/ul>\n\n\n\n<h2 class=\"wp-block-heading\">Abschluss:<\/h2>\n\n\n\n<p>Injektionen zur Gewichtsreduzierung sind eine vielversprechende L\u00f6sung f\u00fcr Menschen, die mit dem Erreichen ihrer Ziele k\u00e4mpfen. Wenn Sie die Vorteile und Arten von Injektionen zur Gewichtsabnahme kennen, k\u00f6nnen Sie eine fundierte Entscheidung dar\u00fcber treffen, ob diese Behandlung f\u00fcr Sie geeignet ist. Lassen Sie sich von einer medizinischen Fachkraft beraten, um die beste Vorgehensweise f\u00fcr Ihre Gewichtsabnahme zu bestimmen. <a href=\"https:\/\/consultaremedios.com.br\/mounjaro\/bula\" target=\"_blank\" rel=\"noopener\">Reise<\/a>.<\/p>\n<\/div>\n<\/div><\/div>\n\n\n\n<div class=\"wp-block-uagb-container uagb-block-d7b60fd6 alignfull uagb-is-root-container\"><div class=\"uagb-container-inner-blocks-wrap\">\n<div class=\"wp-block-uagb-info-box uagb-block-6fdc34d4 uagb-infobox__content-wrap  uagb-infobox-icon-above-title uagb-infobox-image-valign-top\"><div class=\"uagb-ifb-content\"><div class=\"uagb-ifb-title-wrap\"><h2 class=\"uagb-ifb-title\">Sind Sie bereit, Ihre Reise zur Gewichtsabnahme zu beginnen?<\/h2><\/div><p class=\"uagb-ifb-desc\">Online Pharm is a trusted provider of high-quality weight loss injections, helping individuals achieve their weight loss goals.<\/p><div class=\"uagb-ifb-button-wrapper wp-block-button\"><a href=\"https:\/\/onlinepharm.eu\/en\/shop\/\" class=\"uagb-infobox-cta-link wp-block-button__link\" target=\"_self\" rel=\"noopener noreferrer\" onclick=\"return true;\"><span class=\"uagb-inline-editing\">Jetzt einkaufen<\/span><\/a><\/div><\/div><\/div>\n<\/div><\/div>","protected":false},"excerpt":{"rendered":"<p>cheapest Mounjaro injection. Transformation through Weight Loss Injections About Online Pharm EU Empowering clients with effective weight loss solutions, achieving [&hellip;]<\/p>","protected":false},"author":1,"featured_media":0,"parent":0,"menu_order":0,"comment_status":"closed","ping_status":"closed","template":"","meta":{"_uag_custom_page_level_css":"","site-sidebar-layout":"default","site-content-layout":"","ast-site-content-layout":"","site-content-style":"default","site-sidebar-style":"default","ast-global-header-display":"","ast-banner-title-visibility":"","ast-main-header-display":"","ast-hfb-above-header-display":"","ast-hfb-below-header-display":"","ast-hfb-mobile-header-display":"","site-post-title":"disabled","ast-breadcrumbs-content":"","ast-featured-img":"","footer-sml-layout":"","theme-transparent-header-meta":"","adv-header-id-meta":"","stick-header-meta":"","header-above-stick-meta":"","header-main-stick-meta":"","header-below-stick-meta":"","astra-migrate-meta-layouts":"default","ast-page-background-enabled":"default","ast-page-background-meta":{"desktop":{"background-color":"var(--ast-global-color-4)","background-image":"","background-repeat":"repeat","background-position":"center center","background-size":"auto","background-attachment":"scroll","background-type":"","background-media":"","overlay-type":"","overlay-color":"","overlay-opacity":"","overlay-gradient":""},"tablet":{"background-color":"","background-image":"","background-repeat":"repeat","background-position":"center center","background-size":"auto","background-attachment":"scroll","background-type":"","background-media":"","overlay-type":"","overlay-color":"","overlay-opacity":"","overlay-gradient":""},"mobile":{"background-color":"","background-image":"","background-repeat":"repeat","background-position":"center center","background-size":"auto","background-attachment":"scroll","background-type":"","background-media":"","overlay-type":"","overlay-color":"","overlay-opacity":"","overlay-gradient":""}},"ast-content-background-meta":{"desktop":{"background-color":"var(--ast-global-color-5)","background-image":"","background-repeat":"repeat","background-position":"center center","background-size":"auto","background-attachment":"scroll","background-type":"","background-media":"","overlay-type":"","overlay-color":"","overlay-opacity":"","overlay-gradient":""},"tablet":{"background-color":"var(--ast-global-color-5)","background-image":"","background-repeat":"repeat","background-position":"center center","background-size":"auto","background-attachment":"scroll","background-type":"","background-media":"","overlay-type":"","overlay-color":"","overlay-opacity":"","overlay-gradient":""},"mobile":{"background-color":"var(--ast-global-color-5)","background-image":"","background-repeat":"repeat","background-position":"center center","background-size":"auto","background-attachment":"scroll","background-type":"","background-media":"","overlay-type":"","overlay-color":"","overlay-opacity":"","overlay-gradient":""}},"footnotes":""},"class_list":["post-24","page","type-page","status-publish","hentry"],"uagb_featured_image_src":{"full":false,"thumbnail":false,"medium":false,"medium_large":false,"large":false,"1536x1536":false,"2048x2048":false,"trp-custom-language-flag":false,"woocommerce_thumbnail":false,"woocommerce_single":false,"woocommerce_gallery_thumbnail":false},"uagb_author_info":{"display_name":"weightandfat","author_link":"https:\/\/onlinepharm.eu\/de\/author\/weightandfat\/"},"uagb_comment_info":0,"uagb_excerpt":"cheapest Mounjaro injection. Transformation through Weight Loss Injections About Online Pharm EU Empowering clients with effective weight loss solutions, achieving [&hellip;]","_links":{"self":[{"href":"https:\/\/onlinepharm.eu\/de\/wp-json\/wp\/v2\/pages\/24","targetHints":{"allow":["GET"]}}],"collection":[{"href":"https:\/\/onlinepharm.eu\/de\/wp-json\/wp\/v2\/pages"}],"about":[{"href":"https:\/\/onlinepharm.eu\/de\/wp-json\/wp\/v2\/types\/page"}],"author":[{"embeddable":true,"href":"https:\/\/onlinepharm.eu\/de\/wp-json\/wp\/v2\/users\/1"}],"replies":[{"embeddable":true,"href":"https:\/\/onlinepharm.eu\/de\/wp-json\/wp\/v2\/comments?post=24"}],"version-history":[{"count":1,"href":"https:\/\/onlinepharm.eu\/de\/wp-json\/wp\/v2\/pages\/24\/revisions"}],"predecessor-version":[{"id":2481,"href":"https:\/\/onlinepharm.eu\/de\/wp-json\/wp\/v2\/pages\/24\/revisions\/2481"}],"wp:attachment":[{"href":"https:\/\/onlinepharm.eu\/de\/wp-json\/wp\/v2\/media?parent=24"}],"curies":[{"name":"wp","href":"https:\/\/api.w.org\/{rel}","templated":true}]}}