{"id":2305,"date":"2025-03-26T03:43:18","date_gmt":"2025-03-26T03:43:18","guid":{"rendered":"https:\/\/weightlossandfatloss.com\/?page_id=2305"},"modified":"2025-03-26T03:43:20","modified_gmt":"2025-03-26T03:43:20","slug":"ozempic-injektion","status":"publish","type":"page","link":"https:\/\/onlinepharm.eu\/de\/ozempic-injektion\/","title":{"rendered":"Ozempic"},"content":{"rendered":"<div class=\"wp-block-uagb-advanced-heading uagb-block-87f2c092\"><h1 class=\"uagb-heading-text\">Ozempic Injektion<\/h1><\/div>\n\n\n\n<div class=\"wp-block-uagb-image uagb-block-9fdb3455 wp-block-uagb-image--layout-default wp-block-uagb-image--effect-static wp-block-uagb-image--align-none\"><figure class=\"wp-block-uagb-image__figure\"><img decoding=\"async\" srcset=\"https:\/\/onlinepharm.eu\/wp-content\/uploads\/2024\/08\/buy-ozempic-Netherland.webp ,https:\/\/onlinepharm.eu\/wp-content\/uploads\/2024\/08\/buy-ozempic-Netherland.webp 780w, https:\/\/onlinepharm.eu\/wp-content\/uploads\/2024\/08\/buy-ozempic-Netherland.webp 360w\" sizes=\"auto, (max-width: 480px) 150px\" src=\"https:\/\/onlinepharm.eu\/wp-content\/uploads\/2024\/08\/buy-ozempic-Netherland.webp\" alt=\"Ozempic Injektion\" class=\"uag-image-1781\" width=\"1000\" height=\"563\" title=\"kaufen ozempic europa\" loading=\"lazy\" role=\"img\"\/><\/figure><\/div>\n\n\n\n<div class=\"wp-block-uagb-advanced-heading uagb-block-dddb48d4\"><h2 class=\"uagb-heading-text\">Was ist Ozempic?<\/h2><\/div>\n\n\n\n<p><a href=\"https:\/\/onlinepharm.eu\/en\/product-category\/ozempic-kopen-nederland\/\">Ozempic<\/a> ist ein Markenname f\u00fcr das Medikament Semaglutid, das haupts\u00e4chlich zur Behandlung von Typ-2-Diabetes und zur Gewichtskontrolle eingesetzt wird. Es tr\u00e4gt zur Regulierung des Blutzuckerspiegels bei, indem es die Wirkung des Hormons GLP-1 nachahmt, das die Insulinproduktion erh\u00f6ht und die Glukagonaussch\u00fcttung als Reaktion auf Mahlzeiten verringert. Diese doppelte Wirkung tr\u00e4gt zur Senkung des Blutzuckerspiegels bei und f\u00f6rdert die Gewichtsabnahme.<\/p>\n\n\n\n<div class=\"wp-block-uagb-advanced-heading uagb-block-7a29d4fe\"><h2 class=\"uagb-heading-text\">Wie funktioniert Ozempic?<\/h2><\/div>\n\n\n\n<p>Ozempic unterst\u00fctzt die Gewichtsabnahme, indem es den Appetit reduziert und das S\u00e4ttigungsgef\u00fchl erh\u00f6ht. Es wirkt durch zwei prim\u00e4re Mechanismen:<\/p>\n\n\n\n<ul class=\"wp-block-list\">\n<li>Stimulierung der Insulinproduktion: Ozempic ahmt das Hormon GLP-1 nach, das dazu beitr\u00e4gt, die Insulinproduktion nach den Mahlzeiten zu erh\u00f6hen und den Blutzuckerspiegel zu senken.<\/li>\n\n\n\n<li>Reduziert den Appetit: Es verlangsamt auch die Magenentleerung, so dass Sie sich l\u00e4nger satt f\u00fchlen, was die Nahrungsaufnahme reduziert und die Gewichtsabnahme f\u00f6rdert.<\/li>\n<\/ul>\n\n\n\n<div class=\"wp-block-uagb-advanced-heading uagb-block-9d2015e4\"><h2 class=\"uagb-heading-text\">Wo kann man Ozempic kaufen?<\/h2><\/div>\n\n\n\n<p>Ozempic ist in den Niederlanden erh\u00e4ltlich, aber rezeptpflichtig. Sie k\u00f6nnen einen Termin mit einem Gesundheitsdienstleister vereinbaren, um festzustellen, ob Ozempic f\u00fcr Sie geeignet ist. Es ist wichtig, dass Sie es \u00fcber legale medizinische Kan\u00e4le beziehen, um die Sicherheit und Wirksamkeit zu gew\u00e4hrleisten.<\/p>\n\n\n\n<div class=\"wp-block-uagb-advanced-heading uagb-block-a7d2d592\"><h2 class=\"uagb-heading-text\">M\u00f6gliche Nebenwirkungen<\/h2><\/div>\n\n\n\n<p>H\u00e4ufige Nebenwirkungen von Ozempic sind \u00dcbelkeit, Erbrechen, Durchfall und Verstopfung. Diese Nebenwirkungen sind in der Regel leicht und klingen oft mit der Zeit ab. Es ist jedoch wichtig, dass Sie alle Nebenwirkungen mit Ihrem Arzt besprechen.<\/p>\n\n\n\n<div class=\"wp-block-uagb-advanced-heading uagb-block-21a1e866\"><h2 class=\"uagb-heading-text\">Ozempic Injektion und Gewichtsabnahme<\/h2><\/div>\n\n\n\n<p>Ozempic hat bei fettleibigen oder \u00fcbergewichtigen Menschen signifikante Ergebnisse bei der Gewichtsabnahme gezeigt. Klinische Studien zeigen, dass Menschen, die Ozempic verwenden, bis zu 14,9% ihres K\u00f6rpergewichts verlieren k\u00f6nnen. Dies macht Ozempic zu einem wirksamen Mittel bei der Behandlung von Typ-2-Diabetes und <a href=\"https:\/\/www.healthline.com\/health\/drugs\/ozempic\" target=\"_blank\" rel=\"noopener\">Fettleibigkeit<\/a>.<\/p>\n\n\n\n<div class=\"wp-block-uagb-advanced-heading uagb-block-316f08fe\"><h2 class=\"uagb-heading-text\">Wie verwendet man Ozempic?<\/h2><\/div>\n\n\n\n<p>Ozempic wird in der Regel einmal w\u00f6chentlich per Injektion verabreicht. Es ist wichtig, dass Sie die Dosierungs- und Verabreichungsanweisungen Ihres Arztes sorgf\u00e4ltig befolgen, um die besten Ergebnisse zu erzielen. Passen Sie die Dosis niemals ohne R\u00fccksprache mit Ihrem Arzt an.<\/p>\n\n\n\n<div class=\"wp-block-uagb-advanced-heading uagb-block-25d2f08b\"><h2 class=\"uagb-heading-text\">H\u00e4ufig gestellte Fragen (FAQ)<\/h2><\/div>\n\n\n\n<div class=\"wp-block-uagb-advanced-heading uagb-block-3291a6a9\"><h3 class=\"uagb-heading-text\">Wie viel Gewicht kann man mit Ozempic verlieren?<\/h3><\/div>\n\n\n\n<p>Ozempic und \u00e4hnliche Medikamente bewirken jetzt einen durchschnittlichen Gewichtsverlust von\u00a0<strong>15 bis 20 Prozent<\/strong>deutlich h\u00f6her als bei fr\u00fcheren Optionen. Etwa ein Drittel verliert rund 10 Prozent seines K\u00f6rpergewichts.<\/p>\n\n\n\n<div class=\"wp-block-uagb-advanced-heading uagb-block-6d4a170d\"><h3 class=\"uagb-heading-text\">Was sind die Nebenwirkungen von Ozempic?<\/h3><\/div>\n\n\n\n<p>H\u00e4ufige Nebenwirkungen sind \u00dcbelkeit, Erbrechen, Durchfall und Verstopfung. Es ist wichtig, dass Sie alle Nebenwirkungen mit Ihrem medizinischen Betreuer besprechen.<\/p>\n\n\n\n<div class=\"wp-block-uagb-advanced-heading uagb-block-8adc6e52\"><h3 class=\"uagb-heading-text\">Ist Ozempic rezeptfrei erh\u00e4ltlich?<\/h3><\/div>\n\n\n\n<p>Nein, Ozempic ist rezeptpflichtig und muss \u00fcber legale medizinische Kan\u00e4le bezogen werden, um Sicherheit und Wirksamkeit zu gew\u00e4hrleisten.<\/p>\n\n\n\n<div class=\"wp-block-uagb-advanced-heading uagb-block-51e4011a\"><h3 class=\"uagb-heading-text\">Wo kann man Ozempic online kaufen?<\/h3><\/div>\n\n\n\n<p>Ozempic kann online bei unserer zertifizierten Apotheke in den Niederlanden, Spanien und Deutschland gekauft werden, sofern Sie ein g\u00fcltiges Rezept haben.<\/p>\n\n\n\n<div class=\"wp-block-uagb-advanced-heading uagb-block-18c652dd\"><h3 class=\"uagb-heading-text\">Wie hilft Ozempic bei der Gewichtsabnahme?<\/h3><\/div>\n\n\n\n<p>Ozempic hilft bei der Gewichtsabnahme, indem es den Appetit reduziert und das S\u00e4ttigungsgef\u00fchl steigert, was zu einer geringeren Nahrungsaufnahme f\u00fchrt.<\/p>\n\n\n\n<div class=\"wp-block-uagb-advanced-heading uagb-block-a2e6280e\"><h4 class=\"uagb-heading-text\">Aufruf zum Handeln<\/h4><\/div>\n\n\n\n<p>Sind Sie daran interessiert, wie Ozempic Ihnen helfen kann, Ihre Ziele in Bezug auf Gesundheit und Gewichtsabnahme zu erreichen? Wenn ja, wenden Sie sich f\u00fcr ein Beratungsgespr\u00e4ch an eine qualifizierte medizinische Fachkraft. Vergewissern Sie sich, dass Sie die medizinischen Kriterien erf\u00fcllen und besprechen Sie die M\u00f6glichkeiten und Nebenwirkungen gr\u00fcndlich mit Ihrem Arzt.<\/p>\n\n\n\n<p>F\u00fcr weitere Informationen und Aktualisierungen zu <a href=\"https:\/\/onlinepharm.eu\/en\/product-category\/ozempic-kopen-nederland\/\">Ozempic's<\/a> Verf\u00fcgbarkeit, besuchen Sie unsere Website regelm\u00e4\u00dfig und halten Sie sich \u00fcber die neuesten Entwicklungen auf dem Laufenden.<\/p>\n\n\n\n<div class=\"wp-block-uagb-container uagb-block-5a63678d alignfull uagb-is-root-container\"><div class=\"uagb-container-inner-blocks-wrap\">\n<div class=\"wp-block-uagb-container uagb-block-cc31ef61\">\n<div class=\"wp-block-uagb-image uagb-block-6a819919 wp-block-uagb-image--layout-default wp-block-uagb-image--effect-static wp-block-uagb-image--align-none\"><figure class=\"wp-block-uagb-image__figure\"><img decoding=\"async\" srcset=\"https:\/\/onlinepharm.eu\/wp-content\/uploads\/2024\/09\/Weightloss-fatloss-1.png ,https:\/\/onlinepharm.eu\/wp-content\/uploads\/2024\/09\/Weightloss-fatloss-1.png 780w, https:\/\/onlinepharm.eu\/wp-content\/uploads\/2024\/09\/Weightloss-fatloss-1.png 360w\" sizes=\"auto, (max-width: 480px) 150px\" src=\"https:\/\/onlinepharm.eu\/wp-content\/uploads\/2024\/09\/Weightloss-fatloss-1.png\" alt=\"Gewichtsabnahme und Fettabbau\" class=\"uag-image-1818\" width=\"500\" height=\"500\" title=\"Gewichtsabnahme und Fettabbau\" loading=\"lazy\" role=\"img\"\/><\/figure><\/div>\n<\/div>\n\n\n\n<div class=\"wp-block-uagb-container uagb-block-1c6e11d3\">\n<div class=\"wp-block-uagb-image uagb-block-f3529d19 wp-block-uagb-image--layout-default wp-block-uagb-image--effect-static wp-block-uagb-image--align-none\"><figure class=\"wp-block-uagb-image__figure\"><img decoding=\"async\" srcset=\"https:\/\/onlinepharm.eu\/wp-content\/uploads\/2024\/07\/Ozempic-Injection-Semaglutide-Injection-Pack-of-1-Pre-filled-Pen-3-1024x1024.jpg ,https:\/\/onlinepharm.eu\/wp-content\/uploads\/2024\/07\/Ozempic-Injection-Semaglutide-Injection-Pack-of-1-Pre-filled-Pen-3.jpg 780w, https:\/\/onlinepharm.eu\/wp-content\/uploads\/2024\/07\/Ozempic-Injection-Semaglutide-Injection-Pack-of-1-Pre-filled-Pen-3.jpg 360w\" sizes=\"auto, (max-width: 480px) 150px\" src=\"https:\/\/onlinepharm.eu\/wp-content\/uploads\/2024\/07\/Ozempic-Injection-Semaglutide-Injection-Pack-of-1-Pre-filled-Pen-3-1024x1024.jpg\" alt=\"\" class=\"uag-image-1614\" width=\"1024\" height=\"1024\" title=\"Ozempic-Injektion-Semaglutid-Injektion-Packung-1-vorgef\u00fcllter-Pen-3\" loading=\"lazy\" role=\"img\"\/><\/figure><\/div>\n<\/div>\n\n\n\n<div class=\"wp-block-uagb-container uagb-block-029eda54\">\n<div class=\"wp-block-uagb-image uagb-block-c4b2b218 wp-block-uagb-image--layout-default wp-block-uagb-image--effect-static wp-block-uagb-image--align-none\"><figure class=\"wp-block-uagb-image__figure\"><img decoding=\"async\" srcset=\"https:\/\/onlinepharm.eu\/wp-content\/uploads\/2024\/07\/cropped-losing-weight-for-no-reason.avif ,https:\/\/onlinepharm.eu\/wp-content\/uploads\/2024\/07\/cropped-losing-weight-for-no-reason.avif 780w, https:\/\/onlinepharm.eu\/wp-content\/uploads\/2024\/07\/cropped-losing-weight-for-no-reason.avif 360w\" sizes=\"auto, (max-width: 480px) 150px\" src=\"https:\/\/onlinepharm.eu\/wp-content\/uploads\/2024\/07\/cropped-losing-weight-for-no-reason.avif\" alt=\"Ozempic comprar\" class=\"uag-image-1800\" width=\"512\" height=\"512\" title=\"Ozempic comprar\" loading=\"lazy\" role=\"img\"\/><\/figure><\/div>\n<\/div>\n<\/div><\/div>","protected":false},"excerpt":{"rendered":"<p>Ozempic Injection What is Ozempic? Ozempic is a brand name for the drug Semaglutide, which is mainly used to treat [&hellip;]<\/p>","protected":false},"author":1,"featured_media":0,"parent":0,"menu_order":0,"comment_status":"closed","ping_status":"closed","template":"","meta":{"_uag_custom_page_level_css":"","site-sidebar-layout":"default","site-content-layout":"","ast-site-content-layout":"","site-content-style":"default","site-sidebar-style":"default","ast-global-header-display":"","ast-banner-title-visibility":"","ast-main-header-display":"","ast-hfb-above-header-display":"","ast-hfb-below-header-display":"","ast-hfb-mobile-header-display":"","site-post-title":"disabled","ast-breadcrumbs-content":"","ast-featured-img":"","footer-sml-layout":"","theme-transparent-header-meta":"","adv-header-id-meta":"","stick-header-meta":"","header-above-stick-meta":"","header-main-stick-meta":"","header-below-stick-meta":"","astra-migrate-meta-layouts":"default","ast-page-background-enabled":"default","ast-page-background-meta":{"desktop":{"background-color":"var(--ast-global-color-4)","background-image":"","background-repeat":"repeat","background-position":"center center","background-size":"auto","background-attachment":"scroll","background-type":"","background-media":"","overlay-type":"","overlay-color":"","overlay-opacity":"","overlay-gradient":""},"tablet":{"background-color":"","background-image":"","background-repeat":"repeat","background-position":"center center","background-size":"auto","background-attachment":"scroll","background-type":"","background-media":"","overlay-type":"","overlay-color":"","overlay-opacity":"","overlay-gradient":""},"mobile":{"background-color":"","background-image":"","background-repeat":"repeat","background-position":"center center","background-size":"auto","background-attachment":"scroll","background-type":"","background-media":"","overlay-type":"","overlay-color":"","overlay-opacity":"","overlay-gradient":""}},"ast-content-background-meta":{"desktop":{"background-color":"var(--ast-global-color-5)","background-image":"","background-repeat":"repeat","background-position":"center center","background-size":"auto","background-attachment":"scroll","background-type":"","background-media":"","overlay-type":"","overlay-color":"","overlay-opacity":"","overlay-gradient":""},"tablet":{"background-color":"var(--ast-global-color-5)","background-image":"","background-repeat":"repeat","background-position":"center center","background-size":"auto","background-attachment":"scroll","background-type":"","background-media":"","overlay-type":"","overlay-color":"","overlay-opacity":"","overlay-gradient":""},"mobile":{"background-color":"var(--ast-global-color-5)","background-image":"","background-repeat":"repeat","background-position":"center center","background-size":"auto","background-attachment":"scroll","background-type":"","background-media":"","overlay-type":"","overlay-color":"","overlay-opacity":"","overlay-gradient":""}},"footnotes":""},"class_list":["post-2305","page","type-page","status-publish","hentry"],"uagb_featured_image_src":{"full":false,"thumbnail":false,"medium":false,"medium_large":false,"large":false,"1536x1536":false,"2048x2048":false,"trp-custom-language-flag":false,"woocommerce_thumbnail":false,"woocommerce_single":false,"woocommerce_gallery_thumbnail":false},"uagb_author_info":{"display_name":"weightandfat","author_link":"https:\/\/onlinepharm.eu\/de\/author\/weightandfat\/"},"uagb_comment_info":0,"uagb_excerpt":"Ozempic Injection What is Ozempic? Ozempic is a brand name for the drug Semaglutide, which is mainly used to treat [&hellip;]","_links":{"self":[{"href":"https:\/\/onlinepharm.eu\/de\/wp-json\/wp\/v2\/pages\/2305","targetHints":{"allow":["GET"]}}],"collection":[{"href":"https:\/\/onlinepharm.eu\/de\/wp-json\/wp\/v2\/pages"}],"about":[{"href":"https:\/\/onlinepharm.eu\/de\/wp-json\/wp\/v2\/types\/page"}],"author":[{"embeddable":true,"href":"https:\/\/onlinepharm.eu\/de\/wp-json\/wp\/v2\/users\/1"}],"replies":[{"embeddable":true,"href":"https:\/\/onlinepharm.eu\/de\/wp-json\/wp\/v2\/comments?post=2305"}],"version-history":[{"count":0,"href":"https:\/\/onlinepharm.eu\/de\/wp-json\/wp\/v2\/pages\/2305\/revisions"}],"wp:attachment":[{"href":"https:\/\/onlinepharm.eu\/de\/wp-json\/wp\/v2\/media?parent=2305"}],"curies":[{"name":"wp","href":"https:\/\/api.w.org\/{rel}","templated":true}]}}