{"id":2278,"date":"2025-03-26T00:34:53","date_gmt":"2025-03-26T00:34:53","guid":{"rendered":"https:\/\/weightlossandfatloss.com\/?page_id=2278"},"modified":"2025-03-26T02:20:10","modified_gmt":"2025-03-26T02:20:10","slug":"mounjaro-injektion","status":"publish","type":"page","link":"https:\/\/onlinepharm.eu\/de\/mounjaro-injektion\/","title":{"rendered":"mounjaro"},"content":{"rendered":"<div class=\"wp-block-uagb-advanced-heading uagb-block-2f8257a0\"><h1 class=\"uagb-heading-text\">Mounjaro Injektion<\/h1><\/div>\n\n\n\n<div style=\"height:63px\" aria-hidden=\"true\" class=\"wp-block-spacer\"><\/div>\n\n\n\n<div class=\"wp-block-uagb-image aligncenter uagb-block-106d2fa3 wp-block-uagb-image--layout-default wp-block-uagb-image--effect-static wp-block-uagb-image--align-center\"><figure class=\"wp-block-uagb-image__figure\"><img decoding=\"async\" srcset=\"https:\/\/onlinepharm.eu\/wp-content\/uploads\/2024\/07\/1443664020-mounjaro-1024x450.png ,https:\/\/onlinepharm.eu\/wp-content\/uploads\/2024\/07\/1443664020-mounjaro.png 780w, https:\/\/onlinepharm.eu\/wp-content\/uploads\/2024\/07\/1443664020-mounjaro.png 360w\" sizes=\"auto, (max-width: 480px) 150px\" src=\"https:\/\/onlinepharm.eu\/wp-content\/uploads\/2024\/07\/1443664020-mounjaro-1024x450.png\" alt=\"Mounjaro Niederlande\" class=\"uag-image-1719\" width=\"1024\" height=\"450\" title=\"1443664020-mounjaro\" loading=\"lazy\" role=\"img\"\/><\/figure><\/div>\n\n\n\n<div class=\"wp-block-uagb-advanced-heading uagb-block-a55b7f89\"><h2 class=\"uagb-heading-text\"><\/h2><\/div>\n\n\n\n<div class=\"wp-block-uagb-advanced-heading uagb-block-b3c6b8d9\"><h2 class=\"uagb-heading-text\">Was ist Mounjaro?<\/h2><\/div>\n\n\n\n<p>Mounjaro ist ein Markenname f\u00fcr das Medikament Tirzepatide. Es wird zur Behandlung von Typ-2-Diabetes und zur Gewichtskontrolle eingesetzt. Tirzepatid wirkt, indem es den Blutzuckerspiegel senkt und die Insulinproduktion verbessert. Au\u00dferdem hilft es bei der Gewichtsabnahme, was es zu einem beliebten Mittel f\u00fcr fettleibige oder \u00fcbergewichtige Menschen macht. <a href=\"https:\/\/onlinepharm.eu\/en\/product-category\/mounjaro-kopen\/\">Klicken Sie hier<\/a> um Produkte und Preise zu sehen<\/p>\n\n\n\n<div class=\"wp-block-uagb-advanced-heading uagb-block-9d8ff36b\"><h2 class=\"uagb-heading-text\">Wie funktioniert Mounjaro?<\/h2><\/div>\n\n\n\n<p>Mounjaro hilft beim Abnehmen, indem es den Appetit reduziert. Es beeinflusst zwei Hormone:<\/p>\n\n\n\n<ul class=\"wp-block-list\">\n<li>GIP (Glukose-abh\u00e4ngiges insulinotropes Polypeptid): Stimuliert die Insulinproduktion nach dem Essen, was zu einem verst\u00e4rkten S\u00e4ttigungsgef\u00fchl f\u00fchrt.<\/li>\n\n\n\n<li>GLP-1 (Glucagon-\u00e4hnliches Peptid-1): Ahmt die Wirkung von GLP-1 nach und f\u00fchrt ebenfalls zu einem verst\u00e4rkten S\u00e4ttigungsgef\u00fchl und geringerem Appetit.<\/li>\n<\/ul>\n\n\n\n<p>Wo kann man Mounjaro kaufen?<br>Mounjaro ist derzeit noch nicht auf dem niederl\u00e4ndischen Markt erh\u00e4ltlich. Sobald es verf\u00fcgbar ist, ist es rezeptpflichtig. Es ist wichtig, dass Sie einen Termin mit einem Arzt vereinbaren, der Ihre Krankengeschichte auswertet, bevor Sie ein Rezept erhalten k\u00f6nnen. mounjaro nederland<\/p>\n\n\n\n<div class=\"wp-block-uagb-advanced-heading uagb-block-d766768a\"><h2 class=\"uagb-heading-text\">Mounjaro Nebenwirkungen<\/h2><\/div>\n\n\n\n<p>Wie die meisten Arzneimittel kann Mounjaro leichte oder schwere Nebenwirkungen verursachen. Die folgenden Listen beschreiben einige der h\u00e4ufigsten Nebenwirkungen, die Mounjaro verursachen kann. Diese Listen enthalten nicht alle m\u00f6glichen Nebenwirkungen.<\/p>\n\n\n\n<p>Denken Sie daran, dass die Nebenwirkungen eines Arzneimittels davon abh\u00e4ngen k\u00f6nnen:<\/p>\n\n\n\n<p>andere gesundheitliche Probleme, die Sie haben<br>andere Medikamente, die Sie einnehmen<br>Ihr Arzt oder Apotheker kann Ihnen mehr \u00fcber die m\u00f6glichen Nebenwirkungen von Mounjaro sagen. Er kann Ihnen auch vorschlagen, wie Sie Nebenwirkungen verringern k\u00f6nnen.<\/p>\n\n\n\n<div class=\"wp-block-uagb-advanced-heading uagb-block-1df1da9b\"><h3 class=\"uagb-heading-text\">Leichte Nebenwirkungen<br><\/h3><\/div>\n\n\n\n<p>Hier ist eine Liste einiger leichter Nebenwirkungen, die Mounjaro verursachen kann. Um mehr \u00fcber andere leichte Nebenwirkungen zu erfahren, sprechen Sie mit Ihrem Arzt oder Apotheker, oder lesen Sie die Verschreibungsinformationen von Mounjaro.<\/p>\n\n\n\n<p>Zu den leichten Nebenwirkungen von Mounjaro, \u00fcber die berichtet wurde, geh\u00f6ren:<\/p>\n\n\n\n<ul class=\"wp-block-list\">\n<li>\u00dcbelkeit und Erbrechen<\/li>\n\n\n\n<li>Diarrh\u00f6e<\/li>\n\n\n\n<li>verminderter Appetit<\/li>\n\n\n\n<li>Verstopfung<\/li>\n\n\n\n<li>Bauchschmerzen<\/li>\n\n\n\n<li>Reaktionen an der Injektionsstelle<\/li>\n\n\n\n<li>Sodbrennen<\/li>\n\n\n\n<li>leichte allergische Reaktion*<br>Leichte Nebenwirkungen vieler Arzneimittel k\u00f6nnen innerhalb weniger Tage bis Wochen verschwinden. Wenn sie jedoch l\u00e4stig werden, sprechen Sie mit Ihrem Arzt oder Apotheker.<\/li>\n<\/ul>\n\n\n\n<div class=\"wp-block-uagb-advanced-heading uagb-block-838db050\"><h3 class=\"uagb-heading-text\">Schwerwiegende Nebenwirkungen<\/h3><\/div>\n\n\n\n<p>Schwere Nebenwirkungen von Mounjaro k\u00f6nnen auftreten, sind aber nicht h\u00e4ufig. Wenn Sie schwerwiegende Nebenwirkungen von Mounjaro erfahren, rufen Sie sofort Ihren Arzt an. Wenn Sie jedoch glauben, dass Sie einen medizinischen Notfall haben, rufen Sie sofort die 112 oder Ihre \u00f6rtliche Notrufnummer an.<\/p>\n\n\n\n<p>Zu den schwerwiegenden Nebenwirkungen von Mounjaro, \u00fcber die berichtet wurde, geh\u00f6ren:<\/p>\n\n\n\n<ul class=\"wp-block-list\">\n<li>Pankreatitis (Schwellung der Bauchspeicheldr\u00fcse)<\/li>\n\n\n\n<li>Gallenblasenprobleme<\/li>\n\n\n\n<li>Hypoglyk\u00e4mie (Unterzuckerung)<\/li>\n\n\n\n<li>schwerwiegende Nebenwirkungen im Verdauungstrakt, wie starke \u00dcbelkeit, Erbrechen oder Durchfall, die zu Dehydrierung und Nierenproblemen f\u00fchren k\u00f6nnen<\/li>\n\n\n\n<li>eingerahmte Warnung: Risiko von Schilddr\u00fcsenkrebs*<\/li>\n\n\n\n<li>schwere allergische Reaktion\u2020<\/li>\n<\/ul>\n\n\n\n<div class=\"wp-block-uagb-advanced-heading uagb-block-6c997699\"><h2 class=\"uagb-heading-text\">Wie man Mounjaro Injektion verwendet<\/h2><\/div>\n\n\n\n<p>Mounjaro wird in der Regel einmal pro Woche per Injektion verabreicht. Es ist wichtig, dass Sie die Anweisungen Ihres Arztes genau befolgen, um optimale Ergebnisse zu erzielen.<\/p>\n\n\n\n<div class=\"wp-block-uagb-advanced-heading uagb-block-38dd9802\"><h2 class=\"uagb-heading-text\">H\u00e4ufig gestellte Fragen<\/h2><\/div>\n\n\n\n<div class=\"wp-block-uagb-advanced-heading uagb-block-507fad66\"><h3 class=\"uagb-heading-text\">Wie viel Gewicht verliert man mit Mounjaro?<\/h3><\/div>\n\n\n\n<p>Die Forschung zeigt, dass Personen, die Mounjaro einnehmen, durchschnittlich 12,4% ihres K\u00f6rpergewichts verlieren, was mehr ist als bei anderen Medikamenten zur Gewichtsabnahme wie Saxenda.<\/p>\n\n\n\n<div class=\"wp-block-uagb-advanced-heading uagb-block-b640ccd7\"><h3 class=\"uagb-heading-text\">Was ist besser, Mounjaro oder Wegovy?<\/h3><\/div>\n\n\n\n<p>Im Allgemeinen scheint Mounjaro aufgrund des Wirkstoffs Tirzepatid bei der Gewichtsabnahme wirksamer zu sein als Wegovy.<\/p>\n\n\n\n<div class=\"wp-block-uagb-advanced-heading uagb-block-4b9b8b14\"><h3 class=\"uagb-heading-text\">Ist Mounjaro in Europa erh\u00e4ltlich?<\/h3><\/div>\n\n\n\n<p><br>Mounjaro ist derzeit in einigen Teilen Europas mit und ohne Rezept unter \u00e4rztlicher Aufsicht erh\u00e4ltlich. <\/p>\n\n\n\n<div class=\"wp-block-uagb-advanced-heading uagb-block-f57693f7\"><h4 class=\"uagb-heading-text\">Aufruf zum Handeln<\/h4><\/div>\n\n\n\n<p>Interessiert es Sie, wie Mounjaro Ihnen helfen kann, Ihre gesundheitlichen Ziele zu erreichen? Dann wenden Sie sich f\u00fcr ein Beratungsgespr\u00e4ch an einen qualifizierten Gesundheitsdienstleister. Stellen Sie sicher, dass Sie die medizinischen Kriterien erf\u00fcllen und gr\u00fcndlich <a href=\"https:\/\/www.diabetes.org.uk\/about-diabetes\/looking-after-diabetes\/treatments\/tablets-and-medication\/glp-1\/mounjaro\" target=\"_blank\" rel=\"noopener\">diskutieren<\/a> Optionen und Nebenwirkungen mit Ihrem Arzt.<\/p>\n\n\n\n<p>F\u00fcr weitere Informationen und Aktualisierungen \u00fcber die Verf\u00fcgbarkeit von Mounjaro besuchen Sie unsere Website regelm\u00e4\u00dfig und bleiben Sie auf dem Laufenden. Kaufen <a href=\"https:\/\/onlinepharm.eu\/en\/product-category\/mounjaro-kopen\/\">mounjaro<\/a><\/p>\n\n\n\n<div class=\"wp-block-uagb-container uagb-block-7cae2c60 alignfull uagb-is-root-container\"><div class=\"uagb-container-inner-blocks-wrap\">\n<div class=\"wp-block-uagb-container uagb-block-10f7b9da\">\n<figure class=\"wp-block-image size-full\"><img loading=\"lazy\" decoding=\"async\" width=\"500\" height=\"500\" src=\"https:\/\/onlinepharm.eu\/wp-content\/uploads\/2024\/09\/Weightloss-fatloss-1.png\" alt=\"Gewichtsabnahme und Fettabbau\" class=\"wp-image-1818\" srcset=\"https:\/\/onlinepharm.eu\/wp-content\/uploads\/2024\/09\/Weightloss-fatloss-1.png 500w, https:\/\/onlinepharm.eu\/wp-content\/uploads\/2024\/09\/Weightloss-fatloss-1-300x300.png 300w, https:\/\/onlinepharm.eu\/wp-content\/uploads\/2024\/09\/Weightloss-fatloss-1-150x150.png 150w, https:\/\/onlinepharm.eu\/wp-content\/uploads\/2024\/09\/Weightloss-fatloss-1-12x12.png 12w, https:\/\/onlinepharm.eu\/wp-content\/uploads\/2024\/09\/Weightloss-fatloss-1-100x100.png 100w, https:\/\/onlinepharm.eu\/wp-content\/uploads\/2024\/09\/Weightloss-fatloss-1-200x200.png 200w\" sizes=\"auto, (max-width: 500px) 100vw, 500px\" \/><\/figure>\n<\/div>\n\n\n\n<div class=\"wp-block-uagb-container uagb-block-c781fece\">\n<figure class=\"wp-block-image size-large\"><img loading=\"lazy\" decoding=\"async\" width=\"1024\" height=\"538\" src=\"https:\/\/onlinepharm.eu\/wp-content\/uploads\/2025\/03\/mounjaro-logo-medisch-afvallen-body-clinic_0-2048x1075-1-1024x538.jpg\" alt=\"Mounjaro Injektion\" class=\"wp-image-2280\" srcset=\"https:\/\/onlinepharm.eu\/wp-content\/uploads\/2025\/03\/mounjaro-logo-medisch-afvallen-body-clinic_0-2048x1075-1-1024x538.jpg 1024w, https:\/\/onlinepharm.eu\/wp-content\/uploads\/2025\/03\/mounjaro-logo-medisch-afvallen-body-clinic_0-2048x1075-1-300x157.jpg 300w, https:\/\/onlinepharm.eu\/wp-content\/uploads\/2025\/03\/mounjaro-logo-medisch-afvallen-body-clinic_0-2048x1075-1-768x403.jpg 768w, https:\/\/onlinepharm.eu\/wp-content\/uploads\/2025\/03\/mounjaro-logo-medisch-afvallen-body-clinic_0-2048x1075-1-1536x806.jpg 1536w, https:\/\/onlinepharm.eu\/wp-content\/uploads\/2025\/03\/mounjaro-logo-medisch-afvallen-body-clinic_0-2048x1075-1-18x9.jpg 18w, https:\/\/onlinepharm.eu\/wp-content\/uploads\/2025\/03\/mounjaro-logo-medisch-afvallen-body-clinic_0-2048x1075-1-600x315.jpg 600w, https:\/\/onlinepharm.eu\/wp-content\/uploads\/2025\/03\/mounjaro-logo-medisch-afvallen-body-clinic_0-2048x1075-1.jpg 2048w\" sizes=\"auto, (max-width: 1024px) 100vw, 1024px\" \/><\/figure>\n<\/div>\n\n\n\n<div class=\"wp-block-uagb-container uagb-block-127663c4\">\n<figure class=\"wp-block-image size-full\"><img loading=\"lazy\" decoding=\"async\" width=\"512\" height=\"512\" src=\"https:\/\/onlinepharm.eu\/wp-content\/uploads\/2024\/07\/cropped-losing-weight-for-no-reason.avif\" alt=\"Ozempic comprar\" class=\"wp-image-1800\" srcset=\"https:\/\/onlinepharm.eu\/wp-content\/uploads\/2024\/07\/cropped-losing-weight-for-no-reason.avif 512w, https:\/\/onlinepharm.eu\/wp-content\/uploads\/2024\/07\/cropped-losing-weight-for-no-reason-300x300.avif 300w, https:\/\/onlinepharm.eu\/wp-content\/uploads\/2024\/07\/cropped-losing-weight-for-no-reason-150x150.avif 150w, https:\/\/onlinepharm.eu\/wp-content\/uploads\/2024\/07\/cropped-losing-weight-for-no-reason-12x12.avif 12w, https:\/\/onlinepharm.eu\/wp-content\/uploads\/2024\/07\/cropped-losing-weight-for-no-reason-100x100.avif 100w, https:\/\/onlinepharm.eu\/wp-content\/uploads\/2024\/07\/cropped-losing-weight-for-no-reason-270x270.avif 270w, https:\/\/onlinepharm.eu\/wp-content\/uploads\/2024\/07\/cropped-losing-weight-for-no-reason-192x192.avif 192w, https:\/\/onlinepharm.eu\/wp-content\/uploads\/2024\/07\/cropped-losing-weight-for-no-reason-180x180.avif 180w, https:\/\/onlinepharm.eu\/wp-content\/uploads\/2024\/07\/cropped-losing-weight-for-no-reason-32x32.avif 32w\" sizes=\"auto, (max-width: 512px) 100vw, 512px\" \/><\/figure>\n<\/div>\n<\/div><\/div>\n\n\n\n<p><\/p>","protected":false},"excerpt":{"rendered":"<p>Mounjaro Injection What is Mounjaro? Mounjaro is a brand name for the drug Tirzepatide. It is used to treat type [&hellip;]<\/p>","protected":false},"author":1,"featured_media":0,"parent":0,"menu_order":0,"comment_status":"closed","ping_status":"closed","template":"","meta":{"_uag_custom_page_level_css":"","site-sidebar-layout":"default","site-content-layout":"","ast-site-content-layout":"","site-content-style":"default","site-sidebar-style":"default","ast-global-header-display":"","ast-banner-title-visibility":"","ast-main-header-display":"","ast-hfb-above-header-display":"","ast-hfb-below-header-display":"","ast-hfb-mobile-header-display":"","site-post-title":"disabled","ast-breadcrumbs-content":"","ast-featured-img":"","footer-sml-layout":"","theme-transparent-header-meta":"","adv-header-id-meta":"","stick-header-meta":"","header-above-stick-meta":"","header-main-stick-meta":"","header-below-stick-meta":"","astra-migrate-meta-layouts":"default","ast-page-background-enabled":"default","ast-page-background-meta":{"desktop":{"background-color":"var(--ast-global-color-4)","background-image":"","background-repeat":"repeat","background-position":"center center","background-size":"auto","background-attachment":"scroll","background-type":"","background-media":"","overlay-type":"","overlay-color":"","overlay-opacity":"","overlay-gradient":""},"tablet":{"background-color":"","background-image":"","background-repeat":"repeat","background-position":"center center","background-size":"auto","background-attachment":"scroll","background-type":"","background-media":"","overlay-type":"","overlay-color":"","overlay-opacity":"","overlay-gradient":""},"mobile":{"background-color":"","background-image":"","background-repeat":"repeat","background-position":"center center","background-size":"auto","background-attachment":"scroll","background-type":"","background-media":"","overlay-type":"","overlay-color":"","overlay-opacity":"","overlay-gradient":""}},"ast-content-background-meta":{"desktop":{"background-color":"var(--ast-global-color-5)","background-image":"","background-repeat":"repeat","background-position":"center center","background-size":"auto","background-attachment":"scroll","background-type":"","background-media":"","overlay-type":"","overlay-color":"","overlay-opacity":"","overlay-gradient":""},"tablet":{"background-color":"var(--ast-global-color-5)","background-image":"","background-repeat":"repeat","background-position":"center center","background-size":"auto","background-attachment":"scroll","background-type":"","background-media":"","overlay-type":"","overlay-color":"","overlay-opacity":"","overlay-gradient":""},"mobile":{"background-color":"var(--ast-global-color-5)","background-image":"","background-repeat":"repeat","background-position":"center center","background-size":"auto","background-attachment":"scroll","background-type":"","background-media":"","overlay-type":"","overlay-color":"","overlay-opacity":"","overlay-gradient":""}},"footnotes":""},"class_list":["post-2278","page","type-page","status-publish","hentry"],"uagb_featured_image_src":{"full":false,"thumbnail":false,"medium":false,"medium_large":false,"large":false,"1536x1536":false,"2048x2048":false,"trp-custom-language-flag":false,"woocommerce_thumbnail":false,"woocommerce_single":false,"woocommerce_gallery_thumbnail":false},"uagb_author_info":{"display_name":"weightandfat","author_link":"https:\/\/onlinepharm.eu\/de\/author\/weightandfat\/"},"uagb_comment_info":0,"uagb_excerpt":"Mounjaro Injection What is Mounjaro? Mounjaro is a brand name for the drug Tirzepatide. It is used to treat type [&hellip;]","_links":{"self":[{"href":"https:\/\/onlinepharm.eu\/de\/wp-json\/wp\/v2\/pages\/2278","targetHints":{"allow":["GET"]}}],"collection":[{"href":"https:\/\/onlinepharm.eu\/de\/wp-json\/wp\/v2\/pages"}],"about":[{"href":"https:\/\/onlinepharm.eu\/de\/wp-json\/wp\/v2\/types\/page"}],"author":[{"embeddable":true,"href":"https:\/\/onlinepharm.eu\/de\/wp-json\/wp\/v2\/users\/1"}],"replies":[{"embeddable":true,"href":"https:\/\/onlinepharm.eu\/de\/wp-json\/wp\/v2\/comments?post=2278"}],"version-history":[{"count":0,"href":"https:\/\/onlinepharm.eu\/de\/wp-json\/wp\/v2\/pages\/2278\/revisions"}],"wp:attachment":[{"href":"https:\/\/onlinepharm.eu\/de\/wp-json\/wp\/v2\/media?parent=2278"}],"curies":[{"name":"wp","href":"https:\/\/api.w.org\/{rel}","templated":true}]}}